{"id":877,"date":"2022-02-17T13:14:09","date_gmt":"2022-02-17T13:14:09","guid":{"rendered":"https:\/\/james.com.ec\/?page_id=877"},"modified":"2022-02-17T15:05:49","modified_gmt":"2022-02-17T15:05:49","slug":"uniformes","status":"publish","type":"page","link":"https:\/\/james.com.ec\/?page_id=877","title":{"rendered":"Uniformes"},"content":{"rendered":"\t\t<div data-elementor-type=\"wp-page\" data-elementor-id=\"877\" class=\"elementor elementor-877\" data-elementor-settings=\"[]\">\n\t\t\t\t\t\t\t<div class=\"elementor-section-wrap\">\n\t\t\t\t\t\t\t<section class=\"elementor-section elementor-top-section elementor-element elementor-element-44a34ca3 elementor-section-boxed elementor-section-height-default elementor-section-height-default\" data-id=\"44a34ca3\" data-element_type=\"section\" data-settings=\"{&quot;background_background&quot;:&quot;classic&quot;}\">\n\t\t\t\t\t\t\t<div class=\"elementor-background-overlay\"><\/div>\n\t\t\t\t\t\t\t<div class=\"elementor-container elementor-column-gap-default\">\n\t\t\t\t\t<div class=\"elementor-column elementor-col-50 elementor-top-column elementor-element elementor-element-72414e60\" data-id=\"72414e60\" data-element_type=\"column\">\n\t\t\t<div class=\"elementor-widget-wrap elementor-element-populated\">\n\t\t\t\t\t\t\t\t<div class=\"elementor-element elementor-element-6b987394 elementor-widget elementor-widget-heading\" data-id=\"6b987394\" data-element_type=\"widget\" data-widget_type=\"heading.default\">\n\t\t\t\t<div class=\"elementor-widget-container\">\n\t\t\t<h1 class=\"elementor-heading-title elementor-size-default\">Uniformes<\/h1>\t\t<\/div>\n\t\t\t\t<\/div>\n\t\t\t\t\t<\/div>\n\t\t<\/div>\n\t\t\t\t<div class=\"elementor-column elementor-col-50 elementor-top-column elementor-element elementor-element-4dcdf1cf\" data-id=\"4dcdf1cf\" data-element_type=\"column\">\n\t\t\t<div class=\"elementor-widget-wrap\">\n\t\t\t\t\t\t\t\t\t<\/div>\n\t\t<\/div>\n\t\t\t\t\t\t\t<\/div>\n\t\t<\/section>\n\t\t\t\t<section class=\"elementor-section elementor-top-section elementor-element elementor-element-68904953 elementor-section-boxed elementor-section-height-default elementor-section-height-default\" data-id=\"68904953\" data-element_type=\"section\">\n\t\t\t\t\t\t<div class=\"elementor-container elementor-column-gap-default\">\n\t\t\t\t\t<div class=\"elementor-column elementor-col-100 elementor-top-column elementor-element elementor-element-36c6e351\" data-id=\"36c6e351\" data-element_type=\"column\">\n\t\t\t<div class=\"elementor-widget-wrap\">\n\t\t\t\t\t\t\t\t\t<\/div>\n\t\t<\/div>\n\t\t\t\t\t\t\t<\/div>\n\t\t<\/section>\n\t\t\t\t<section class=\"elementor-section elementor-top-section elementor-element elementor-element-3d3497fb elementor-section-boxed elementor-section-height-default elementor-section-height-default\" data-id=\"3d3497fb\" data-element_type=\"section\" data-settings=\"{&quot;background_background&quot;:&quot;classic&quot;}\">\n\t\t\t\t\t\t<div class=\"elementor-container elementor-column-gap-default\">\n\t\t\t\t\t<div class=\"elementor-column elementor-col-50 elementor-top-column elementor-element elementor-element-43579714\" data-id=\"43579714\" data-element_type=\"column\">\n\t\t\t<div class=\"elementor-widget-wrap elementor-element-populated\">\n\t\t\t\t\t\t\t\t<div class=\"elementor-element elementor-element-2de32dda elementor-absolute elementor-widget elementor-widget-image\" data-id=\"2de32dda\" data-element_type=\"widget\" data-settings=\"{&quot;_position&quot;:&quot;absolute&quot;}\" data-widget_type=\"image.default\">\n\t\t\t\t<div class=\"elementor-widget-container\">\n\t\t\t\t\t<div class=\"elementor-image\">\n\t\t\t\t\t\t\t\t\t\t<img width=\"318\" height=\"398\" src=\"https:\/\/james.com.ec\/wp-content\/uploads\/2021\/02\/dot-aksen.png\" class=\"attachment-full size-full\" alt=\"\" srcset=\"https:\/\/james.com.ec\/wp-content\/uploads\/2021\/02\/dot-aksen.png 318w, https:\/\/james.com.ec\/wp-content\/uploads\/2021\/02\/dot-aksen-240x300.png 240w\" sizes=\"(max-width: 318px) 100vw, 318px\" \/>\t\t\t\t\t\t\t\t\t\t\t<\/div>\n\t\t\t\t<\/div>\n\t\t\t\t<\/div>\n\t\t\t\t<div class=\"elementor-element elementor-element-2d4ce336 elementor-widget elementor-widget-image\" data-id=\"2d4ce336\" data-element_type=\"widget\" data-widget_type=\"image.default\">\n\t\t\t\t<div class=\"elementor-widget-container\">\n\t\t\t\t\t<div class=\"elementor-image\">\n\t\t\t\t\t\t\t\t\t\t<img src=\"https:\/\/james.com.ec\/wp-content\/uploads\/elementor\/thumbs\/guayaquil-bachiller-pkrw8u4ni7ft5nri7tps1h0auog1iq3wf1kqydtcuc.jpg\" title=\"guayaquil-bachiller\" alt=\"guayaquil-bachiller\" \/>\t\t\t\t\t\t\t\t\t\t\t<\/div>\n\t\t\t\t<\/div>\n\t\t\t\t<\/div>\n\t\t\t\t<div class=\"elementor-element elementor-element-61ff1949 elementor-widget__width-initial elementor-widget elementor-widget-heading\" data-id=\"61ff1949\" data-element_type=\"widget\" data-widget_type=\"heading.default\">\n\t\t\t\t<div class=\"elementor-widget-container\">\n\t\t\t<h3 class=\"elementor-heading-title elementor-size-default\">Educamos para la vida<\/h3>\t\t<\/div>\n\t\t\t\t<\/div>\n\t\t\t\t<div class=\"elementor-element elementor-element-1047ca4b elementor-widget__width-initial elementor-hidden-phone elementor-widget elementor-widget-spacer\" data-id=\"1047ca4b\" data-element_type=\"widget\" data-widget_type=\"spacer.default\">\n\t\t\t\t<div class=\"elementor-widget-container\">\n\t\t\t\t\t<div class=\"elementor-spacer\">\n\t\t\t<div class=\"elementor-spacer-inner\"><\/div>\n\t\t<\/div>\n\t\t\t\t<\/div>\n\t\t\t\t<\/div>\n\t\t\t\t\t<\/div>\n\t\t<\/div>\n\t\t\t\t<div class=\"elementor-column elementor-col-50 elementor-top-column elementor-element elementor-element-5748294\" data-id=\"5748294\" data-element_type=\"column\">\n\t\t\t<div class=\"elementor-widget-wrap elementor-element-populated\">\n\t\t\t\t\t\t\t\t<div class=\"elementor-element elementor-element-059479b elementor-widget elementor-widget-spacer\" data-id=\"059479b\" data-element_type=\"widget\" data-widget_type=\"spacer.default\">\n\t\t\t\t<div class=\"elementor-widget-container\">\n\t\t\t\t\t<div class=\"elementor-spacer\">\n\t\t\t<div class=\"elementor-spacer-inner\"><\/div>\n\t\t<\/div>\n\t\t\t\t<\/div>\n\t\t\t\t<\/div>\n\t\t\t\t<div class=\"elementor-element elementor-element-7d603071 elementor-widget elementor-widget-heading\" data-id=\"7d603071\" data-element_type=\"widget\" data-widget_type=\"heading.default\">\n\t\t\t\t<div class=\"elementor-widget-container\">\n\t\t\t<h5 class=\"elementor-heading-title elementor-size-default\">Nuestros uniformes<\/h5>\t\t<\/div>\n\t\t\t\t<\/div>\n\t\t\t\t<div class=\"elementor-element elementor-element-6ad7abfb elementor-widget elementor-widget-text-editor\" data-id=\"6ad7abfb\" data-element_type=\"widget\" data-widget_type=\"text-editor.default\">\n\t\t\t\t<div class=\"elementor-widget-container\">\n\t\t\t\t\t<div class=\"elementor-text-editor elementor-clearfix\"><p>En lo que corresponde al uniforme y la presentaci\u00f3n personal del estudiante consideramos que toda la comunidad educativa debe, portar con sobriedad y respeto el uniforme, siendo el distintivo, por lo cual, debe llevarse dignamente, dentro y fuera del plantel, utilizar debidamente el uniforme correspondiente el d\u00eda s\u00e1bado, especialmente en momentos c\u00edvicos y en eventos que se realicen dentro y fuera de la instituci\u00f3n; el uso del uniforme es exclusivo para las actividades escolares, conservar un aseo personal acorde con su dignidad de estudiante. Pantal\u00f3n jeans , tanto para hombres y mujeres.<\/p><\/div>\n\t\t\t\t<\/div>\n\t\t\t\t<\/div>\n\t\t\t\t\t<\/div>\n\t\t<\/div>\n\t\t\t\t\t\t\t<\/div>\n\t\t<\/section>\n\t\t\t\t<section class=\"elementor-section elementor-top-section elementor-element elementor-element-5e85203 elementor-section-boxed elementor-section-height-default elementor-section-height-default\" data-id=\"5e85203\" data-element_type=\"section\">\n\t\t\t\t\t\t<div class=\"elementor-container elementor-column-gap-default\">\n\t\t\t\t\t<div class=\"elementor-column elementor-col-100 elementor-top-column elementor-element elementor-element-83917b6\" data-id=\"83917b6\" data-element_type=\"column\">\n\t\t\t<div class=\"elementor-widget-wrap\">\n\t\t\t\t\t\t\t\t\t<\/div>\n\t\t<\/div>\n\t\t\t\t\t\t\t<\/div>\n\t\t<\/section>\n\t\t\t\t<section class=\"elementor-section elementor-top-section elementor-element elementor-element-73693e5 elementor-section-boxed elementor-section-height-default elementor-section-height-default\" data-id=\"73693e5\" data-element_type=\"section\">\n\t\t\t\t\t\t<div class=\"elementor-container elementor-column-gap-default\">\n\t\t\t\t\t<div class=\"elementor-column elementor-col-100 elementor-top-column elementor-element elementor-element-75071106\" data-id=\"75071106\" data-element_type=\"column\">\n\t\t\t<div class=\"elementor-widget-wrap elementor-element-populated\">\n\t\t\t\t\t\t\t\t<section class=\"elementor-section elementor-inner-section elementor-element elementor-element-759f1f0d elementor-section-boxed elementor-section-height-default elementor-section-height-default\" data-id=\"759f1f0d\" data-element_type=\"section\" data-settings=\"{&quot;background_background&quot;:&quot;classic&quot;}\">\n\t\t\t\t\t\t<div class=\"elementor-container elementor-column-gap-default\">\n\t\t\t\t\t<div class=\"elementor-column elementor-col-66 elementor-inner-column elementor-element elementor-element-3749e1a0\" data-id=\"3749e1a0\" data-element_type=\"column\">\n\t\t\t<div class=\"elementor-widget-wrap elementor-element-populated\">\n\t\t\t\t\t\t\t\t<div class=\"elementor-element elementor-element-21abe3b4 elementor-widget elementor-widget-heading\" data-id=\"21abe3b4\" data-element_type=\"widget\" data-widget_type=\"heading.default\">\n\t\t\t\t<div class=\"elementor-widget-container\">\n\t\t\t<h5 class=\"elementor-heading-title elementor-size-default\">Nuestros uniformes<\/h5>\t\t<\/div>\n\t\t\t\t<\/div>\n\t\t\t\t\t<\/div>\n\t\t<\/div>\n\t\t\t\t<div class=\"elementor-column elementor-col-33 elementor-inner-column elementor-element elementor-element-2b554\" data-id=\"2b554\" data-element_type=\"column\">\n\t\t\t<div class=\"elementor-widget-wrap\">\n\t\t\t\t\t\t\t\t\t<\/div>\n\t\t<\/div>\n\t\t\t\t\t\t\t<\/div>\n\t\t<\/section>\n\t\t\t\t\t<\/div>\n\t\t<\/div>\n\t\t\t\t\t\t\t<\/div>\n\t\t<\/section>\n\t\t\t\t<section class=\"elementor-section elementor-top-section elementor-element elementor-element-1fffa483 elementor-section-boxed elementor-section-height-default elementor-section-height-default\" data-id=\"1fffa483\" data-element_type=\"section\" data-settings=\"{&quot;background_background&quot;:&quot;classic&quot;}\">\n\t\t\t\t\t\t<div class=\"elementor-container elementor-column-gap-default\">\n\t\t\t\t\t<div class=\"elementor-column elementor-col-100 elementor-top-column elementor-element elementor-element-43dd1866\" data-id=\"43dd1866\" data-element_type=\"column\">\n\t\t\t<div class=\"elementor-widget-wrap elementor-element-populated\">\n\t\t\t\t\t\t\t\t<section class=\"elementor-section elementor-inner-section elementor-element elementor-element-1ce7cbc2 elementor-section-boxed elementor-section-height-default elementor-section-height-default\" data-id=\"1ce7cbc2\" data-element_type=\"section\">\n\t\t\t\t\t\t<div class=\"elementor-container elementor-column-gap-default\">\n\t\t\t\t\t<div class=\"elementor-column elementor-col-50 elementor-inner-column elementor-element elementor-element-502c9541\" data-id=\"502c9541\" data-element_type=\"column\">\n\t\t\t<div class=\"elementor-widget-wrap elementor-element-populated\">\n\t\t\t\t\t\t\t\t<div class=\"elementor-element elementor-element-342ca537 pp-info-box-right elementor-widget elementor-widget-pp-info-box\" data-id=\"342ca537\" data-element_type=\"widget\" data-settings=\"{&quot;icon_position&quot;:&quot;right&quot;}\" data-widget_type=\"pp-info-box.default\">\n\t\t\t\t<div class=\"elementor-widget-container\">\n\t\t\t\t\t<div class=\"pp-info-box-container\">\n\t\t<div class=\"pp-info-box\">\n\t\t\t\t\t\t\t<div class=\"pp-info-box-icon-wrap\">\n\t\t\t\t\t\t\t\t\t\t\t\t<span class=\"pp-info-box-icon pp-icon\">\n\t\t\t\t\t<\/span>\n\t\t\t\t\t\t\t\t\t\t\t<\/div>\n\t\t\t\t\t\t<div class=\"pp-info-box-content\">\n\t\t\t\t<div class=\"pp-info-box-title-wrap\">\n\t\t\t\t\t\t\t\t\t\t\t<div class=\"pp-info-box-title-container\" >\n\t\t\t\t\t\t\t<h4 class=\"pp-info-box-title\">\n\t\t\t\t\t\t\t\tPantal\u00f3n\t\t\t\t\t\t\t<\/h4>\n\t\t\t\t\t\t<\/div>\n\t\t\t\t\t\t\t\t\t\t<\/div>\n\n\t\t\t\t\n\t\t\t\t\t\t\t\t\t<div class=\"pp-info-box-description\">\n\t\t\t\t\t\t<p>Pantal\u00f3n jeans , tanto para hombres y mujeres.<\/p>\t\t\t\t\t<\/div>\n\t\t\t\t\t\t\t\t\t\t\t<\/div>\n\t\t<\/div>\n\t\t<\/div>\n\t\t\t\t<\/div>\n\t\t\t\t<\/div>\n\t\t\t\t\t<\/div>\n\t\t<\/div>\n\t\t\t\t<div class=\"elementor-column elementor-col-50 elementor-inner-column elementor-element elementor-element-2fb4c0ea\" data-id=\"2fb4c0ea\" data-element_type=\"column\">\n\t\t\t<div class=\"elementor-widget-wrap elementor-element-populated\">\n\t\t\t\t\t\t\t\t<div class=\"elementor-element elementor-element-3a1091bd pp-info-box-right elementor-widget elementor-widget-pp-info-box\" data-id=\"3a1091bd\" data-element_type=\"widget\" data-settings=\"{&quot;icon_position&quot;:&quot;right&quot;}\" data-widget_type=\"pp-info-box.default\">\n\t\t\t\t<div class=\"elementor-widget-container\">\n\t\t\t\t\t<div class=\"pp-info-box-container\">\n\t\t<div class=\"pp-info-box\">\n\t\t\t\t\t\t\t<div class=\"pp-info-box-icon-wrap\">\n\t\t\t\t\t\t\t\t\t\t\t\t<span class=\"pp-info-box-icon pp-icon\">\n\t\t\t\t\t<\/span>\n\t\t\t\t\t\t\t\t\t\t\t<\/div>\n\t\t\t\t\t\t<div class=\"pp-info-box-content\">\n\t\t\t\t<div class=\"pp-info-box-title-wrap\">\n\t\t\t\t\t\t\t\t\t\t\t<div class=\"pp-info-box-title-container\" >\n\t\t\t\t\t\t\t<h4 class=\"pp-info-box-title\">\n\t\t\t\t\t\t\t\tCamiseta\t\t\t\t\t\t\t<\/h4>\n\t\t\t\t\t\t<\/div>\n\t\t\t\t\t\t\t\t\t\t<\/div>\n\n\t\t\t\t\n\t\t\t\t\t\t\t\t\t<div class=\"pp-info-box-description\">\n\t\t\t\t\t\t<p>Camiseta polo bordada con el logo de la instituci\u00f3n<\/p>\t\t\t\t\t<\/div>\n\t\t\t\t\t\t\t\t\t\t\t<\/div>\n\t\t<\/div>\n\t\t<\/div>\n\t\t\t\t<\/div>\n\t\t\t\t<\/div>\n\t\t\t\t\t<\/div>\n\t\t<\/div>\n\t\t\t\t\t\t\t<\/div>\n\t\t<\/section>\n\t\t\t\t\t<\/div>\n\t\t<\/div>\n\t\t\t\t\t\t\t<\/div>\n\t\t<\/section>\n\t\t\t\t\t\t<\/div>\n\t\t\t\t\t<\/div>\n\t\t","protected":false},"excerpt":{"rendered":"<p>Uniformes Educamos para la vida Nuestros uniformes En lo que corresponde al uniforme y la presentaci\u00f3n personal del estudiante consideramos que toda la comunidad educativa debe, portar con sobriedad y respeto el uniforme, siendo el distintivo, por lo cual, debe llevarse dignamente, dentro y fuera del plantel, utilizar debidamente el uniforme correspondiente el d\u00eda s\u00e1bado, [&hellip;]<\/p>\n","protected":false},"author":1,"featured_media":0,"parent":0,"menu_order":0,"comment_status":"closed","ping_status":"closed","template":"elementor_header_footer","meta":[],"yoast_head":"<!-- This site is optimized with the Yoast SEO plugin v18.1 - https:\/\/yoast.com\/wordpress\/plugins\/seo\/ -->\n<title>Uniformes - Boos<\/title>\n<meta name=\"robots\" content=\"index, follow, max-snippet:-1, max-image-preview:large, max-video-preview:-1\" \/>\n<link rel=\"canonical\" href=\"https:\/\/james.com.ec\/?page_id=877\" \/>\n<meta property=\"og:locale\" content=\"en_US\" \/>\n<meta property=\"og:type\" content=\"article\" \/>\n<meta property=\"og:title\" content=\"Uniformes - Boos\" \/>\n<meta property=\"og:description\" content=\"Uniformes Educamos para la vida Nuestros uniformes En lo que corresponde al uniforme y la presentaci\u00f3n personal del estudiante consideramos que toda la comunidad educativa debe, portar con sobriedad y respeto el uniforme, siendo el distintivo, por lo cual, debe llevarse dignamente, dentro y fuera del plantel, utilizar debidamente el uniforme correspondiente el d\u00eda s\u00e1bado, [&hellip;]\" \/>\n<meta property=\"og:url\" content=\"https:\/\/james.com.ec\/?page_id=877\" \/>\n<meta property=\"og:site_name\" content=\"Boos\" \/>\n<meta property=\"article:modified_time\" content=\"2022-02-17T15:05:49+00:00\" \/>\n<meta property=\"og:image\" content=\"https:\/\/james.com.ec\/wp-content\/uploads\/2021\/02\/dot-aksen.png\" \/>\n<meta name=\"twitter:card\" content=\"summary_large_image\" \/>\n<meta name=\"twitter:label1\" content=\"Est. reading time\" \/>\n\t<meta name=\"twitter:data1\" content=\"1 minute\" \/>\n<script type=\"application\/ld+json\" class=\"yoast-schema-graph\">{\"@context\":\"https:\/\/schema.org\",\"@graph\":[{\"@type\":\"WebSite\",\"@id\":\"https:\/\/james.com.ec\/#website\",\"url\":\"https:\/\/james.com.ec\/\",\"name\":\"Boos\",\"description\":\"Just another Template Kit 2 Sites site\",\"potentialAction\":[{\"@type\":\"SearchAction\",\"target\":{\"@type\":\"EntryPoint\",\"urlTemplate\":\"https:\/\/james.com.ec\/?s={search_term_string}\"},\"query-input\":\"required name=search_term_string\"}],\"inLanguage\":\"en-US\"},{\"@type\":\"ImageObject\",\"@id\":\"https:\/\/james.com.ec\/?page_id=877#primaryimage\",\"inLanguage\":\"en-US\",\"url\":\"https:\/\/james.com.ec\/wp-content\/uploads\/2021\/02\/dot-aksen.png\",\"contentUrl\":\"https:\/\/james.com.ec\/wp-content\/uploads\/2021\/02\/dot-aksen.png\",\"width\":318,\"height\":398},{\"@type\":\"WebPage\",\"@id\":\"https:\/\/james.com.ec\/?page_id=877#webpage\",\"url\":\"https:\/\/james.com.ec\/?page_id=877\",\"name\":\"Uniformes - Boos\",\"isPartOf\":{\"@id\":\"https:\/\/james.com.ec\/#website\"},\"primaryImageOfPage\":{\"@id\":\"https:\/\/james.com.ec\/?page_id=877#primaryimage\"},\"datePublished\":\"2022-02-17T13:14:09+00:00\",\"dateModified\":\"2022-02-17T15:05:49+00:00\",\"breadcrumb\":{\"@id\":\"https:\/\/james.com.ec\/?page_id=877#breadcrumb\"},\"inLanguage\":\"en-US\",\"potentialAction\":[{\"@type\":\"ReadAction\",\"target\":[\"https:\/\/james.com.ec\/?page_id=877\"]}]},{\"@type\":\"BreadcrumbList\",\"@id\":\"https:\/\/james.com.ec\/?page_id=877#breadcrumb\",\"itemListElement\":[{\"@type\":\"ListItem\",\"position\":1,\"name\":\"Home\",\"item\":\"https:\/\/james.com.ec\/\"},{\"@type\":\"ListItem\",\"position\":2,\"name\":\"Uniformes\"}]}]}<\/script>\n<!-- \/ Yoast SEO plugin. -->","yoast_head_json":{"title":"Uniformes - Boos","robots":{"index":"index","follow":"follow","max-snippet":"max-snippet:-1","max-image-preview":"max-image-preview:large","max-video-preview":"max-video-preview:-1"},"canonical":"https:\/\/james.com.ec\/?page_id=877","og_locale":"en_US","og_type":"article","og_title":"Uniformes - Boos","og_description":"Uniformes Educamos para la vida Nuestros uniformes En lo que corresponde al uniforme y la presentaci\u00f3n personal del estudiante consideramos que toda la comunidad educativa debe, portar con sobriedad y respeto el uniforme, siendo el distintivo, por lo cual, debe llevarse dignamente, dentro y fuera del plantel, utilizar debidamente el uniforme correspondiente el d\u00eda s\u00e1bado, [&hellip;]","og_url":"https:\/\/james.com.ec\/?page_id=877","og_site_name":"Boos","article_modified_time":"2022-02-17T15:05:49+00:00","og_image":[{"url":"https:\/\/james.com.ec\/wp-content\/uploads\/2021\/02\/dot-aksen.png"}],"twitter_card":"summary_large_image","twitter_misc":{"Est. reading time":"1 minute"},"schema":{"@context":"https:\/\/schema.org","@graph":[{"@type":"WebSite","@id":"https:\/\/james.com.ec\/#website","url":"https:\/\/james.com.ec\/","name":"Boos","description":"Just another Template Kit 2 Sites site","potentialAction":[{"@type":"SearchAction","target":{"@type":"EntryPoint","urlTemplate":"https:\/\/james.com.ec\/?s={search_term_string}"},"query-input":"required name=search_term_string"}],"inLanguage":"en-US"},{"@type":"ImageObject","@id":"https:\/\/james.com.ec\/?page_id=877#primaryimage","inLanguage":"en-US","url":"https:\/\/james.com.ec\/wp-content\/uploads\/2021\/02\/dot-aksen.png","contentUrl":"https:\/\/james.com.ec\/wp-content\/uploads\/2021\/02\/dot-aksen.png","width":318,"height":398},{"@type":"WebPage","@id":"https:\/\/james.com.ec\/?page_id=877#webpage","url":"https:\/\/james.com.ec\/?page_id=877","name":"Uniformes - Boos","isPartOf":{"@id":"https:\/\/james.com.ec\/#website"},"primaryImageOfPage":{"@id":"https:\/\/james.com.ec\/?page_id=877#primaryimage"},"datePublished":"2022-02-17T13:14:09+00:00","dateModified":"2022-02-17T15:05:49+00:00","breadcrumb":{"@id":"https:\/\/james.com.ec\/?page_id=877#breadcrumb"},"inLanguage":"en-US","potentialAction":[{"@type":"ReadAction","target":["https:\/\/james.com.ec\/?page_id=877"]}]},{"@type":"BreadcrumbList","@id":"https:\/\/james.com.ec\/?page_id=877#breadcrumb","itemListElement":[{"@type":"ListItem","position":1,"name":"Home","item":"https:\/\/james.com.ec\/"},{"@type":"ListItem","position":2,"name":"Uniformes"}]}]}},"_links":{"self":[{"href":"https:\/\/james.com.ec\/index.php?rest_route=\/wp\/v2\/pages\/877"}],"collection":[{"href":"https:\/\/james.com.ec\/index.php?rest_route=\/wp\/v2\/pages"}],"about":[{"href":"https:\/\/james.com.ec\/index.php?rest_route=\/wp\/v2\/types\/page"}],"author":[{"embeddable":true,"href":"https:\/\/james.com.ec\/index.php?rest_route=\/wp\/v2\/users\/1"}],"replies":[{"embeddable":true,"href":"https:\/\/james.com.ec\/index.php?rest_route=%2Fwp%2Fv2%2Fcomments&post=877"}],"version-history":[{"count":22,"href":"https:\/\/james.com.ec\/index.php?rest_route=\/wp\/v2\/pages\/877\/revisions"}],"predecessor-version":[{"id":1060,"href":"https:\/\/james.com.ec\/index.php?rest_route=\/wp\/v2\/pages\/877\/revisions\/1060"}],"wp:attachment":[{"href":"https:\/\/james.com.ec\/index.php?rest_route=%2Fwp%2Fv2%2Fmedia&parent=877"}],"curies":[{"name":"wp","href":"https:\/\/api.w.org\/{rel}","templated":true}]}}