{"id":875,"date":"2022-02-17T13:13:54","date_gmt":"2022-02-17T13:13:54","guid":{"rendered":"https:\/\/james.com.ec\/?page_id=875"},"modified":"2022-02-17T15:14:39","modified_gmt":"2022-02-17T15:14:39","slug":"recursos-de-pedagogia","status":"publish","type":"page","link":"https:\/\/james.com.ec\/?page_id=875","title":{"rendered":"Recursos pedag\u00f3gicos"},"content":{"rendered":"\t\t<div data-elementor-type=\"wp-page\" data-elementor-id=\"875\" class=\"elementor elementor-875\" data-elementor-settings=\"[]\">\n\t\t\t\t\t\t\t<div class=\"elementor-section-wrap\">\n\t\t\t\t\t\t\t<section class=\"elementor-section elementor-top-section elementor-element elementor-element-6e3fa4ab elementor-section-boxed elementor-section-height-default elementor-section-height-default\" data-id=\"6e3fa4ab\" data-element_type=\"section\" data-settings=\"{&quot;background_background&quot;:&quot;slideshow&quot;,&quot;background_slideshow_gallery&quot;:[{&quot;id&quot;:1006,&quot;url&quot;:&quot;https:\\\/\\\/james.com.ec\\\/wp-content\\\/uploads\\\/2022\\\/02\\\/educacion-a-distancia.jpg&quot;}],&quot;background_slideshow_ken_burns&quot;:&quot;yes&quot;,&quot;background_slideshow_loop&quot;:&quot;yes&quot;,&quot;background_slideshow_slide_duration&quot;:5000,&quot;background_slideshow_slide_transition&quot;:&quot;fade&quot;,&quot;background_slideshow_transition_duration&quot;:500,&quot;background_slideshow_ken_burns_zoom_direction&quot;:&quot;in&quot;}\">\n\t\t\t\t\t\t\t<div class=\"elementor-background-overlay\"><\/div>\n\t\t\t\t\t\t\t<div class=\"elementor-container elementor-column-gap-default\">\n\t\t\t\t\t<div class=\"elementor-column elementor-col-50 elementor-top-column elementor-element elementor-element-72b1c19e\" data-id=\"72b1c19e\" data-element_type=\"column\">\n\t\t\t<div class=\"elementor-widget-wrap elementor-element-populated\">\n\t\t\t\t\t\t\t\t<div class=\"elementor-element elementor-element-73295836 elementor-widget elementor-widget-heading\" data-id=\"73295836\" data-element_type=\"widget\" data-widget_type=\"heading.default\">\n\t\t\t\t<div class=\"elementor-widget-container\">\n\t\t\t<h1 class=\"elementor-heading-title elementor-size-default\">Recursos Pedag\u00f3gicos<\/h1>\t\t<\/div>\n\t\t\t\t<\/div>\n\t\t\t\t<div class=\"elementor-element elementor-element-5eae8569 elementor-widget__width-auto elementor-widget elementor-widget-button\" data-id=\"5eae8569\" data-element_type=\"widget\" data-widget_type=\"button.default\">\n\t\t\t\t<div class=\"elementor-widget-container\">\n\t\t\t\t\t<div class=\"elementor-button-wrapper\">\n\t\t\t<a href=\"https:\/\/james.com.ec\/?page_id=18\" class=\"elementor-button-link elementor-button elementor-size-md\" role=\"button\">\n\t\t\t\t\t\t<span class=\"elementor-button-content-wrapper\">\n\t\t\t\t\t\t<span class=\"elementor-button-text\">Plataforma Educativa<\/span>\n\t\t<\/span>\n\t\t\t\t\t<\/a>\n\t\t<\/div>\n\t\t\t\t<\/div>\n\t\t\t\t<\/div>\n\t\t\t\t<div class=\"elementor-element elementor-element-249d84c3 elementor-widget__width-auto elementor-widget elementor-widget-button\" data-id=\"249d84c3\" data-element_type=\"widget\" data-widget_type=\"button.default\">\n\t\t\t\t<div class=\"elementor-widget-container\">\n\t\t\t\t\t<div class=\"elementor-button-wrapper\">\n\t\t\t<a href=\"https:\/\/james.com.ec\/?page_id=20\" class=\"elementor-button-link elementor-button elementor-size-md\" role=\"button\">\n\t\t\t\t\t\t<span class=\"elementor-button-content-wrapper\">\n\t\t\t\t\t\t<span class=\"elementor-button-text\">Contacto<\/span>\n\t\t<\/span>\n\t\t\t\t\t<\/a>\n\t\t<\/div>\n\t\t\t\t<\/div>\n\t\t\t\t<\/div>\n\t\t\t\t\t<\/div>\n\t\t<\/div>\n\t\t\t\t<div class=\"elementor-column elementor-col-50 elementor-top-column elementor-element elementor-element-5489be93\" data-id=\"5489be93\" data-element_type=\"column\">\n\t\t\t<div class=\"elementor-widget-wrap\">\n\t\t\t\t\t\t\t\t\t<\/div>\n\t\t<\/div>\n\t\t\t\t\t\t\t<\/div>\n\t\t<\/section>\n\t\t\t\t<section class=\"elementor-section elementor-top-section elementor-element elementor-element-4ec34cb5 elementor-section-boxed elementor-section-height-default elementor-section-height-default\" data-id=\"4ec34cb5\" data-element_type=\"section\" data-settings=\"{&quot;background_background&quot;:&quot;classic&quot;}\">\n\t\t\t\t\t\t<div class=\"elementor-container elementor-column-gap-default\">\n\t\t\t\t\t<div class=\"elementor-column elementor-col-50 elementor-top-column elementor-element elementor-element-21427201\" data-id=\"21427201\" data-element_type=\"column\">\n\t\t\t<div class=\"elementor-widget-wrap elementor-element-populated\">\n\t\t\t\t\t\t\t\t<div class=\"elementor-element elementor-element-2d75cda5 elementor-widget elementor-widget-heading\" data-id=\"2d75cda5\" data-element_type=\"widget\" data-widget_type=\"heading.default\">\n\t\t\t\t<div class=\"elementor-widget-container\">\n\t\t\t<h5 class=\"elementor-heading-title elementor-size-default\">Recursos digitales<\/h5>\t\t<\/div>\n\t\t\t\t<\/div>\n\t\t\t\t<div class=\"elementor-element elementor-element-7e3247f8 elementor-widget elementor-widget-heading\" data-id=\"7e3247f8\" data-element_type=\"widget\" data-widget_type=\"heading.default\">\n\t\t\t\t<div class=\"elementor-widget-container\">\n\t\t\t<h3 class=\"elementor-heading-title elementor-size-default\">Moodle LMS de la Unidad Educativa PCEI \u201cJames Smithson\u201d<\/h3>\t\t<\/div>\n\t\t\t\t<\/div>\n\t\t\t\t<div class=\"elementor-element elementor-element-14789a09 elementor-widget elementor-widget-text-editor\" data-id=\"14789a09\" data-element_type=\"widget\" data-widget_type=\"text-editor.default\">\n\t\t\t\t<div class=\"elementor-widget-container\">\n\t\t\t\t\t<div class=\"elementor-text-editor elementor-clearfix\"><p>El sistema de gesti\u00f3n de aprendizaje de c\u00f3digo abierto m\u00e1s personalizable y confiable del mundo. Moodle LMS es el sistema de gesti\u00f3n de aprendizaje de c\u00f3digo abierto con caracter\u00edsticas inherentes de seguridad y privacidad que utilizan cientos de millones de estudiantes en todo el mundo. Dise\u00f1ado en colaboraci\u00f3n con la comunidad global de Moodle, Moodle LMS permite a los educadores de cualquier sector crear espacios en l\u00ednea flexibles, seguros, accesibles y muy atractivos para sus alumnos.<\/p><\/div>\n\t\t\t\t<\/div>\n\t\t\t\t<\/div>\n\t\t\t\t\t<\/div>\n\t\t<\/div>\n\t\t\t\t<div class=\"elementor-column elementor-col-50 elementor-top-column elementor-element elementor-element-4d8fe2aa\" data-id=\"4d8fe2aa\" data-element_type=\"column\">\n\t\t\t<div class=\"elementor-widget-wrap elementor-element-populated\">\n\t\t\t\t\t\t\t\t<div class=\"elementor-element elementor-element-4c8543e8 elementor-absolute elementor-widget elementor-widget-image\" data-id=\"4c8543e8\" data-element_type=\"widget\" data-settings=\"{&quot;_position&quot;:&quot;absolute&quot;}\" data-widget_type=\"image.default\">\n\t\t\t\t<div class=\"elementor-widget-container\">\n\t\t\t\t\t<div class=\"elementor-image\">\n\t\t\t\t\t\t\t\t\t\t<img width=\"318\" height=\"398\" src=\"https:\/\/james.com.ec\/wp-content\/uploads\/2021\/02\/dot-aksen.png\" class=\"attachment-full size-full\" alt=\"\" srcset=\"https:\/\/james.com.ec\/wp-content\/uploads\/2021\/02\/dot-aksen.png 318w, https:\/\/james.com.ec\/wp-content\/uploads\/2021\/02\/dot-aksen-240x300.png 240w\" sizes=\"(max-width: 318px) 100vw, 318px\" \/>\t\t\t\t\t\t\t\t\t\t\t<\/div>\n\t\t\t\t<\/div>\n\t\t\t\t<\/div>\n\t\t\t\t<div class=\"elementor-element elementor-element-3688760b elementor-widget elementor-widget-image\" data-id=\"3688760b\" data-element_type=\"widget\" data-widget_type=\"image.default\">\n\t\t\t\t<div class=\"elementor-widget-container\">\n\t\t\t\t\t<div class=\"elementor-image\">\n\t\t\t\t\t\t\t\t\t\t<img src=\"https:\/\/james.com.ec\/wp-content\/uploads\/2021\/02\/GUAYAIL-e1651760472658.jpg\" title=\"GUAYAIL\" alt=\"GUAYAIL\" \/>\t\t\t\t\t\t\t\t\t\t\t<\/div>\n\t\t\t\t<\/div>\n\t\t\t\t<\/div>\n\t\t\t\t<div class=\"elementor-element elementor-element-7e026e3 elementor-widget__width-initial elementor-absolute elementor-widget elementor-widget-spacer\" data-id=\"7e026e3\" data-element_type=\"widget\" data-settings=\"{&quot;_position&quot;:&quot;absolute&quot;}\" data-widget_type=\"spacer.default\">\n\t\t\t\t<div class=\"elementor-widget-container\">\n\t\t\t\t\t<div class=\"elementor-spacer\">\n\t\t\t<div class=\"elementor-spacer-inner\"><\/div>\n\t\t<\/div>\n\t\t\t\t<\/div>\n\t\t\t\t<\/div>\n\t\t\t\t<div class=\"elementor-element elementor-element-2f2d74f5 elementor-widget__width-initial elementor-absolute elementor-widget elementor-widget-spacer\" data-id=\"2f2d74f5\" data-element_type=\"widget\" data-settings=\"{&quot;_position&quot;:&quot;absolute&quot;}\" data-widget_type=\"spacer.default\">\n\t\t\t\t<div class=\"elementor-widget-container\">\n\t\t\t\t\t<div class=\"elementor-spacer\">\n\t\t\t<div class=\"elementor-spacer-inner\"><\/div>\n\t\t<\/div>\n\t\t\t\t<\/div>\n\t\t\t\t<\/div>\n\t\t\t\t\t<\/div>\n\t\t<\/div>\n\t\t\t\t\t\t\t<\/div>\n\t\t<\/section>\n\t\t\t\t<section class=\"elementor-section elementor-top-section elementor-element elementor-element-76e1bf9 elementor-section-boxed elementor-section-height-default elementor-section-height-default\" data-id=\"76e1bf9\" data-element_type=\"section\" data-settings=\"{&quot;background_background&quot;:&quot;classic&quot;}\">\n\t\t\t\t\t\t<div class=\"elementor-container elementor-column-gap-custom\">\n\t\t\t\t\t<div class=\"elementor-column elementor-col-50 elementor-top-column elementor-element elementor-element-c49a1b7\" data-id=\"c49a1b7\" data-element_type=\"column\">\n\t\t\t<div class=\"elementor-widget-wrap elementor-element-populated\">\n\t\t\t\t\t\t\t\t<div class=\"elementor-element elementor-element-fe2f383 elementor-absolute elementor-widget elementor-widget-image\" data-id=\"fe2f383\" data-element_type=\"widget\" data-settings=\"{&quot;_position&quot;:&quot;absolute&quot;}\" data-widget_type=\"image.default\">\n\t\t\t\t<div class=\"elementor-widget-container\">\n\t\t\t\t\t<div class=\"elementor-image\">\n\t\t\t\t\t\t\t\t\t\t<img width=\"318\" height=\"398\" src=\"https:\/\/james.com.ec\/wp-content\/uploads\/2021\/02\/dot-aksen.png\" class=\"attachment-full size-full\" alt=\"\" srcset=\"https:\/\/james.com.ec\/wp-content\/uploads\/2021\/02\/dot-aksen.png 318w, https:\/\/james.com.ec\/wp-content\/uploads\/2021\/02\/dot-aksen-240x300.png 240w\" sizes=\"(max-width: 318px) 100vw, 318px\" \/>\t\t\t\t\t\t\t\t\t\t\t<\/div>\n\t\t\t\t<\/div>\n\t\t\t\t<\/div>\n\t\t\t\t<div class=\"elementor-element elementor-element-797afac elementor-widget elementor-widget-image\" data-id=\"797afac\" data-element_type=\"widget\" data-widget_type=\"image.default\">\n\t\t\t\t<div class=\"elementor-widget-container\">\n\t\t\t\t\t<div class=\"elementor-image\">\n\t\t\t\t\t\t\t\t\t\t<img width=\"770\" height=\"505\" src=\"https:\/\/james.com.ec\/wp-content\/uploads\/2022\/02\/pngegg.png\" class=\"attachment-full size-full\" alt=\"\" srcset=\"https:\/\/james.com.ec\/wp-content\/uploads\/2022\/02\/pngegg.png 770w, https:\/\/james.com.ec\/wp-content\/uploads\/2022\/02\/pngegg-300x197.png 300w, https:\/\/james.com.ec\/wp-content\/uploads\/2022\/02\/pngegg-768x504.png 768w\" sizes=\"(max-width: 770px) 100vw, 770px\" \/>\t\t\t\t\t\t\t\t\t\t\t<\/div>\n\t\t\t\t<\/div>\n\t\t\t\t<\/div>\n\t\t\t\t<div class=\"elementor-element elementor-element-2e08835 elementor-widget__width-initial elementor-absolute elementor-widget elementor-widget-spacer\" data-id=\"2e08835\" data-element_type=\"widget\" data-settings=\"{&quot;_position&quot;:&quot;absolute&quot;}\" data-widget_type=\"spacer.default\">\n\t\t\t\t<div class=\"elementor-widget-container\">\n\t\t\t\t\t<div class=\"elementor-spacer\">\n\t\t\t<div class=\"elementor-spacer-inner\"><\/div>\n\t\t<\/div>\n\t\t\t\t<\/div>\n\t\t\t\t<\/div>\n\t\t\t\t<div class=\"elementor-element elementor-element-1efd1a9 elementor-widget__width-initial elementor-absolute elementor-widget elementor-widget-spacer\" data-id=\"1efd1a9\" data-element_type=\"widget\" data-settings=\"{&quot;_position&quot;:&quot;absolute&quot;}\" data-widget_type=\"spacer.default\">\n\t\t\t\t<div class=\"elementor-widget-container\">\n\t\t\t\t\t<div class=\"elementor-spacer\">\n\t\t\t<div class=\"elementor-spacer-inner\"><\/div>\n\t\t<\/div>\n\t\t\t\t<\/div>\n\t\t\t\t<\/div>\n\t\t\t\t\t<\/div>\n\t\t<\/div>\n\t\t\t\t<div class=\"elementor-column elementor-col-50 elementor-top-column elementor-element elementor-element-a363c98\" data-id=\"a363c98\" data-element_type=\"column\">\n\t\t\t<div class=\"elementor-widget-wrap elementor-element-populated\">\n\t\t\t\t\t\t\t\t<div class=\"elementor-element elementor-element-59dc952 elementor-widget elementor-widget-heading\" data-id=\"59dc952\" data-element_type=\"widget\" data-widget_type=\"heading.default\">\n\t\t\t\t<div class=\"elementor-widget-container\">\n\t\t\t<h3 class=\"elementor-heading-title elementor-size-default\">Recursos f\u00edsicos<\/h3>\t\t<\/div>\n\t\t\t\t<\/div>\n\t\t\t\t<div class=\"elementor-element elementor-element-22b94a2 elementor-widget elementor-widget-text-editor\" data-id=\"22b94a2\" data-element_type=\"widget\" data-widget_type=\"text-editor.default\">\n\t\t\t\t<div class=\"elementor-widget-container\">\n\t\t\t\t\t<div class=\"elementor-text-editor elementor-clearfix\"><p><span style=\"vertical-align: inherit;\"><span style=\"vertical-align: inherit;\">La Unidad Educativa PCEI \u201cJames Smithson\u201d, trabaja con recursos <\/span><\/span><span style=\"vertical-align: inherit;\"><span style=\"vertical-align: inherit;\">f\u00edsicos pedag\u00f3gicos que son libros de textos que cumplen con las caracter\u00edsticas del <\/span><\/span><span style=\"vertical-align: inherit;\"><span style=\"vertical-align: inherit;\">curr\u00edculo nacional publicado por el ministerio de educaci\u00f3n.<\/span><\/span><\/p><\/div>\n\t\t\t\t<\/div>\n\t\t\t\t<\/div>\n\t\t\t\t\t<\/div>\n\t\t<\/div>\n\t\t\t\t\t\t\t<\/div>\n\t\t<\/section>\n\t\t\t\t\t\t<\/div>\n\t\t\t\t\t<\/div>\n\t\t","protected":false},"excerpt":{"rendered":"<p>Recursos Pedag\u00f3gicos Plataforma Educativa Contacto Recursos digitales Moodle LMS de la Unidad Educativa PCEI \u201cJames Smithson\u201d El sistema de gesti\u00f3n de aprendizaje de c\u00f3digo abierto m\u00e1s personalizable y confiable del mundo. Moodle LMS es el sistema de gesti\u00f3n de aprendizaje de c\u00f3digo abierto con caracter\u00edsticas inherentes de seguridad y privacidad que utilizan cientos de millones [&hellip;]<\/p>\n","protected":false},"author":1,"featured_media":0,"parent":0,"menu_order":0,"comment_status":"closed","ping_status":"closed","template":"elementor_header_footer","meta":[],"yoast_head":"<!-- This site is optimized with the Yoast SEO plugin v18.1 - https:\/\/yoast.com\/wordpress\/plugins\/seo\/ -->\n<title>Recursos pedag\u00f3gicos - Boos<\/title>\n<meta name=\"robots\" content=\"index, follow, max-snippet:-1, max-image-preview:large, max-video-preview:-1\" \/>\n<link rel=\"canonical\" href=\"https:\/\/james.com.ec\/?page_id=875\" \/>\n<meta property=\"og:locale\" content=\"en_US\" \/>\n<meta property=\"og:type\" content=\"article\" \/>\n<meta property=\"og:title\" content=\"Recursos pedag\u00f3gicos - Boos\" \/>\n<meta property=\"og:description\" content=\"Recursos Pedag\u00f3gicos Plataforma Educativa Contacto Recursos digitales Moodle LMS de la Unidad Educativa PCEI \u201cJames Smithson\u201d El sistema de gesti\u00f3n de aprendizaje de c\u00f3digo abierto m\u00e1s personalizable y confiable del mundo. Moodle LMS es el sistema de gesti\u00f3n de aprendizaje de c\u00f3digo abierto con caracter\u00edsticas inherentes de seguridad y privacidad que utilizan cientos de millones [&hellip;]\" \/>\n<meta property=\"og:url\" content=\"https:\/\/james.com.ec\/?page_id=875\" \/>\n<meta property=\"og:site_name\" content=\"Boos\" \/>\n<meta property=\"article:modified_time\" content=\"2022-02-17T15:14:39+00:00\" \/>\n<meta property=\"og:image\" content=\"https:\/\/james.com.ec\/wp-content\/uploads\/2021\/02\/dot-aksen.png\" \/>\n<meta name=\"twitter:card\" content=\"summary_large_image\" \/>\n<meta name=\"twitter:label1\" content=\"Est. reading time\" \/>\n\t<meta name=\"twitter:data1\" content=\"2 minutes\" \/>\n<script type=\"application\/ld+json\" class=\"yoast-schema-graph\">{\"@context\":\"https:\/\/schema.org\",\"@graph\":[{\"@type\":\"WebSite\",\"@id\":\"https:\/\/james.com.ec\/#website\",\"url\":\"https:\/\/james.com.ec\/\",\"name\":\"Boos\",\"description\":\"Just another Template Kit 2 Sites site\",\"potentialAction\":[{\"@type\":\"SearchAction\",\"target\":{\"@type\":\"EntryPoint\",\"urlTemplate\":\"https:\/\/james.com.ec\/?s={search_term_string}\"},\"query-input\":\"required name=search_term_string\"}],\"inLanguage\":\"en-US\"},{\"@type\":\"ImageObject\",\"@id\":\"https:\/\/james.com.ec\/?page_id=875#primaryimage\",\"inLanguage\":\"en-US\",\"url\":\"https:\/\/james.com.ec\/wp-content\/uploads\/2021\/02\/dot-aksen.png\",\"contentUrl\":\"https:\/\/james.com.ec\/wp-content\/uploads\/2021\/02\/dot-aksen.png\",\"width\":318,\"height\":398},{\"@type\":\"WebPage\",\"@id\":\"https:\/\/james.com.ec\/?page_id=875#webpage\",\"url\":\"https:\/\/james.com.ec\/?page_id=875\",\"name\":\"Recursos pedag\u00f3gicos - Boos\",\"isPartOf\":{\"@id\":\"https:\/\/james.com.ec\/#website\"},\"primaryImageOfPage\":{\"@id\":\"https:\/\/james.com.ec\/?page_id=875#primaryimage\"},\"datePublished\":\"2022-02-17T13:13:54+00:00\",\"dateModified\":\"2022-02-17T15:14:39+00:00\",\"breadcrumb\":{\"@id\":\"https:\/\/james.com.ec\/?page_id=875#breadcrumb\"},\"inLanguage\":\"en-US\",\"potentialAction\":[{\"@type\":\"ReadAction\",\"target\":[\"https:\/\/james.com.ec\/?page_id=875\"]}]},{\"@type\":\"BreadcrumbList\",\"@id\":\"https:\/\/james.com.ec\/?page_id=875#breadcrumb\",\"itemListElement\":[{\"@type\":\"ListItem\",\"position\":1,\"name\":\"Home\",\"item\":\"https:\/\/james.com.ec\/\"},{\"@type\":\"ListItem\",\"position\":2,\"name\":\"Recursos pedag\u00f3gicos\"}]}]}<\/script>\n<!-- \/ Yoast SEO plugin. -->","yoast_head_json":{"title":"Recursos pedag\u00f3gicos - Boos","robots":{"index":"index","follow":"follow","max-snippet":"max-snippet:-1","max-image-preview":"max-image-preview:large","max-video-preview":"max-video-preview:-1"},"canonical":"https:\/\/james.com.ec\/?page_id=875","og_locale":"en_US","og_type":"article","og_title":"Recursos pedag\u00f3gicos - Boos","og_description":"Recursos Pedag\u00f3gicos Plataforma Educativa Contacto Recursos digitales Moodle LMS de la Unidad Educativa PCEI \u201cJames Smithson\u201d El sistema de gesti\u00f3n de aprendizaje de c\u00f3digo abierto m\u00e1s personalizable y confiable del mundo. Moodle LMS es el sistema de gesti\u00f3n de aprendizaje de c\u00f3digo abierto con caracter\u00edsticas inherentes de seguridad y privacidad que utilizan cientos de millones [&hellip;]","og_url":"https:\/\/james.com.ec\/?page_id=875","og_site_name":"Boos","article_modified_time":"2022-02-17T15:14:39+00:00","og_image":[{"url":"https:\/\/james.com.ec\/wp-content\/uploads\/2021\/02\/dot-aksen.png"}],"twitter_card":"summary_large_image","twitter_misc":{"Est. reading time":"2 minutes"},"schema":{"@context":"https:\/\/schema.org","@graph":[{"@type":"WebSite","@id":"https:\/\/james.com.ec\/#website","url":"https:\/\/james.com.ec\/","name":"Boos","description":"Just another Template Kit 2 Sites site","potentialAction":[{"@type":"SearchAction","target":{"@type":"EntryPoint","urlTemplate":"https:\/\/james.com.ec\/?s={search_term_string}"},"query-input":"required name=search_term_string"}],"inLanguage":"en-US"},{"@type":"ImageObject","@id":"https:\/\/james.com.ec\/?page_id=875#primaryimage","inLanguage":"en-US","url":"https:\/\/james.com.ec\/wp-content\/uploads\/2021\/02\/dot-aksen.png","contentUrl":"https:\/\/james.com.ec\/wp-content\/uploads\/2021\/02\/dot-aksen.png","width":318,"height":398},{"@type":"WebPage","@id":"https:\/\/james.com.ec\/?page_id=875#webpage","url":"https:\/\/james.com.ec\/?page_id=875","name":"Recursos pedag\u00f3gicos - Boos","isPartOf":{"@id":"https:\/\/james.com.ec\/#website"},"primaryImageOfPage":{"@id":"https:\/\/james.com.ec\/?page_id=875#primaryimage"},"datePublished":"2022-02-17T13:13:54+00:00","dateModified":"2022-02-17T15:14:39+00:00","breadcrumb":{"@id":"https:\/\/james.com.ec\/?page_id=875#breadcrumb"},"inLanguage":"en-US","potentialAction":[{"@type":"ReadAction","target":["https:\/\/james.com.ec\/?page_id=875"]}]},{"@type":"BreadcrumbList","@id":"https:\/\/james.com.ec\/?page_id=875#breadcrumb","itemListElement":[{"@type":"ListItem","position":1,"name":"Home","item":"https:\/\/james.com.ec\/"},{"@type":"ListItem","position":2,"name":"Recursos pedag\u00f3gicos"}]}]}},"_links":{"self":[{"href":"https:\/\/james.com.ec\/index.php?rest_route=\/wp\/v2\/pages\/875"}],"collection":[{"href":"https:\/\/james.com.ec\/index.php?rest_route=\/wp\/v2\/pages"}],"about":[{"href":"https:\/\/james.com.ec\/index.php?rest_route=\/wp\/v2\/types\/page"}],"author":[{"embeddable":true,"href":"https:\/\/james.com.ec\/index.php?rest_route=\/wp\/v2\/users\/1"}],"replies":[{"embeddable":true,"href":"https:\/\/james.com.ec\/index.php?rest_route=%2Fwp%2Fv2%2Fcomments&post=875"}],"version-history":[{"count":30,"href":"https:\/\/james.com.ec\/index.php?rest_route=\/wp\/v2\/pages\/875\/revisions"}],"predecessor-version":[{"id":1061,"href":"https:\/\/james.com.ec\/index.php?rest_route=\/wp\/v2\/pages\/875\/revisions\/1061"}],"wp:attachment":[{"href":"https:\/\/james.com.ec\/index.php?rest_route=%2Fwp%2Fv2%2Fmedia&parent=875"}],"curies":[{"name":"wp","href":"https:\/\/api.w.org\/{rel}","templated":true}]}}