{"id":871,"date":"2022-02-17T13:13:21","date_gmt":"2022-02-17T13:13:21","guid":{"rendered":"https:\/\/james.com.ec\/?page_id=871"},"modified":"2022-02-17T15:05:16","modified_gmt":"2022-02-17T15:05:16","slug":"modelo-pedagogico","status":"publish","type":"page","link":"https:\/\/james.com.ec\/?page_id=871","title":{"rendered":"Modelo pedag\u00f3gico"},"content":{"rendered":"\t\t<div data-elementor-type=\"wp-page\" data-elementor-id=\"871\" class=\"elementor elementor-871\" data-elementor-settings=\"[]\">\n\t\t\t\t\t\t\t<div class=\"elementor-section-wrap\">\n\t\t\t\t\t\t\t<section class=\"elementor-section elementor-top-section elementor-element elementor-element-6809b9d8 elementor-section-boxed elementor-section-height-default elementor-section-height-default\" data-id=\"6809b9d8\" data-element_type=\"section\" data-settings=\"{&quot;background_background&quot;:&quot;classic&quot;}\">\n\t\t\t\t\t\t\t<div class=\"elementor-background-overlay\"><\/div>\n\t\t\t\t\t\t\t<div class=\"elementor-container elementor-column-gap-default\">\n\t\t\t\t\t<div class=\"elementor-column elementor-col-50 elementor-top-column elementor-element elementor-element-7c33c3c7\" data-id=\"7c33c3c7\" data-element_type=\"column\">\n\t\t\t<div class=\"elementor-widget-wrap elementor-element-populated\">\n\t\t\t\t\t\t\t\t<div class=\"elementor-element elementor-element-3477cddd elementor-widget elementor-widget-heading\" data-id=\"3477cddd\" data-element_type=\"widget\" data-widget_type=\"heading.default\">\n\t\t\t\t<div class=\"elementor-widget-container\">\n\t\t\t<h1 class=\"elementor-heading-title elementor-size-default\">Modelo pedag\u00f3gico<\/h1>\t\t<\/div>\n\t\t\t\t<\/div>\n\t\t\t\t\t<\/div>\n\t\t<\/div>\n\t\t\t\t<div class=\"elementor-column elementor-col-50 elementor-top-column elementor-element elementor-element-187213be\" data-id=\"187213be\" data-element_type=\"column\">\n\t\t\t<div class=\"elementor-widget-wrap\">\n\t\t\t\t\t\t\t\t\t<\/div>\n\t\t<\/div>\n\t\t\t\t\t\t\t<\/div>\n\t\t<\/section>\n\t\t\t\t<section class=\"elementor-section elementor-top-section elementor-element elementor-element-59114745 elementor-section-boxed elementor-section-height-default elementor-section-height-default\" data-id=\"59114745\" data-element_type=\"section\" data-settings=\"{&quot;background_background&quot;:&quot;classic&quot;}\">\n\t\t\t\t\t\t<div class=\"elementor-container elementor-column-gap-default\">\n\t\t\t\t\t<div class=\"elementor-column elementor-col-50 elementor-top-column elementor-element elementor-element-34546e89\" data-id=\"34546e89\" data-element_type=\"column\">\n\t\t\t<div class=\"elementor-widget-wrap elementor-element-populated\">\n\t\t\t\t\t\t\t\t<div class=\"elementor-element elementor-element-393fc7cc elementor-absolute elementor-widget elementor-widget-image\" data-id=\"393fc7cc\" data-element_type=\"widget\" data-settings=\"{&quot;_position&quot;:&quot;absolute&quot;}\" data-widget_type=\"image.default\">\n\t\t\t\t<div class=\"elementor-widget-container\">\n\t\t\t\t\t<div class=\"elementor-image\">\n\t\t\t\t\t\t\t\t\t\t<img width=\"318\" height=\"398\" src=\"https:\/\/james.com.ec\/wp-content\/uploads\/2021\/02\/dot-aksen.png\" class=\"attachment-full size-full\" alt=\"\" srcset=\"https:\/\/james.com.ec\/wp-content\/uploads\/2021\/02\/dot-aksen.png 318w, https:\/\/james.com.ec\/wp-content\/uploads\/2021\/02\/dot-aksen-240x300.png 240w\" sizes=\"(max-width: 318px) 100vw, 318px\" \/>\t\t\t\t\t\t\t\t\t\t\t<\/div>\n\t\t\t\t<\/div>\n\t\t\t\t<\/div>\n\t\t\t\t<div class=\"elementor-element elementor-element-382f268a elementor-widget elementor-widget-image\" data-id=\"382f268a\" data-element_type=\"widget\" data-widget_type=\"image.default\">\n\t\t\t\t<div class=\"elementor-widget-container\">\n\t\t\t\t\t<div class=\"elementor-image\">\n\t\t\t\t\t\t\t\t\t\t<img src=\"https:\/\/james.com.ec\/wp-content\/uploads\/elementor\/thumbs\/hero-07-p353yz9zm5zw8v28g2edzdg13mlqpa5u5wr9coelac.jpg\" title=\"hero-07.jpg\" alt=\"hero-07.jpg\" \/>\t\t\t\t\t\t\t\t\t\t\t<\/div>\n\t\t\t\t<\/div>\n\t\t\t\t<\/div>\n\t\t\t\t<div class=\"elementor-element elementor-element-3d77ad93 elementor-widget__width-initial elementor-widget elementor-widget-heading\" data-id=\"3d77ad93\" data-element_type=\"widget\" data-widget_type=\"heading.default\">\n\t\t\t\t<div class=\"elementor-widget-container\">\n\t\t\t<h3 class=\"elementor-heading-title elementor-size-default\">MODELO PEDAG\u00d3GICO DEL CONSTRUCTIVISMO.<\/h3>\t\t<\/div>\n\t\t\t\t<\/div>\n\t\t\t\t<div class=\"elementor-element elementor-element-3b10f3b4 elementor-widget__width-initial elementor-hidden-phone elementor-widget elementor-widget-spacer\" data-id=\"3b10f3b4\" data-element_type=\"widget\" data-widget_type=\"spacer.default\">\n\t\t\t\t<div class=\"elementor-widget-container\">\n\t\t\t\t\t<div class=\"elementor-spacer\">\n\t\t\t<div class=\"elementor-spacer-inner\"><\/div>\n\t\t<\/div>\n\t\t\t\t<\/div>\n\t\t\t\t<\/div>\n\t\t\t\t\t<\/div>\n\t\t<\/div>\n\t\t\t\t<div class=\"elementor-column elementor-col-50 elementor-top-column elementor-element elementor-element-74b03314\" data-id=\"74b03314\" data-element_type=\"column\">\n\t\t\t<div class=\"elementor-widget-wrap elementor-element-populated\">\n\t\t\t\t\t\t\t\t<div class=\"elementor-element elementor-element-5b5c7e1d elementor-widget elementor-widget-heading\" data-id=\"5b5c7e1d\" data-element_type=\"widget\" data-widget_type=\"heading.default\">\n\t\t\t\t<div class=\"elementor-widget-container\">\n\t\t\t<h5 class=\"elementor-heading-title elementor-size-default\">James Smithson<\/h5>\t\t<\/div>\n\t\t\t\t<\/div>\n\t\t\t\t<div class=\"elementor-element elementor-element-3b79f2b5 elementor-widget elementor-widget-heading\" data-id=\"3b79f2b5\" data-element_type=\"widget\" data-widget_type=\"heading.default\">\n\t\t\t\t<div class=\"elementor-widget-container\">\n\t\t\t<h3 class=\"elementor-heading-title elementor-size-default\">Conoce nuestro modelo pedag\u00f3gico<\/h3>\t\t<\/div>\n\t\t\t\t<\/div>\n\t\t\t\t<div class=\"elementor-element elementor-element-79d0587b elementor-widget elementor-widget-text-editor\" data-id=\"79d0587b\" data-element_type=\"widget\" data-widget_type=\"text-editor.default\">\n\t\t\t\t<div class=\"elementor-widget-container\">\n\t\t\t\t\t<div class=\"elementor-text-editor elementor-clearfix\"><p>En la Unidad Educativa PCEI \u201cJames Smithson\u201d consideramos dos puntos importantes en la adquisici\u00f3n del conocimiento por parte de los estudiantes y est\u00e1 dado cuando las ideas se enlazan y para aprender una nueva idea se requiere contig\u00fcidad de las<br \/>impresiones sensoriales (combinaci\u00f3n de ideas sencillas para formar la nueva idea).<\/p><p>Seg\u00fan Gagn\u00e9 \u201ces la forma m\u00e1s sencilla de las capacidades aprendidas, y que constituye<br \/>el fundamento de otros tipos m\u00e1s complejos de esas mismas capacidades\u201d, pas\u00f3 de relaci\u00f3n entre ideas a enlaces entre est\u00edmulos y respuestas.<\/p><\/div>\n\t\t\t\t<\/div>\n\t\t\t\t<\/div>\n\t\t\t\t<div class=\"elementor-element elementor-element-35082b8f elementor-widget elementor-widget-text-editor\" data-id=\"35082b8f\" data-element_type=\"widget\" data-widget_type=\"text-editor.default\">\n\t\t\t\t<div class=\"elementor-widget-container\">\n\t\t\t\t\t<div class=\"elementor-text-editor elementor-clearfix\"><p>Es por esto que la teor\u00eda socio cultural trabaja con las representaciones, construidas por la inteligencia, estas son organizadas por el sujeto en estructuras conceptuales, metodol\u00f3gicas y actitudinales, donde se relacionan entre s\u00ed significativamente y en forma hol\u00edstica, permiti\u00e9ndole al sujeto que vive en comunidad, sostener permanentemente una din\u00e1mica de contradicciones entre sus estructuras y las del colectivo para, por ejemplo, tomar sus propias decisiones, expresar sus ideas, etc.<\/p><\/div>\n\t\t\t\t<\/div>\n\t\t\t\t<\/div>\n\t\t\t\t<div class=\"elementor-element elementor-element-6e7bee38 elementor-widget elementor-widget-button\" data-id=\"6e7bee38\" data-element_type=\"widget\" data-widget_type=\"button.default\">\n\t\t\t\t<div class=\"elementor-widget-container\">\n\t\t\t\t\t<div class=\"elementor-button-wrapper\">\n\t\t\t<a href=\"https:\/\/james.com.ec\/?page_id=20\" class=\"elementor-button-link elementor-button elementor-size-md\" role=\"button\">\n\t\t\t\t\t\t<span class=\"elementor-button-content-wrapper\">\n\t\t\t\t\t\t<span class=\"elementor-button-text\">Contacto<\/span>\n\t\t<\/span>\n\t\t\t\t\t<\/a>\n\t\t<\/div>\n\t\t\t\t<\/div>\n\t\t\t\t<\/div>\n\t\t\t\t\t<\/div>\n\t\t<\/div>\n\t\t\t\t\t\t\t<\/div>\n\t\t<\/section>\n\t\t\t\t<section class=\"elementor-section elementor-top-section elementor-element elementor-element-54208c7f elementor-section-boxed elementor-section-height-default elementor-section-height-default\" data-id=\"54208c7f\" data-element_type=\"section\" data-settings=\"{&quot;background_background&quot;:&quot;classic&quot;}\">\n\t\t\t\t\t\t<div class=\"elementor-container elementor-column-gap-default\">\n\t\t\t\t\t<div class=\"elementor-column elementor-col-50 elementor-top-column elementor-element elementor-element-773709ca\" data-id=\"773709ca\" data-element_type=\"column\">\n\t\t\t<div class=\"elementor-widget-wrap elementor-element-populated\">\n\t\t\t\t\t\t\t\t<div class=\"elementor-element elementor-element-6ff85750 elementor-widget elementor-widget-heading\" data-id=\"6ff85750\" data-element_type=\"widget\" data-widget_type=\"heading.default\">\n\t\t\t\t<div class=\"elementor-widget-container\">\n\t\t\t<h5 class=\"elementor-heading-title elementor-size-default\">Nuestros principios epistemol\u00f3gicos<\/h5>\t\t<\/div>\n\t\t\t\t<\/div>\n\t\t\t\t<div class=\"elementor-element elementor-element-58bb0fb5 elementor-widget elementor-widget-heading\" data-id=\"58bb0fb5\" data-element_type=\"widget\" data-widget_type=\"heading.default\">\n\t\t\t\t<div class=\"elementor-widget-container\">\n\t\t\t<h3 class=\"elementor-heading-title elementor-size-default\">Basados en el modelo  pedag\u00f3gico del constructivismo.<\/h3>\t\t<\/div>\n\t\t\t\t<\/div>\n\t\t\t\t<div class=\"elementor-element elementor-element-4bd0fc0 elementor-widget elementor-widget-text-editor\" data-id=\"4bd0fc0\" data-element_type=\"widget\" data-widget_type=\"text-editor.default\">\n\t\t\t\t<div class=\"elementor-widget-container\">\n\t\t\t\t\t<div class=\"elementor-text-editor elementor-clearfix\"><p>Por otro lado el aprendizaje significativo de Ausubel, presupone la disposici\u00f3n del diciente a relacionar el nuevo material con su estructura cognoscitiva en forma no arbitraria (es decir, que las ideas se relacionan con alg\u00fan aspecto existente en la estructura cognoscitiva del mismo, como una imagen, un s\u00edmbolo ya significativo, un concepto o una proposici\u00f3n) y si adem\u00e1s, la tarea de aprendizaje en s\u00ed es potencialmente significativa tendr\u00edamos que cualquiera de los dos tipos de aprendizaje mencionados, pueden llegar a ser significativos.<\/p><p>Siendo la Epistemolog\u00eda la doctrina que analiza los m\u00e9todos del conocimiento cient\u00edfico, se debe hacer reflexi\u00f3n a nivel de la Instituci\u00f3n Educativa Sobre los conceptos de saber, conocimiento cient\u00edfico, investigaci\u00f3n cient\u00edfica, condiciones de posibilidad del quehacer cient\u00edfico y sobre el papel que le corresponde a la ciencia en la sociedad.<\/p><p>\u00a0<\/p><\/div>\n\t\t\t\t<\/div>\n\t\t\t\t<\/div>\n\t\t\t\t\t<\/div>\n\t\t<\/div>\n\t\t\t\t<div class=\"elementor-column elementor-col-50 elementor-top-column elementor-element elementor-element-6acee201\" data-id=\"6acee201\" data-element_type=\"column\">\n\t\t\t<div class=\"elementor-widget-wrap elementor-element-populated\">\n\t\t\t\t\t\t\t\t<section class=\"elementor-section elementor-inner-section elementor-element elementor-element-2b1dc1bb elementor-section-boxed elementor-section-height-default elementor-section-height-default\" data-id=\"2b1dc1bb\" data-element_type=\"section\">\n\t\t\t\t\t\t<div class=\"elementor-container elementor-column-gap-default\">\n\t\t\t\t\t<div class=\"elementor-column elementor-col-50 elementor-inner-column elementor-element elementor-element-4db4838\" data-id=\"4db4838\" data-element_type=\"column\">\n\t\t\t<div class=\"elementor-widget-wrap elementor-element-populated\">\n\t\t\t\t\t\t\t\t<div class=\"elementor-element elementor-element-d88b229 elementor-widget elementor-widget-image\" data-id=\"d88b229\" data-element_type=\"widget\" data-widget_type=\"image.default\">\n\t\t\t\t<div class=\"elementor-widget-container\">\n\t\t\t\t\t<div class=\"elementor-image\">\n\t\t\t\t\t\t\t\t\t\t<img width=\"500\" height=\"570\" src=\"https:\/\/james.com.ec\/wp-content\/uploads\/2022\/02\/james-smithson-1.jpg\" class=\"attachment-large size-large\" alt=\"\" srcset=\"https:\/\/james.com.ec\/wp-content\/uploads\/2022\/02\/james-smithson-1.jpg 500w, https:\/\/james.com.ec\/wp-content\/uploads\/2022\/02\/james-smithson-1-263x300.jpg 263w\" sizes=\"(max-width: 500px) 100vw, 500px\" \/>\t\t\t\t\t\t\t\t\t\t\t<\/div>\n\t\t\t\t<\/div>\n\t\t\t\t<\/div>\n\t\t\t\t<div class=\"elementor-element elementor-element-c659e37 elementor-widget elementor-widget-text-editor\" data-id=\"c659e37\" data-element_type=\"widget\" data-widget_type=\"text-editor.default\">\n\t\t\t\t<div class=\"elementor-widget-container\">\n\t\t\t\t\t<div class=\"elementor-text-editor elementor-clearfix\"><p>Mediante lo expuesto anteriormente la Unidad Educativa PCEI \u201cJAMES SMITHSON\u201d, ha basado sus principios epistemol\u00f3gicos, con connotaci\u00f3n en el MODELO PEDAG\u00d3GICO DEL CONSTRUCTIVISMO.<\/p><p>\u00a0<\/p><\/div>\n\t\t\t\t<\/div>\n\t\t\t\t<\/div>\n\t\t\t\t\t<\/div>\n\t\t<\/div>\n\t\t\t\t<div class=\"elementor-column elementor-col-50 elementor-inner-column elementor-element elementor-element-59c11fde\" data-id=\"59c11fde\" data-element_type=\"column\">\n\t\t\t<div class=\"elementor-widget-wrap\">\n\t\t\t\t\t\t\t\t\t<\/div>\n\t\t<\/div>\n\t\t\t\t\t\t\t<\/div>\n\t\t<\/section>\n\t\t\t\t<div class=\"elementor-element elementor-element-3425f849 elementor-absolute elementor-widget elementor-widget-image\" data-id=\"3425f849\" data-element_type=\"widget\" data-settings=\"{&quot;_position&quot;:&quot;absolute&quot;}\" data-widget_type=\"image.default\">\n\t\t\t\t<div class=\"elementor-widget-container\">\n\t\t\t\t\t<div class=\"elementor-image\">\n\t\t\t\t\t\t\t\t\t\t<img width=\"318\" height=\"398\" src=\"https:\/\/james.com.ec\/wp-content\/uploads\/2021\/02\/dot-aksen.png\" class=\"attachment-full size-full\" alt=\"\" srcset=\"https:\/\/james.com.ec\/wp-content\/uploads\/2021\/02\/dot-aksen.png 318w, https:\/\/james.com.ec\/wp-content\/uploads\/2021\/02\/dot-aksen-240x300.png 240w\" sizes=\"(max-width: 318px) 100vw, 318px\" \/>\t\t\t\t\t\t\t\t\t\t\t<\/div>\n\t\t\t\t<\/div>\n\t\t\t\t<\/div>\n\t\t\t\t\t<\/div>\n\t\t<\/div>\n\t\t\t\t\t\t\t<\/div>\n\t\t<\/section>\n\t\t\t\t\t\t<\/div>\n\t\t\t\t\t<\/div>\n\t\t","protected":false},"excerpt":{"rendered":"<p>Modelo pedag\u00f3gico MODELO PEDAG\u00d3GICO DEL CONSTRUCTIVISMO. James Smithson Conoce nuestro modelo pedag\u00f3gico En la Unidad Educativa PCEI \u201cJames Smithson\u201d consideramos dos puntos importantes en la adquisici\u00f3n del conocimiento por parte de los estudiantes y est\u00e1 dado cuando las ideas se enlazan y para aprender una nueva idea se requiere contig\u00fcidad de lasimpresiones sensoriales (combinaci\u00f3n de [&hellip;]<\/p>\n","protected":false},"author":1,"featured_media":0,"parent":0,"menu_order":0,"comment_status":"closed","ping_status":"closed","template":"elementor_header_footer","meta":[],"yoast_head":"<!-- This site is optimized with the Yoast SEO plugin v18.1 - https:\/\/yoast.com\/wordpress\/plugins\/seo\/ -->\n<title>Modelo pedag\u00f3gico - Boos<\/title>\n<meta name=\"robots\" content=\"index, follow, max-snippet:-1, max-image-preview:large, max-video-preview:-1\" \/>\n<link rel=\"canonical\" href=\"https:\/\/james.com.ec\/?page_id=871\" \/>\n<meta property=\"og:locale\" content=\"en_US\" \/>\n<meta property=\"og:type\" content=\"article\" \/>\n<meta property=\"og:title\" content=\"Modelo pedag\u00f3gico - Boos\" \/>\n<meta property=\"og:description\" content=\"Modelo pedag\u00f3gico MODELO PEDAG\u00d3GICO DEL CONSTRUCTIVISMO. James Smithson Conoce nuestro modelo pedag\u00f3gico En la Unidad Educativa PCEI \u201cJames Smithson\u201d consideramos dos puntos importantes en la adquisici\u00f3n del conocimiento por parte de los estudiantes y est\u00e1 dado cuando las ideas se enlazan y para aprender una nueva idea se requiere contig\u00fcidad de lasimpresiones sensoriales (combinaci\u00f3n de [&hellip;]\" \/>\n<meta property=\"og:url\" content=\"https:\/\/james.com.ec\/?page_id=871\" \/>\n<meta property=\"og:site_name\" content=\"Boos\" \/>\n<meta property=\"article:modified_time\" content=\"2022-02-17T15:05:16+00:00\" \/>\n<meta property=\"og:image\" content=\"https:\/\/james.com.ec\/wp-content\/uploads\/2021\/02\/dot-aksen.png\" \/>\n<meta name=\"twitter:card\" content=\"summary_large_image\" \/>\n<meta name=\"twitter:label1\" content=\"Est. reading time\" \/>\n\t<meta name=\"twitter:data1\" content=\"3 minutes\" \/>\n<script type=\"application\/ld+json\" class=\"yoast-schema-graph\">{\"@context\":\"https:\/\/schema.org\",\"@graph\":[{\"@type\":\"WebSite\",\"@id\":\"https:\/\/james.com.ec\/#website\",\"url\":\"https:\/\/james.com.ec\/\",\"name\":\"Boos\",\"description\":\"Just another Template Kit 2 Sites site\",\"potentialAction\":[{\"@type\":\"SearchAction\",\"target\":{\"@type\":\"EntryPoint\",\"urlTemplate\":\"https:\/\/james.com.ec\/?s={search_term_string}\"},\"query-input\":\"required name=search_term_string\"}],\"inLanguage\":\"en-US\"},{\"@type\":\"ImageObject\",\"@id\":\"https:\/\/james.com.ec\/?page_id=871#primaryimage\",\"inLanguage\":\"en-US\",\"url\":\"https:\/\/james.com.ec\/wp-content\/uploads\/2021\/02\/dot-aksen.png\",\"contentUrl\":\"https:\/\/james.com.ec\/wp-content\/uploads\/2021\/02\/dot-aksen.png\",\"width\":318,\"height\":398},{\"@type\":\"WebPage\",\"@id\":\"https:\/\/james.com.ec\/?page_id=871#webpage\",\"url\":\"https:\/\/james.com.ec\/?page_id=871\",\"name\":\"Modelo pedag\u00f3gico - Boos\",\"isPartOf\":{\"@id\":\"https:\/\/james.com.ec\/#website\"},\"primaryImageOfPage\":{\"@id\":\"https:\/\/james.com.ec\/?page_id=871#primaryimage\"},\"datePublished\":\"2022-02-17T13:13:21+00:00\",\"dateModified\":\"2022-02-17T15:05:16+00:00\",\"breadcrumb\":{\"@id\":\"https:\/\/james.com.ec\/?page_id=871#breadcrumb\"},\"inLanguage\":\"en-US\",\"potentialAction\":[{\"@type\":\"ReadAction\",\"target\":[\"https:\/\/james.com.ec\/?page_id=871\"]}]},{\"@type\":\"BreadcrumbList\",\"@id\":\"https:\/\/james.com.ec\/?page_id=871#breadcrumb\",\"itemListElement\":[{\"@type\":\"ListItem\",\"position\":1,\"name\":\"Home\",\"item\":\"https:\/\/james.com.ec\/\"},{\"@type\":\"ListItem\",\"position\":2,\"name\":\"Modelo pedag\u00f3gico\"}]}]}<\/script>\n<!-- \/ Yoast SEO plugin. -->","yoast_head_json":{"title":"Modelo pedag\u00f3gico - Boos","robots":{"index":"index","follow":"follow","max-snippet":"max-snippet:-1","max-image-preview":"max-image-preview:large","max-video-preview":"max-video-preview:-1"},"canonical":"https:\/\/james.com.ec\/?page_id=871","og_locale":"en_US","og_type":"article","og_title":"Modelo pedag\u00f3gico - Boos","og_description":"Modelo pedag\u00f3gico MODELO PEDAG\u00d3GICO DEL CONSTRUCTIVISMO. James Smithson Conoce nuestro modelo pedag\u00f3gico En la Unidad Educativa PCEI \u201cJames Smithson\u201d consideramos dos puntos importantes en la adquisici\u00f3n del conocimiento por parte de los estudiantes y est\u00e1 dado cuando las ideas se enlazan y para aprender una nueva idea se requiere contig\u00fcidad de lasimpresiones sensoriales (combinaci\u00f3n de [&hellip;]","og_url":"https:\/\/james.com.ec\/?page_id=871","og_site_name":"Boos","article_modified_time":"2022-02-17T15:05:16+00:00","og_image":[{"url":"https:\/\/james.com.ec\/wp-content\/uploads\/2021\/02\/dot-aksen.png"}],"twitter_card":"summary_large_image","twitter_misc":{"Est. reading time":"3 minutes"},"schema":{"@context":"https:\/\/schema.org","@graph":[{"@type":"WebSite","@id":"https:\/\/james.com.ec\/#website","url":"https:\/\/james.com.ec\/","name":"Boos","description":"Just another Template Kit 2 Sites site","potentialAction":[{"@type":"SearchAction","target":{"@type":"EntryPoint","urlTemplate":"https:\/\/james.com.ec\/?s={search_term_string}"},"query-input":"required name=search_term_string"}],"inLanguage":"en-US"},{"@type":"ImageObject","@id":"https:\/\/james.com.ec\/?page_id=871#primaryimage","inLanguage":"en-US","url":"https:\/\/james.com.ec\/wp-content\/uploads\/2021\/02\/dot-aksen.png","contentUrl":"https:\/\/james.com.ec\/wp-content\/uploads\/2021\/02\/dot-aksen.png","width":318,"height":398},{"@type":"WebPage","@id":"https:\/\/james.com.ec\/?page_id=871#webpage","url":"https:\/\/james.com.ec\/?page_id=871","name":"Modelo pedag\u00f3gico - Boos","isPartOf":{"@id":"https:\/\/james.com.ec\/#website"},"primaryImageOfPage":{"@id":"https:\/\/james.com.ec\/?page_id=871#primaryimage"},"datePublished":"2022-02-17T13:13:21+00:00","dateModified":"2022-02-17T15:05:16+00:00","breadcrumb":{"@id":"https:\/\/james.com.ec\/?page_id=871#breadcrumb"},"inLanguage":"en-US","potentialAction":[{"@type":"ReadAction","target":["https:\/\/james.com.ec\/?page_id=871"]}]},{"@type":"BreadcrumbList","@id":"https:\/\/james.com.ec\/?page_id=871#breadcrumb","itemListElement":[{"@type":"ListItem","position":1,"name":"Home","item":"https:\/\/james.com.ec\/"},{"@type":"ListItem","position":2,"name":"Modelo pedag\u00f3gico"}]}]}},"_links":{"self":[{"href":"https:\/\/james.com.ec\/index.php?rest_route=\/wp\/v2\/pages\/871"}],"collection":[{"href":"https:\/\/james.com.ec\/index.php?rest_route=\/wp\/v2\/pages"}],"about":[{"href":"https:\/\/james.com.ec\/index.php?rest_route=\/wp\/v2\/types\/page"}],"author":[{"embeddable":true,"href":"https:\/\/james.com.ec\/index.php?rest_route=\/wp\/v2\/users\/1"}],"replies":[{"embeddable":true,"href":"https:\/\/james.com.ec\/index.php?rest_route=%2Fwp%2Fv2%2Fcomments&post=871"}],"version-history":[{"count":43,"href":"https:\/\/james.com.ec\/index.php?rest_route=\/wp\/v2\/pages\/871\/revisions"}],"predecessor-version":[{"id":1057,"href":"https:\/\/james.com.ec\/index.php?rest_route=\/wp\/v2\/pages\/871\/revisions\/1057"}],"wp:attachment":[{"href":"https:\/\/james.com.ec\/index.php?rest_route=%2Fwp%2Fv2%2Fmedia&parent=871"}],"curies":[{"name":"wp","href":"https:\/\/api.w.org\/{rel}","templated":true}]}}