{"id":867,"date":"2022-02-17T13:12:58","date_gmt":"2022-02-17T13:12:58","guid":{"rendered":"https:\/\/james.com.ec\/?page_id=867"},"modified":"2022-02-17T13:37:02","modified_gmt":"2022-02-17T13:37:02","slug":"vision","status":"publish","type":"page","link":"https:\/\/james.com.ec\/?page_id=867","title":{"rendered":"Visi\u00f3n"},"content":{"rendered":"\t\t<div data-elementor-type=\"wp-page\" data-elementor-id=\"867\" class=\"elementor elementor-867\" data-elementor-settings=\"[]\">\n\t\t\t\t\t\t\t<div class=\"elementor-section-wrap\">\n\t\t\t\t\t\t\t<section class=\"elementor-section elementor-top-section elementor-element elementor-element-7ed9294f elementor-section-boxed elementor-section-height-default elementor-section-height-default\" data-id=\"7ed9294f\" data-element_type=\"section\" data-settings=\"{&quot;background_background&quot;:&quot;classic&quot;}\">\n\t\t\t\t\t\t\t<div class=\"elementor-background-overlay\"><\/div>\n\t\t\t\t\t\t\t<div class=\"elementor-container elementor-column-gap-default\">\n\t\t\t\t\t<div class=\"elementor-column elementor-col-50 elementor-top-column elementor-element elementor-element-70a04bbb\" data-id=\"70a04bbb\" data-element_type=\"column\">\n\t\t\t<div class=\"elementor-widget-wrap elementor-element-populated\">\n\t\t\t\t\t\t\t\t<div class=\"elementor-element elementor-element-3042445 elementor-widget elementor-widget-spacer\" data-id=\"3042445\" data-element_type=\"widget\" data-widget_type=\"spacer.default\">\n\t\t\t\t<div class=\"elementor-widget-container\">\n\t\t\t\t\t<div class=\"elementor-spacer\">\n\t\t\t<div class=\"elementor-spacer-inner\"><\/div>\n\t\t<\/div>\n\t\t\t\t<\/div>\n\t\t\t\t<\/div>\n\t\t\t\t<div class=\"elementor-element elementor-element-f82edd elementor-widget elementor-widget-spacer\" data-id=\"f82edd\" data-element_type=\"widget\" data-widget_type=\"spacer.default\">\n\t\t\t\t<div class=\"elementor-widget-container\">\n\t\t\t\t\t<div class=\"elementor-spacer\">\n\t\t\t<div class=\"elementor-spacer-inner\"><\/div>\n\t\t<\/div>\n\t\t\t\t<\/div>\n\t\t\t\t<\/div>\n\t\t\t\t<div class=\"elementor-element elementor-element-2774c482 elementor-widget elementor-widget-heading\" data-id=\"2774c482\" data-element_type=\"widget\" data-widget_type=\"heading.default\">\n\t\t\t\t<div class=\"elementor-widget-container\">\n\t\t\t<h1 class=\"elementor-heading-title elementor-size-default\">Nuestra visi\u00f3n<\/h1>\t\t<\/div>\n\t\t\t\t<\/div>\n\t\t\t\t<div class=\"elementor-element elementor-element-3c2edada elementor-widget elementor-widget-text-editor\" data-id=\"3c2edada\" data-element_type=\"widget\" data-widget_type=\"text-editor.default\">\n\t\t\t\t<div class=\"elementor-widget-container\">\n\t\t\t\t\t<div class=\"elementor-text-editor elementor-clearfix\"><\/div>\n\t\t\t\t<\/div>\n\t\t\t\t<\/div>\n\t\t\t\t<div class=\"elementor-element elementor-element-25bc4952 elementor-widget elementor-widget-spacer\" data-id=\"25bc4952\" data-element_type=\"widget\" data-widget_type=\"spacer.default\">\n\t\t\t\t<div class=\"elementor-widget-container\">\n\t\t\t\t\t<div class=\"elementor-spacer\">\n\t\t\t<div class=\"elementor-spacer-inner\"><\/div>\n\t\t<\/div>\n\t\t\t\t<\/div>\n\t\t\t\t<\/div>\n\t\t\t\t\t<\/div>\n\t\t<\/div>\n\t\t\t\t<div class=\"elementor-column elementor-col-50 elementor-top-column elementor-element elementor-element-c6108e4\" data-id=\"c6108e4\" data-element_type=\"column\">\n\t\t\t<div class=\"elementor-widget-wrap\">\n\t\t\t\t\t\t\t\t\t<\/div>\n\t\t<\/div>\n\t\t\t\t\t\t\t<\/div>\n\t\t<\/section>\n\t\t\t\t<section class=\"elementor-section elementor-top-section elementor-element elementor-element-3a7fd1fa elementor-section-boxed elementor-section-height-default elementor-section-height-default\" data-id=\"3a7fd1fa\" data-element_type=\"section\">\n\t\t\t\t\t\t<div class=\"elementor-container elementor-column-gap-default\">\n\t\t\t\t\t<div class=\"elementor-column elementor-col-100 elementor-top-column elementor-element elementor-element-b16704a\" data-id=\"b16704a\" data-element_type=\"column\">\n\t\t\t<div class=\"elementor-widget-wrap\">\n\t\t\t\t\t\t\t\t\t<\/div>\n\t\t<\/div>\n\t\t\t\t\t\t\t<\/div>\n\t\t<\/section>\n\t\t\t\t<section class=\"elementor-section elementor-top-section elementor-element elementor-element-2432859f elementor-section-boxed elementor-section-height-default elementor-section-height-default\" data-id=\"2432859f\" data-element_type=\"section\" data-settings=\"{&quot;background_background&quot;:&quot;classic&quot;}\">\n\t\t\t\t\t\t<div class=\"elementor-container elementor-column-gap-default\">\n\t\t\t\t\t<div class=\"elementor-column elementor-col-50 elementor-top-column elementor-element elementor-element-1b1e48cb\" data-id=\"1b1e48cb\" data-element_type=\"column\">\n\t\t\t<div class=\"elementor-widget-wrap elementor-element-populated\">\n\t\t\t\t\t\t\t\t<div class=\"elementor-element elementor-element-3a3c1c8f elementor-absolute elementor-widget elementor-widget-image\" data-id=\"3a3c1c8f\" data-element_type=\"widget\" data-settings=\"{&quot;_position&quot;:&quot;absolute&quot;}\" data-widget_type=\"image.default\">\n\t\t\t\t<div class=\"elementor-widget-container\">\n\t\t\t\t\t<div class=\"elementor-image\">\n\t\t\t\t\t\t\t\t\t\t<img width=\"318\" height=\"398\" src=\"https:\/\/james.com.ec\/wp-content\/uploads\/2021\/02\/dot-aksen.png\" class=\"attachment-full size-full\" alt=\"\" srcset=\"https:\/\/james.com.ec\/wp-content\/uploads\/2021\/02\/dot-aksen.png 318w, https:\/\/james.com.ec\/wp-content\/uploads\/2021\/02\/dot-aksen-240x300.png 240w\" sizes=\"(max-width: 318px) 100vw, 318px\" \/>\t\t\t\t\t\t\t\t\t\t\t<\/div>\n\t\t\t\t<\/div>\n\t\t\t\t<\/div>\n\t\t\t\t<div class=\"elementor-element elementor-element-459fd4a6 elementor-widget elementor-widget-image\" data-id=\"459fd4a6\" data-element_type=\"widget\" data-widget_type=\"image.default\">\n\t\t\t\t<div class=\"elementor-widget-container\">\n\t\t\t\t\t<div class=\"elementor-image\">\n\t\t\t\t\t\t\t\t\t\t<img src=\"https:\/\/james.com.ec\/wp-content\/uploads\/elementor\/thumbs\/james-smithson-guayaquil-pkrw8u4ni7ft5nri7tps1h0auog1iq3wf1kqydtcuc.jpg\" title=\"james-smithson-guayaquil\" alt=\"james-smithson-guayaquil\" \/>\t\t\t\t\t\t\t\t\t\t\t<\/div>\n\t\t\t\t<\/div>\n\t\t\t\t<\/div>\n\t\t\t\t<div class=\"elementor-element elementor-element-43d31c2a elementor-widget__width-initial elementor-widget elementor-widget-heading\" data-id=\"43d31c2a\" data-element_type=\"widget\" data-widget_type=\"heading.default\">\n\t\t\t\t<div class=\"elementor-widget-container\">\n\t\t\t<h3 class=\"elementor-heading-title elementor-size-default\">Educamos para la vida<\/h3>\t\t<\/div>\n\t\t\t\t<\/div>\n\t\t\t\t<div class=\"elementor-element elementor-element-13d579c elementor-widget__width-initial elementor-hidden-phone elementor-widget elementor-widget-spacer\" data-id=\"13d579c\" data-element_type=\"widget\" data-widget_type=\"spacer.default\">\n\t\t\t\t<div class=\"elementor-widget-container\">\n\t\t\t\t\t<div class=\"elementor-spacer\">\n\t\t\t<div class=\"elementor-spacer-inner\"><\/div>\n\t\t<\/div>\n\t\t\t\t<\/div>\n\t\t\t\t<\/div>\n\t\t\t\t\t<\/div>\n\t\t<\/div>\n\t\t\t\t<div class=\"elementor-column elementor-col-50 elementor-top-column elementor-element elementor-element-1cf3235a\" data-id=\"1cf3235a\" data-element_type=\"column\">\n\t\t\t<div class=\"elementor-widget-wrap elementor-element-populated\">\n\t\t\t\t\t\t\t\t<div class=\"elementor-element elementor-element-238d4469 elementor-widget elementor-widget-image\" data-id=\"238d4469\" data-element_type=\"widget\" data-widget_type=\"image.default\">\n\t\t\t\t<div class=\"elementor-widget-container\">\n\t\t\t\t\t<div class=\"elementor-image\">\n\t\t\t\t\t\t\t\t\t\t<img width=\"300\" height=\"92\" src=\"https:\/\/james.com.ec\/wp-content\/uploads\/2021\/02\/cropped-Logotipo-original-1-300x92.png\" class=\"attachment-medium size-medium\" alt=\"\" srcset=\"https:\/\/james.com.ec\/wp-content\/uploads\/2021\/02\/cropped-Logotipo-original-1-300x92.png 300w, https:\/\/james.com.ec\/wp-content\/uploads\/2021\/02\/cropped-Logotipo-original-1-1024x313.png 1024w, https:\/\/james.com.ec\/wp-content\/uploads\/2021\/02\/cropped-Logotipo-original-1-768x234.png 768w, https:\/\/james.com.ec\/wp-content\/uploads\/2021\/02\/cropped-Logotipo-original-1.png 1071w\" sizes=\"(max-width: 300px) 100vw, 300px\" \/>\t\t\t\t\t\t\t\t\t\t\t<\/div>\n\t\t\t\t<\/div>\n\t\t\t\t<\/div>\n\t\t\t\t<div class=\"elementor-element elementor-element-e232a6c elementor-widget elementor-widget-spacer\" data-id=\"e232a6c\" data-element_type=\"widget\" data-widget_type=\"spacer.default\">\n\t\t\t\t<div class=\"elementor-widget-container\">\n\t\t\t\t\t<div class=\"elementor-spacer\">\n\t\t\t<div class=\"elementor-spacer-inner\"><\/div>\n\t\t<\/div>\n\t\t\t\t<\/div>\n\t\t\t\t<\/div>\n\t\t\t\t<div class=\"elementor-element elementor-element-2790239 elementor-widget elementor-widget-heading\" data-id=\"2790239\" data-element_type=\"widget\" data-widget_type=\"heading.default\">\n\t\t\t\t<div class=\"elementor-widget-container\">\n\t\t\t<h5 class=\"elementor-heading-title elementor-size-default\">Visi\u00f3n<\/h5>\t\t<\/div>\n\t\t\t\t<\/div>\n\t\t\t\t<div class=\"elementor-element elementor-element-3d829e02 elementor-widget elementor-widget-text-editor\" data-id=\"3d829e02\" data-element_type=\"widget\" data-widget_type=\"text-editor.default\">\n\t\t\t\t<div class=\"elementor-widget-container\">\n\t\t\t\t\t<div class=\"elementor-text-editor elementor-clearfix\"><p>Ser referente de educaci\u00f3n extraordinaria para personas con escolaridad inconclusa, aportando a la sociedad con individuos altamente capacitados en conocimientos te\u00f3ricos, principios \u00e9ticos, aspiraciones progresistas y dispuestos a enfrentarse al cambio que se vive en una sociedad competitiva. Demostrando a la comunidad que nunca es tarde para retomar los estudios.\u00a0<\/p><\/div>\n\t\t\t\t<\/div>\n\t\t\t\t<\/div>\n\t\t\t\t\t<\/div>\n\t\t<\/div>\n\t\t\t\t\t\t\t<\/div>\n\t\t<\/section>\n\t\t\t\t<section class=\"elementor-section elementor-top-section elementor-element elementor-element-4db91892 elementor-section-boxed elementor-section-height-default elementor-section-height-default\" data-id=\"4db91892\" data-element_type=\"section\">\n\t\t\t\t\t\t<div class=\"elementor-container elementor-column-gap-default\">\n\t\t\t\t\t<div class=\"elementor-column elementor-col-100 elementor-top-column elementor-element elementor-element-5913b7ac\" data-id=\"5913b7ac\" data-element_type=\"column\">\n\t\t\t<div class=\"elementor-widget-wrap elementor-element-populated\">\n\t\t\t\t\t\t\t\t<div class=\"elementor-element elementor-element-3f1cbed5 elementor-widget elementor-widget-image-carousel\" data-id=\"3f1cbed5\" data-element_type=\"widget\" data-settings=\"{&quot;slides_to_show&quot;:&quot;4&quot;,&quot;navigation&quot;:&quot;none&quot;,&quot;autoplay&quot;:&quot;yes&quot;,&quot;pause_on_hover&quot;:&quot;yes&quot;,&quot;pause_on_interaction&quot;:&quot;yes&quot;,&quot;autoplay_speed&quot;:5000,&quot;infinite&quot;:&quot;yes&quot;,&quot;speed&quot;:500}\" data-widget_type=\"image-carousel.default\">\n\t\t\t\t<div class=\"elementor-widget-container\">\n\t\t\t\t\t<div class=\"elementor-image-carousel-wrapper swiper-container\" dir=\"ltr\">\n\t\t\t<div class=\"elementor-image-carousel swiper-wrapper\">\n\t\t\t\t<div class=\"swiper-slide\"><figure class=\"swiper-slide-inner\"><img class=\"swiper-slide-image\" src=\"https:\/\/james.com.ec\/wp-content\/uploads\/2021\/02\/ministerio-de-educacion-avalado-james-guayaquil.jpg\" alt=\"ministerio-de-educaci&#039;on-avalado-james-guayaquil\" \/><\/figure><\/div>\t\t\t<\/div>\n\t\t\t\t\t<\/div>\n\t\t\t\t<\/div>\n\t\t\t\t<\/div>\n\t\t\t\t\t<\/div>\n\t\t<\/div>\n\t\t\t\t\t\t\t<\/div>\n\t\t<\/section>\n\t\t\t\t<section class=\"elementor-section elementor-top-section elementor-element elementor-element-567c4958 elementor-section-boxed elementor-section-height-default elementor-section-height-default\" data-id=\"567c4958\" data-element_type=\"section\">\n\t\t\t\t\t\t<div class=\"elementor-container elementor-column-gap-default\">\n\t\t\t\t\t<div class=\"elementor-column elementor-col-100 elementor-top-column elementor-element elementor-element-1f2b0bc7\" data-id=\"1f2b0bc7\" data-element_type=\"column\">\n\t\t\t<div class=\"elementor-widget-wrap elementor-element-populated\">\n\t\t\t\t\t\t\t\t<section class=\"elementor-section elementor-inner-section elementor-element elementor-element-712a9af4 elementor-section-boxed elementor-section-height-default elementor-section-height-default\" data-id=\"712a9af4\" data-element_type=\"section\" data-settings=\"{&quot;background_background&quot;:&quot;classic&quot;}\">\n\t\t\t\t\t\t<div class=\"elementor-container elementor-column-gap-default\">\n\t\t\t\t\t<div class=\"elementor-column elementor-col-66 elementor-inner-column elementor-element elementor-element-1640124c\" data-id=\"1640124c\" data-element_type=\"column\">\n\t\t\t<div class=\"elementor-widget-wrap elementor-element-populated\">\n\t\t\t\t\t\t\t\t<div class=\"elementor-element elementor-element-4c1d3f5c elementor-widget elementor-widget-heading\" data-id=\"4c1d3f5c\" data-element_type=\"widget\" data-widget_type=\"heading.default\">\n\t\t\t\t<div class=\"elementor-widget-container\">\n\t\t\t<h5 class=\"elementor-heading-title elementor-size-default\">T\u00edtulos avalados por el MINEDUC<\/h5>\t\t<\/div>\n\t\t\t\t<\/div>\n\t\t\t\t\t<\/div>\n\t\t<\/div>\n\t\t\t\t<div class=\"elementor-column elementor-col-33 elementor-inner-column elementor-element elementor-element-715b2485\" data-id=\"715b2485\" data-element_type=\"column\">\n\t\t\t<div class=\"elementor-widget-wrap elementor-element-populated\">\n\t\t\t\t\t\t\t\t<div class=\"elementor-element elementor-element-54757310 elementor-align-right elementor-mobile-align-center elementor-widget elementor-widget-button\" data-id=\"54757310\" data-element_type=\"widget\" data-widget_type=\"button.default\">\n\t\t\t\t<div class=\"elementor-widget-container\">\n\t\t\t\t\t<div class=\"elementor-button-wrapper\">\n\t\t\t<a href=\"https:\/\/servicios.educacion.gob.ec\/titulacion25-web\/faces\/paginas\/consulta-titulos-refrendados.xhtml\" class=\"elementor-button-link elementor-button elementor-size-md\" role=\"button\">\n\t\t\t\t\t\t<span class=\"elementor-button-content-wrapper\">\n\t\t\t\t\t\t<span class=\"elementor-button-text\">Revisar t\u00edtulos validados<\/span>\n\t\t<\/span>\n\t\t\t\t\t<\/a>\n\t\t<\/div>\n\t\t\t\t<\/div>\n\t\t\t\t<\/div>\n\t\t\t\t\t<\/div>\n\t\t<\/div>\n\t\t\t\t\t\t\t<\/div>\n\t\t<\/section>\n\t\t\t\t\t<\/div>\n\t\t<\/div>\n\t\t\t\t\t\t\t<\/div>\n\t\t<\/section>\n\t\t\t\t\t\t<\/div>\n\t\t\t\t\t<\/div>\n\t\t","protected":false},"excerpt":{"rendered":"<p>Nuestra visi\u00f3n Educamos para la vida Visi\u00f3n Ser referente de educaci\u00f3n extraordinaria para personas con escolaridad inconclusa, aportando a la sociedad con individuos altamente capacitados en conocimientos te\u00f3ricos, principios \u00e9ticos, aspiraciones progresistas y dispuestos a enfrentarse al cambio que se vive en una sociedad competitiva. Demostrando a la comunidad que nunca es tarde para retomar [&hellip;]<\/p>\n","protected":false},"author":1,"featured_media":0,"parent":0,"menu_order":0,"comment_status":"closed","ping_status":"closed","template":"elementor_header_footer","meta":[],"yoast_head":"<!-- This site is optimized with the Yoast SEO plugin v18.1 - https:\/\/yoast.com\/wordpress\/plugins\/seo\/ -->\n<title>Visi\u00f3n - Boos<\/title>\n<meta name=\"robots\" content=\"index, follow, max-snippet:-1, max-image-preview:large, max-video-preview:-1\" \/>\n<link rel=\"canonical\" href=\"https:\/\/james.com.ec\/?page_id=867\" \/>\n<meta property=\"og:locale\" content=\"en_US\" \/>\n<meta property=\"og:type\" content=\"article\" \/>\n<meta property=\"og:title\" content=\"Visi\u00f3n - Boos\" \/>\n<meta property=\"og:description\" content=\"Nuestra visi\u00f3n Educamos para la vida Visi\u00f3n Ser referente de educaci\u00f3n extraordinaria para personas con escolaridad inconclusa, aportando a la sociedad con individuos altamente capacitados en conocimientos te\u00f3ricos, principios \u00e9ticos, aspiraciones progresistas y dispuestos a enfrentarse al cambio que se vive en una sociedad competitiva. Demostrando a la comunidad que nunca es tarde para retomar [&hellip;]\" \/>\n<meta property=\"og:url\" content=\"https:\/\/james.com.ec\/?page_id=867\" \/>\n<meta property=\"og:site_name\" content=\"Boos\" \/>\n<meta property=\"article:modified_time\" content=\"2022-02-17T13:37:02+00:00\" \/>\n<meta property=\"og:image\" content=\"https:\/\/james.com.ec\/wp-content\/uploads\/2021\/02\/dot-aksen.png\" \/>\n<meta name=\"twitter:card\" content=\"summary_large_image\" \/>\n<meta name=\"twitter:label1\" content=\"Est. reading time\" \/>\n\t<meta name=\"twitter:data1\" content=\"2 minutes\" \/>\n<script type=\"application\/ld+json\" class=\"yoast-schema-graph\">{\"@context\":\"https:\/\/schema.org\",\"@graph\":[{\"@type\":\"WebSite\",\"@id\":\"https:\/\/james.com.ec\/#website\",\"url\":\"https:\/\/james.com.ec\/\",\"name\":\"Boos\",\"description\":\"Just another Template Kit 2 Sites site\",\"potentialAction\":[{\"@type\":\"SearchAction\",\"target\":{\"@type\":\"EntryPoint\",\"urlTemplate\":\"https:\/\/james.com.ec\/?s={search_term_string}\"},\"query-input\":\"required name=search_term_string\"}],\"inLanguage\":\"en-US\"},{\"@type\":\"ImageObject\",\"@id\":\"https:\/\/james.com.ec\/?page_id=867#primaryimage\",\"inLanguage\":\"en-US\",\"url\":\"https:\/\/james.com.ec\/wp-content\/uploads\/2021\/02\/dot-aksen.png\",\"contentUrl\":\"https:\/\/james.com.ec\/wp-content\/uploads\/2021\/02\/dot-aksen.png\",\"width\":318,\"height\":398},{\"@type\":\"WebPage\",\"@id\":\"https:\/\/james.com.ec\/?page_id=867#webpage\",\"url\":\"https:\/\/james.com.ec\/?page_id=867\",\"name\":\"Visi\u00f3n - Boos\",\"isPartOf\":{\"@id\":\"https:\/\/james.com.ec\/#website\"},\"primaryImageOfPage\":{\"@id\":\"https:\/\/james.com.ec\/?page_id=867#primaryimage\"},\"datePublished\":\"2022-02-17T13:12:58+00:00\",\"dateModified\":\"2022-02-17T13:37:02+00:00\",\"breadcrumb\":{\"@id\":\"https:\/\/james.com.ec\/?page_id=867#breadcrumb\"},\"inLanguage\":\"en-US\",\"potentialAction\":[{\"@type\":\"ReadAction\",\"target\":[\"https:\/\/james.com.ec\/?page_id=867\"]}]},{\"@type\":\"BreadcrumbList\",\"@id\":\"https:\/\/james.com.ec\/?page_id=867#breadcrumb\",\"itemListElement\":[{\"@type\":\"ListItem\",\"position\":1,\"name\":\"Home\",\"item\":\"https:\/\/james.com.ec\/\"},{\"@type\":\"ListItem\",\"position\":2,\"name\":\"Visi\u00f3n\"}]}]}<\/script>\n<!-- \/ Yoast SEO plugin. -->","yoast_head_json":{"title":"Visi\u00f3n - Boos","robots":{"index":"index","follow":"follow","max-snippet":"max-snippet:-1","max-image-preview":"max-image-preview:large","max-video-preview":"max-video-preview:-1"},"canonical":"https:\/\/james.com.ec\/?page_id=867","og_locale":"en_US","og_type":"article","og_title":"Visi\u00f3n - Boos","og_description":"Nuestra visi\u00f3n Educamos para la vida Visi\u00f3n Ser referente de educaci\u00f3n extraordinaria para personas con escolaridad inconclusa, aportando a la sociedad con individuos altamente capacitados en conocimientos te\u00f3ricos, principios \u00e9ticos, aspiraciones progresistas y dispuestos a enfrentarse al cambio que se vive en una sociedad competitiva. Demostrando a la comunidad que nunca es tarde para retomar [&hellip;]","og_url":"https:\/\/james.com.ec\/?page_id=867","og_site_name":"Boos","article_modified_time":"2022-02-17T13:37:02+00:00","og_image":[{"url":"https:\/\/james.com.ec\/wp-content\/uploads\/2021\/02\/dot-aksen.png"}],"twitter_card":"summary_large_image","twitter_misc":{"Est. reading time":"2 minutes"},"schema":{"@context":"https:\/\/schema.org","@graph":[{"@type":"WebSite","@id":"https:\/\/james.com.ec\/#website","url":"https:\/\/james.com.ec\/","name":"Boos","description":"Just another Template Kit 2 Sites site","potentialAction":[{"@type":"SearchAction","target":{"@type":"EntryPoint","urlTemplate":"https:\/\/james.com.ec\/?s={search_term_string}"},"query-input":"required name=search_term_string"}],"inLanguage":"en-US"},{"@type":"ImageObject","@id":"https:\/\/james.com.ec\/?page_id=867#primaryimage","inLanguage":"en-US","url":"https:\/\/james.com.ec\/wp-content\/uploads\/2021\/02\/dot-aksen.png","contentUrl":"https:\/\/james.com.ec\/wp-content\/uploads\/2021\/02\/dot-aksen.png","width":318,"height":398},{"@type":"WebPage","@id":"https:\/\/james.com.ec\/?page_id=867#webpage","url":"https:\/\/james.com.ec\/?page_id=867","name":"Visi\u00f3n - Boos","isPartOf":{"@id":"https:\/\/james.com.ec\/#website"},"primaryImageOfPage":{"@id":"https:\/\/james.com.ec\/?page_id=867#primaryimage"},"datePublished":"2022-02-17T13:12:58+00:00","dateModified":"2022-02-17T13:37:02+00:00","breadcrumb":{"@id":"https:\/\/james.com.ec\/?page_id=867#breadcrumb"},"inLanguage":"en-US","potentialAction":[{"@type":"ReadAction","target":["https:\/\/james.com.ec\/?page_id=867"]}]},{"@type":"BreadcrumbList","@id":"https:\/\/james.com.ec\/?page_id=867#breadcrumb","itemListElement":[{"@type":"ListItem","position":1,"name":"Home","item":"https:\/\/james.com.ec\/"},{"@type":"ListItem","position":2,"name":"Visi\u00f3n"}]}]}},"_links":{"self":[{"href":"https:\/\/james.com.ec\/index.php?rest_route=\/wp\/v2\/pages\/867"}],"collection":[{"href":"https:\/\/james.com.ec\/index.php?rest_route=\/wp\/v2\/pages"}],"about":[{"href":"https:\/\/james.com.ec\/index.php?rest_route=\/wp\/v2\/types\/page"}],"author":[{"embeddable":true,"href":"https:\/\/james.com.ec\/index.php?rest_route=\/wp\/v2\/users\/1"}],"replies":[{"embeddable":true,"href":"https:\/\/james.com.ec\/index.php?rest_route=%2Fwp%2Fv2%2Fcomments&post=867"}],"version-history":[{"count":16,"href":"https:\/\/james.com.ec\/index.php?rest_route=\/wp\/v2\/pages\/867\/revisions"}],"predecessor-version":[{"id":924,"href":"https:\/\/james.com.ec\/index.php?rest_route=\/wp\/v2\/pages\/867\/revisions\/924"}],"wp:attachment":[{"href":"https:\/\/james.com.ec\/index.php?rest_route=%2Fwp%2Fv2%2Fmedia&parent=867"}],"curies":[{"name":"wp","href":"https:\/\/api.w.org\/{rel}","templated":true}]}}