{"id":865,"date":"2022-02-17T13:12:49","date_gmt":"2022-02-17T13:12:49","guid":{"rendered":"https:\/\/james.com.ec\/?page_id=865"},"modified":"2022-02-17T13:37:28","modified_gmt":"2022-02-17T13:37:28","slug":"mision","status":"publish","type":"page","link":"https:\/\/james.com.ec\/?page_id=865","title":{"rendered":"Misi\u00f3n"},"content":{"rendered":"\t\t<div data-elementor-type=\"wp-page\" data-elementor-id=\"865\" class=\"elementor elementor-865\" data-elementor-settings=\"[]\">\n\t\t\t\t\t\t\t<div class=\"elementor-section-wrap\">\n\t\t\t\t\t\t\t<section class=\"elementor-section elementor-top-section elementor-element elementor-element-3b18ac89 elementor-section-boxed elementor-section-height-default elementor-section-height-default\" data-id=\"3b18ac89\" data-element_type=\"section\" data-settings=\"{&quot;background_background&quot;:&quot;classic&quot;}\">\n\t\t\t\t\t\t\t<div class=\"elementor-background-overlay\"><\/div>\n\t\t\t\t\t\t\t<div class=\"elementor-container elementor-column-gap-default\">\n\t\t\t\t\t<div class=\"elementor-column elementor-col-50 elementor-top-column elementor-element elementor-element-7b7e7553\" data-id=\"7b7e7553\" data-element_type=\"column\">\n\t\t\t<div class=\"elementor-widget-wrap elementor-element-populated\">\n\t\t\t\t\t\t\t\t<div class=\"elementor-element elementor-element-781ccb4 elementor-widget elementor-widget-spacer\" data-id=\"781ccb4\" data-element_type=\"widget\" data-widget_type=\"spacer.default\">\n\t\t\t\t<div class=\"elementor-widget-container\">\n\t\t\t\t\t<div class=\"elementor-spacer\">\n\t\t\t<div class=\"elementor-spacer-inner\"><\/div>\n\t\t<\/div>\n\t\t\t\t<\/div>\n\t\t\t\t<\/div>\n\t\t\t\t<div class=\"elementor-element elementor-element-3e95df4 elementor-widget elementor-widget-spacer\" data-id=\"3e95df4\" data-element_type=\"widget\" data-widget_type=\"spacer.default\">\n\t\t\t\t<div class=\"elementor-widget-container\">\n\t\t\t\t\t<div class=\"elementor-spacer\">\n\t\t\t<div class=\"elementor-spacer-inner\"><\/div>\n\t\t<\/div>\n\t\t\t\t<\/div>\n\t\t\t\t<\/div>\n\t\t\t\t<div class=\"elementor-element elementor-element-186832f1 elementor-widget elementor-widget-heading\" data-id=\"186832f1\" data-element_type=\"widget\" data-widget_type=\"heading.default\">\n\t\t\t\t<div class=\"elementor-widget-container\">\n\t\t\t<h1 class=\"elementor-heading-title elementor-size-default\">Nuestra misi\u00f3n<\/h1>\t\t<\/div>\n\t\t\t\t<\/div>\n\t\t\t\t<div class=\"elementor-element elementor-element-7fb06fcc elementor-widget elementor-widget-text-editor\" data-id=\"7fb06fcc\" data-element_type=\"widget\" data-widget_type=\"text-editor.default\">\n\t\t\t\t<div class=\"elementor-widget-container\">\n\t\t\t\t\t<div class=\"elementor-text-editor elementor-clearfix\"><\/div>\n\t\t\t\t<\/div>\n\t\t\t\t<\/div>\n\t\t\t\t<div class=\"elementor-element elementor-element-4e3533ab elementor-widget elementor-widget-spacer\" data-id=\"4e3533ab\" data-element_type=\"widget\" data-widget_type=\"spacer.default\">\n\t\t\t\t<div class=\"elementor-widget-container\">\n\t\t\t\t\t<div class=\"elementor-spacer\">\n\t\t\t<div class=\"elementor-spacer-inner\"><\/div>\n\t\t<\/div>\n\t\t\t\t<\/div>\n\t\t\t\t<\/div>\n\t\t\t\t\t<\/div>\n\t\t<\/div>\n\t\t\t\t<div class=\"elementor-column elementor-col-50 elementor-top-column elementor-element elementor-element-6247a6b5\" data-id=\"6247a6b5\" data-element_type=\"column\">\n\t\t\t<div class=\"elementor-widget-wrap\">\n\t\t\t\t\t\t\t\t\t<\/div>\n\t\t<\/div>\n\t\t\t\t\t\t\t<\/div>\n\t\t<\/section>\n\t\t\t\t<section class=\"elementor-section elementor-top-section elementor-element elementor-element-40c2bac3 elementor-section-boxed elementor-section-height-default elementor-section-height-default\" data-id=\"40c2bac3\" data-element_type=\"section\">\n\t\t\t\t\t\t<div class=\"elementor-container elementor-column-gap-default\">\n\t\t\t\t\t<div class=\"elementor-column elementor-col-100 elementor-top-column elementor-element elementor-element-3ab07e7f\" data-id=\"3ab07e7f\" data-element_type=\"column\">\n\t\t\t<div class=\"elementor-widget-wrap\">\n\t\t\t\t\t\t\t\t\t<\/div>\n\t\t<\/div>\n\t\t\t\t\t\t\t<\/div>\n\t\t<\/section>\n\t\t\t\t<section class=\"elementor-section elementor-top-section elementor-element elementor-element-eca2965 elementor-section-boxed elementor-section-height-default elementor-section-height-default\" data-id=\"eca2965\" data-element_type=\"section\" data-settings=\"{&quot;background_background&quot;:&quot;classic&quot;}\">\n\t\t\t\t\t\t<div class=\"elementor-container elementor-column-gap-default\">\n\t\t\t\t\t<div class=\"elementor-column elementor-col-50 elementor-top-column elementor-element elementor-element-3041066e\" data-id=\"3041066e\" data-element_type=\"column\">\n\t\t\t<div class=\"elementor-widget-wrap elementor-element-populated\">\n\t\t\t\t\t\t\t\t<div class=\"elementor-element elementor-element-4ba395be elementor-absolute elementor-widget elementor-widget-image\" data-id=\"4ba395be\" data-element_type=\"widget\" data-settings=\"{&quot;_position&quot;:&quot;absolute&quot;}\" data-widget_type=\"image.default\">\n\t\t\t\t<div class=\"elementor-widget-container\">\n\t\t\t\t\t<div class=\"elementor-image\">\n\t\t\t\t\t\t\t\t\t\t<img width=\"318\" height=\"398\" src=\"https:\/\/james.com.ec\/wp-content\/uploads\/2021\/02\/dot-aksen.png\" class=\"attachment-full size-full\" alt=\"\" srcset=\"https:\/\/james.com.ec\/wp-content\/uploads\/2021\/02\/dot-aksen.png 318w, https:\/\/james.com.ec\/wp-content\/uploads\/2021\/02\/dot-aksen-240x300.png 240w\" sizes=\"(max-width: 318px) 100vw, 318px\" \/>\t\t\t\t\t\t\t\t\t\t\t<\/div>\n\t\t\t\t<\/div>\n\t\t\t\t<\/div>\n\t\t\t\t<div class=\"elementor-element elementor-element-122f5500 elementor-widget elementor-widget-image\" data-id=\"122f5500\" data-element_type=\"widget\" data-widget_type=\"image.default\">\n\t\t\t\t<div class=\"elementor-widget-container\">\n\t\t\t\t\t<div class=\"elementor-image\">\n\t\t\t\t\t\t\t\t\t\t<img src=\"https:\/\/james.com.ec\/wp-content\/uploads\/elementor\/thumbs\/james-smithson-pkrw8u4ni7ft5nri7tps1h0auog1iq3wf1kqydtcuc.jpg\" title=\"james-smithson\" alt=\"james-smithson\" \/>\t\t\t\t\t\t\t\t\t\t\t<\/div>\n\t\t\t\t<\/div>\n\t\t\t\t<\/div>\n\t\t\t\t<div class=\"elementor-element elementor-element-7c0094b0 elementor-widget__width-initial elementor-widget elementor-widget-heading\" data-id=\"7c0094b0\" data-element_type=\"widget\" data-widget_type=\"heading.default\">\n\t\t\t\t<div class=\"elementor-widget-container\">\n\t\t\t<h3 class=\"elementor-heading-title elementor-size-default\">Educamos para la vida<\/h3>\t\t<\/div>\n\t\t\t\t<\/div>\n\t\t\t\t<div class=\"elementor-element elementor-element-21cee22e elementor-widget__width-initial elementor-hidden-phone elementor-widget elementor-widget-spacer\" data-id=\"21cee22e\" data-element_type=\"widget\" data-widget_type=\"spacer.default\">\n\t\t\t\t<div class=\"elementor-widget-container\">\n\t\t\t\t\t<div class=\"elementor-spacer\">\n\t\t\t<div class=\"elementor-spacer-inner\"><\/div>\n\t\t<\/div>\n\t\t\t\t<\/div>\n\t\t\t\t<\/div>\n\t\t\t\t\t<\/div>\n\t\t<\/div>\n\t\t\t\t<div class=\"elementor-column elementor-col-50 elementor-top-column elementor-element elementor-element-6a660d80\" data-id=\"6a660d80\" data-element_type=\"column\">\n\t\t\t<div class=\"elementor-widget-wrap elementor-element-populated\">\n\t\t\t\t\t\t\t\t<div class=\"elementor-element elementor-element-1a80a952 elementor-widget elementor-widget-image\" data-id=\"1a80a952\" data-element_type=\"widget\" data-widget_type=\"image.default\">\n\t\t\t\t<div class=\"elementor-widget-container\">\n\t\t\t\t\t<div class=\"elementor-image\">\n\t\t\t\t\t\t\t\t\t\t<img width=\"300\" height=\"92\" src=\"https:\/\/james.com.ec\/wp-content\/uploads\/2021\/02\/cropped-Logotipo-original-1-300x92.png\" class=\"attachment-medium size-medium\" alt=\"\" srcset=\"https:\/\/james.com.ec\/wp-content\/uploads\/2021\/02\/cropped-Logotipo-original-1-300x92.png 300w, https:\/\/james.com.ec\/wp-content\/uploads\/2021\/02\/cropped-Logotipo-original-1-1024x313.png 1024w, https:\/\/james.com.ec\/wp-content\/uploads\/2021\/02\/cropped-Logotipo-original-1-768x234.png 768w, https:\/\/james.com.ec\/wp-content\/uploads\/2021\/02\/cropped-Logotipo-original-1.png 1071w\" sizes=\"(max-width: 300px) 100vw, 300px\" \/>\t\t\t\t\t\t\t\t\t\t\t<\/div>\n\t\t\t\t<\/div>\n\t\t\t\t<\/div>\n\t\t\t\t<div class=\"elementor-element elementor-element-f00b1ca elementor-widget elementor-widget-spacer\" data-id=\"f00b1ca\" data-element_type=\"widget\" data-widget_type=\"spacer.default\">\n\t\t\t\t<div class=\"elementor-widget-container\">\n\t\t\t\t\t<div class=\"elementor-spacer\">\n\t\t\t<div class=\"elementor-spacer-inner\"><\/div>\n\t\t<\/div>\n\t\t\t\t<\/div>\n\t\t\t\t<\/div>\n\t\t\t\t<div class=\"elementor-element elementor-element-3a4a981 elementor-widget elementor-widget-heading\" data-id=\"3a4a981\" data-element_type=\"widget\" data-widget_type=\"heading.default\">\n\t\t\t\t<div class=\"elementor-widget-container\">\n\t\t\t<h5 class=\"elementor-heading-title elementor-size-default\">Misi\u00f3n<\/h5>\t\t<\/div>\n\t\t\t\t<\/div>\n\t\t\t\t<div class=\"elementor-element elementor-element-28e2f1b4 elementor-widget elementor-widget-text-editor\" data-id=\"28e2f1b4\" data-element_type=\"widget\" data-widget_type=\"text-editor.default\">\n\t\t\t\t<div class=\"elementor-widget-container\">\n\t\t\t\t\t<div class=\"elementor-text-editor elementor-clearfix\"><p>Dar la oportunidad de una educaci\u00f3n inclusiva a todos los aspirantes calificados para los programas de educaci\u00f3n media en aras que culminen su bachillerato promoviendo la educaci\u00f3n para la vida, con contenidos curriculares \u00edntegros y flexible que permiten una constante motivaci\u00f3n hacia el logro de los objetivos.<\/p><\/div>\n\t\t\t\t<\/div>\n\t\t\t\t<\/div>\n\t\t\t\t\t<\/div>\n\t\t<\/div>\n\t\t\t\t\t\t\t<\/div>\n\t\t<\/section>\n\t\t\t\t<section class=\"elementor-section elementor-top-section elementor-element elementor-element-3b62c23 elementor-section-boxed elementor-section-height-default elementor-section-height-default\" data-id=\"3b62c23\" data-element_type=\"section\">\n\t\t\t\t\t\t<div class=\"elementor-container elementor-column-gap-default\">\n\t\t\t\t\t<div class=\"elementor-column elementor-col-100 elementor-top-column elementor-element elementor-element-9f4a44a\" data-id=\"9f4a44a\" data-element_type=\"column\">\n\t\t\t<div class=\"elementor-widget-wrap\">\n\t\t\t\t\t\t\t\t\t<\/div>\n\t\t<\/div>\n\t\t\t\t\t\t\t<\/div>\n\t\t<\/section>\n\t\t\t\t<section class=\"elementor-section elementor-top-section elementor-element elementor-element-2afa14e0 elementor-section-boxed elementor-section-height-default elementor-section-height-default\" data-id=\"2afa14e0\" data-element_type=\"section\">\n\t\t\t\t\t\t<div class=\"elementor-container elementor-column-gap-default\">\n\t\t\t\t\t<div class=\"elementor-column elementor-col-100 elementor-top-column elementor-element elementor-element-809260e\" data-id=\"809260e\" data-element_type=\"column\">\n\t\t\t<div class=\"elementor-widget-wrap elementor-element-populated\">\n\t\t\t\t\t\t\t\t<div class=\"elementor-element elementor-element-741f3336 elementor-widget elementor-widget-image-carousel\" data-id=\"741f3336\" data-element_type=\"widget\" data-settings=\"{&quot;slides_to_show&quot;:&quot;4&quot;,&quot;navigation&quot;:&quot;none&quot;,&quot;autoplay&quot;:&quot;yes&quot;,&quot;pause_on_hover&quot;:&quot;yes&quot;,&quot;pause_on_interaction&quot;:&quot;yes&quot;,&quot;autoplay_speed&quot;:5000,&quot;infinite&quot;:&quot;yes&quot;,&quot;speed&quot;:500}\" data-widget_type=\"image-carousel.default\">\n\t\t\t\t<div class=\"elementor-widget-container\">\n\t\t\t\t\t<div class=\"elementor-image-carousel-wrapper swiper-container\" dir=\"ltr\">\n\t\t\t<div class=\"elementor-image-carousel swiper-wrapper\">\n\t\t\t\t<div class=\"swiper-slide\"><figure class=\"swiper-slide-inner\"><img class=\"swiper-slide-image\" src=\"https:\/\/james.com.ec\/wp-content\/uploads\/2021\/02\/ministerio-de-educacion-avalado-james-guayaquil.jpg\" alt=\"ministerio-de-educaci&#039;on-avalado-james-guayaquil\" \/><\/figure><\/div>\t\t\t<\/div>\n\t\t\t\t\t<\/div>\n\t\t\t\t<\/div>\n\t\t\t\t<\/div>\n\t\t\t\t\t<\/div>\n\t\t<\/div>\n\t\t\t\t\t\t\t<\/div>\n\t\t<\/section>\n\t\t\t\t<section class=\"elementor-section elementor-top-section elementor-element elementor-element-17d0a534 elementor-section-boxed elementor-section-height-default elementor-section-height-default\" data-id=\"17d0a534\" data-element_type=\"section\">\n\t\t\t\t\t\t<div class=\"elementor-container elementor-column-gap-default\">\n\t\t\t\t\t<div class=\"elementor-column elementor-col-100 elementor-top-column elementor-element elementor-element-37517461\" data-id=\"37517461\" data-element_type=\"column\">\n\t\t\t<div class=\"elementor-widget-wrap elementor-element-populated\">\n\t\t\t\t\t\t\t\t<section class=\"elementor-section elementor-inner-section elementor-element elementor-element-2e4222e3 elementor-section-boxed elementor-section-height-default elementor-section-height-default\" data-id=\"2e4222e3\" data-element_type=\"section\" data-settings=\"{&quot;background_background&quot;:&quot;classic&quot;}\">\n\t\t\t\t\t\t<div class=\"elementor-container elementor-column-gap-default\">\n\t\t\t\t\t<div class=\"elementor-column elementor-col-66 elementor-inner-column elementor-element elementor-element-5f5f132\" data-id=\"5f5f132\" data-element_type=\"column\">\n\t\t\t<div class=\"elementor-widget-wrap elementor-element-populated\">\n\t\t\t\t\t\t\t\t<div class=\"elementor-element elementor-element-7659d7c0 elementor-widget elementor-widget-heading\" data-id=\"7659d7c0\" data-element_type=\"widget\" data-widget_type=\"heading.default\">\n\t\t\t\t<div class=\"elementor-widget-container\">\n\t\t\t<h5 class=\"elementor-heading-title elementor-size-default\">T\u00edtulos avalados por el MINEDUC<\/h5>\t\t<\/div>\n\t\t\t\t<\/div>\n\t\t\t\t\t<\/div>\n\t\t<\/div>\n\t\t\t\t<div class=\"elementor-column elementor-col-33 elementor-inner-column elementor-element elementor-element-60303312\" data-id=\"60303312\" data-element_type=\"column\">\n\t\t\t<div class=\"elementor-widget-wrap elementor-element-populated\">\n\t\t\t\t\t\t\t\t<div class=\"elementor-element elementor-element-5d5a6c1e elementor-align-right elementor-mobile-align-center elementor-widget elementor-widget-button\" data-id=\"5d5a6c1e\" data-element_type=\"widget\" data-widget_type=\"button.default\">\n\t\t\t\t<div class=\"elementor-widget-container\">\n\t\t\t\t\t<div class=\"elementor-button-wrapper\">\n\t\t\t<a href=\"https:\/\/servicios.educacion.gob.ec\/titulacion25-web\/faces\/paginas\/consulta-titulos-refrendados.xhtml\" class=\"elementor-button-link elementor-button elementor-size-md\" role=\"button\">\n\t\t\t\t\t\t<span class=\"elementor-button-content-wrapper\">\n\t\t\t\t\t\t<span class=\"elementor-button-text\">Revisar t\u00edtulos validados<\/span>\n\t\t<\/span>\n\t\t\t\t\t<\/a>\n\t\t<\/div>\n\t\t\t\t<\/div>\n\t\t\t\t<\/div>\n\t\t\t\t\t<\/div>\n\t\t<\/div>\n\t\t\t\t\t\t\t<\/div>\n\t\t<\/section>\n\t\t\t\t\t<\/div>\n\t\t<\/div>\n\t\t\t\t\t\t\t<\/div>\n\t\t<\/section>\n\t\t\t\t\t\t<\/div>\n\t\t\t\t\t<\/div>\n\t\t","protected":false},"excerpt":{"rendered":"<p>Nuestra misi\u00f3n Educamos para la vida Misi\u00f3n Dar la oportunidad de una educaci\u00f3n inclusiva a todos los aspirantes calificados para los programas de educaci\u00f3n media en aras que culminen su bachillerato promoviendo la educaci\u00f3n para la vida, con contenidos curriculares \u00edntegros y flexible que permiten una constante motivaci\u00f3n hacia el logro de los objetivos. T\u00edtulos [&hellip;]<\/p>\n","protected":false},"author":1,"featured_media":0,"parent":0,"menu_order":0,"comment_status":"closed","ping_status":"closed","template":"elementor_header_footer","meta":[],"yoast_head":"<!-- This site is optimized with the Yoast SEO plugin v18.1 - https:\/\/yoast.com\/wordpress\/plugins\/seo\/ -->\n<title>Misi\u00f3n - Boos<\/title>\n<meta name=\"robots\" content=\"index, follow, max-snippet:-1, max-image-preview:large, max-video-preview:-1\" \/>\n<link rel=\"canonical\" href=\"https:\/\/james.com.ec\/?page_id=865\" \/>\n<meta property=\"og:locale\" content=\"en_US\" \/>\n<meta property=\"og:type\" content=\"article\" \/>\n<meta property=\"og:title\" content=\"Misi\u00f3n - Boos\" \/>\n<meta property=\"og:description\" content=\"Nuestra misi\u00f3n Educamos para la vida Misi\u00f3n Dar la oportunidad de una educaci\u00f3n inclusiva a todos los aspirantes calificados para los programas de educaci\u00f3n media en aras que culminen su bachillerato promoviendo la educaci\u00f3n para la vida, con contenidos curriculares \u00edntegros y flexible que permiten una constante motivaci\u00f3n hacia el logro de los objetivos. T\u00edtulos [&hellip;]\" \/>\n<meta property=\"og:url\" content=\"https:\/\/james.com.ec\/?page_id=865\" \/>\n<meta property=\"og:site_name\" content=\"Boos\" \/>\n<meta property=\"article:modified_time\" content=\"2022-02-17T13:37:28+00:00\" \/>\n<meta property=\"og:image\" content=\"https:\/\/james.com.ec\/wp-content\/uploads\/2021\/02\/dot-aksen.png\" \/>\n<meta name=\"twitter:card\" content=\"summary_large_image\" \/>\n<meta name=\"twitter:label1\" content=\"Est. reading time\" \/>\n\t<meta name=\"twitter:data1\" content=\"2 minutes\" \/>\n<script type=\"application\/ld+json\" class=\"yoast-schema-graph\">{\"@context\":\"https:\/\/schema.org\",\"@graph\":[{\"@type\":\"WebSite\",\"@id\":\"https:\/\/james.com.ec\/#website\",\"url\":\"https:\/\/james.com.ec\/\",\"name\":\"Boos\",\"description\":\"Just another Template Kit 2 Sites site\",\"potentialAction\":[{\"@type\":\"SearchAction\",\"target\":{\"@type\":\"EntryPoint\",\"urlTemplate\":\"https:\/\/james.com.ec\/?s={search_term_string}\"},\"query-input\":\"required name=search_term_string\"}],\"inLanguage\":\"en-US\"},{\"@type\":\"ImageObject\",\"@id\":\"https:\/\/james.com.ec\/?page_id=865#primaryimage\",\"inLanguage\":\"en-US\",\"url\":\"https:\/\/james.com.ec\/wp-content\/uploads\/2021\/02\/dot-aksen.png\",\"contentUrl\":\"https:\/\/james.com.ec\/wp-content\/uploads\/2021\/02\/dot-aksen.png\",\"width\":318,\"height\":398},{\"@type\":\"WebPage\",\"@id\":\"https:\/\/james.com.ec\/?page_id=865#webpage\",\"url\":\"https:\/\/james.com.ec\/?page_id=865\",\"name\":\"Misi\u00f3n - Boos\",\"isPartOf\":{\"@id\":\"https:\/\/james.com.ec\/#website\"},\"primaryImageOfPage\":{\"@id\":\"https:\/\/james.com.ec\/?page_id=865#primaryimage\"},\"datePublished\":\"2022-02-17T13:12:49+00:00\",\"dateModified\":\"2022-02-17T13:37:28+00:00\",\"breadcrumb\":{\"@id\":\"https:\/\/james.com.ec\/?page_id=865#breadcrumb\"},\"inLanguage\":\"en-US\",\"potentialAction\":[{\"@type\":\"ReadAction\",\"target\":[\"https:\/\/james.com.ec\/?page_id=865\"]}]},{\"@type\":\"BreadcrumbList\",\"@id\":\"https:\/\/james.com.ec\/?page_id=865#breadcrumb\",\"itemListElement\":[{\"@type\":\"ListItem\",\"position\":1,\"name\":\"Home\",\"item\":\"https:\/\/james.com.ec\/\"},{\"@type\":\"ListItem\",\"position\":2,\"name\":\"Misi\u00f3n\"}]}]}<\/script>\n<!-- \/ Yoast SEO plugin. -->","yoast_head_json":{"title":"Misi\u00f3n - Boos","robots":{"index":"index","follow":"follow","max-snippet":"max-snippet:-1","max-image-preview":"max-image-preview:large","max-video-preview":"max-video-preview:-1"},"canonical":"https:\/\/james.com.ec\/?page_id=865","og_locale":"en_US","og_type":"article","og_title":"Misi\u00f3n - Boos","og_description":"Nuestra misi\u00f3n Educamos para la vida Misi\u00f3n Dar la oportunidad de una educaci\u00f3n inclusiva a todos los aspirantes calificados para los programas de educaci\u00f3n media en aras que culminen su bachillerato promoviendo la educaci\u00f3n para la vida, con contenidos curriculares \u00edntegros y flexible que permiten una constante motivaci\u00f3n hacia el logro de los objetivos. T\u00edtulos [&hellip;]","og_url":"https:\/\/james.com.ec\/?page_id=865","og_site_name":"Boos","article_modified_time":"2022-02-17T13:37:28+00:00","og_image":[{"url":"https:\/\/james.com.ec\/wp-content\/uploads\/2021\/02\/dot-aksen.png"}],"twitter_card":"summary_large_image","twitter_misc":{"Est. reading time":"2 minutes"},"schema":{"@context":"https:\/\/schema.org","@graph":[{"@type":"WebSite","@id":"https:\/\/james.com.ec\/#website","url":"https:\/\/james.com.ec\/","name":"Boos","description":"Just another Template Kit 2 Sites site","potentialAction":[{"@type":"SearchAction","target":{"@type":"EntryPoint","urlTemplate":"https:\/\/james.com.ec\/?s={search_term_string}"},"query-input":"required name=search_term_string"}],"inLanguage":"en-US"},{"@type":"ImageObject","@id":"https:\/\/james.com.ec\/?page_id=865#primaryimage","inLanguage":"en-US","url":"https:\/\/james.com.ec\/wp-content\/uploads\/2021\/02\/dot-aksen.png","contentUrl":"https:\/\/james.com.ec\/wp-content\/uploads\/2021\/02\/dot-aksen.png","width":318,"height":398},{"@type":"WebPage","@id":"https:\/\/james.com.ec\/?page_id=865#webpage","url":"https:\/\/james.com.ec\/?page_id=865","name":"Misi\u00f3n - Boos","isPartOf":{"@id":"https:\/\/james.com.ec\/#website"},"primaryImageOfPage":{"@id":"https:\/\/james.com.ec\/?page_id=865#primaryimage"},"datePublished":"2022-02-17T13:12:49+00:00","dateModified":"2022-02-17T13:37:28+00:00","breadcrumb":{"@id":"https:\/\/james.com.ec\/?page_id=865#breadcrumb"},"inLanguage":"en-US","potentialAction":[{"@type":"ReadAction","target":["https:\/\/james.com.ec\/?page_id=865"]}]},{"@type":"BreadcrumbList","@id":"https:\/\/james.com.ec\/?page_id=865#breadcrumb","itemListElement":[{"@type":"ListItem","position":1,"name":"Home","item":"https:\/\/james.com.ec\/"},{"@type":"ListItem","position":2,"name":"Misi\u00f3n"}]}]}},"_links":{"self":[{"href":"https:\/\/james.com.ec\/index.php?rest_route=\/wp\/v2\/pages\/865"}],"collection":[{"href":"https:\/\/james.com.ec\/index.php?rest_route=\/wp\/v2\/pages"}],"about":[{"href":"https:\/\/james.com.ec\/index.php?rest_route=\/wp\/v2\/types\/page"}],"author":[{"embeddable":true,"href":"https:\/\/james.com.ec\/index.php?rest_route=\/wp\/v2\/users\/1"}],"replies":[{"embeddable":true,"href":"https:\/\/james.com.ec\/index.php?rest_route=%2Fwp%2Fv2%2Fcomments&post=865"}],"version-history":[{"count":16,"href":"https:\/\/james.com.ec\/index.php?rest_route=\/wp\/v2\/pages\/865\/revisions"}],"predecessor-version":[{"id":927,"href":"https:\/\/james.com.ec\/index.php?rest_route=\/wp\/v2\/pages\/865\/revisions\/927"}],"wp:attachment":[{"href":"https:\/\/james.com.ec\/index.php?rest_route=%2Fwp%2Fv2%2Fmedia&parent=865"}],"curies":[{"name":"wp","href":"https:\/\/api.w.org\/{rel}","templated":true}]}}