{"id":1735,"date":"2024-10-08T22:59:14","date_gmt":"2024-10-08T22:59:14","guid":{"rendered":"https:\/\/james.com.ec\/?page_id=1735"},"modified":"2024-10-08T23:07:54","modified_gmt":"2024-10-08T23:07:54","slug":"politicas-de-privacidad","status":"publish","type":"page","link":"https:\/\/james.com.ec\/?page_id=1735","title":{"rendered":"Politicas de privacidad"},"content":{"rendered":"\t\t<div data-elementor-type=\"wp-page\" data-elementor-id=\"1735\" class=\"elementor elementor-1735\" data-elementor-settings=\"[]\">\n\t\t\t\t\t\t\t<div class=\"elementor-section-wrap\">\n\t\t\t\t\t\t\t<section class=\"elementor-section elementor-top-section elementor-element elementor-element-79f9068 elementor-section-boxed elementor-section-height-default elementor-section-height-default\" data-id=\"79f9068\" data-element_type=\"section\">\n\t\t\t\t\t\t<div class=\"elementor-container elementor-column-gap-default\">\n\t\t\t\t\t<div class=\"elementor-column elementor-col-100 elementor-top-column elementor-element elementor-element-7c11b63\" data-id=\"7c11b63\" data-element_type=\"column\">\n\t\t\t<div class=\"elementor-widget-wrap\">\n\t\t\t\t\t\t\t\t\t<\/div>\n\t\t<\/div>\n\t\t\t\t\t\t\t<\/div>\n\t\t<\/section>\n\t\t\t\t<section class=\"elementor-section elementor-top-section elementor-element elementor-element-43d7486 elementor-section-boxed elementor-section-height-default elementor-section-height-default\" data-id=\"43d7486\" data-element_type=\"section\">\n\t\t\t\t\t\t<div class=\"elementor-container elementor-column-gap-default\">\n\t\t\t\t\t<div class=\"elementor-column elementor-col-100 elementor-top-column elementor-element elementor-element-86baa37\" data-id=\"86baa37\" data-element_type=\"column\">\n\t\t\t<div class=\"elementor-widget-wrap\">\n\t\t\t\t\t\t\t\t\t<\/div>\n\t\t<\/div>\n\t\t\t\t\t\t\t<\/div>\n\t\t<\/section>\n\t\t\t\t<section class=\"elementor-section elementor-top-section elementor-element elementor-element-c2f29bd elementor-section-boxed elementor-section-height-default elementor-section-height-default\" data-id=\"c2f29bd\" data-element_type=\"section\">\n\t\t\t\t\t\t<div class=\"elementor-container elementor-column-gap-default\">\n\t\t\t\t\t<div class=\"elementor-column elementor-col-100 elementor-top-column elementor-element elementor-element-88f70dd\" data-id=\"88f70dd\" data-element_type=\"column\">\n\t\t\t<div class=\"elementor-widget-wrap elementor-element-populated\">\n\t\t\t\t\t\t\t\t<div class=\"elementor-element elementor-element-9bcf1fd elementor-widget elementor-widget-spacer\" data-id=\"9bcf1fd\" data-element_type=\"widget\" data-widget_type=\"spacer.default\">\n\t\t\t\t<div class=\"elementor-widget-container\">\n\t\t\t\t\t<div class=\"elementor-spacer\">\n\t\t\t<div class=\"elementor-spacer-inner\"><\/div>\n\t\t<\/div>\n\t\t\t\t<\/div>\n\t\t\t\t<\/div>\n\t\t\t\t\t<\/div>\n\t\t<\/div>\n\t\t\t\t\t\t\t<\/div>\n\t\t<\/section>\n\t\t\t\t<section class=\"elementor-section elementor-top-section elementor-element elementor-element-2c5be32 elementor-section-boxed elementor-section-height-default elementor-section-height-default\" data-id=\"2c5be32\" data-element_type=\"section\">\n\t\t\t\t\t\t<div class=\"elementor-container elementor-column-gap-default\">\n\t\t\t\t\t<div class=\"elementor-column elementor-col-100 elementor-top-column elementor-element elementor-element-8f1a38e\" data-id=\"8f1a38e\" data-element_type=\"column\">\n\t\t\t<div class=\"elementor-widget-wrap elementor-element-populated\">\n\t\t\t\t\t\t\t\t<div class=\"elementor-element elementor-element-a460a58 elementor-widget elementor-widget-spacer\" data-id=\"a460a58\" data-element_type=\"widget\" data-widget_type=\"spacer.default\">\n\t\t\t\t<div class=\"elementor-widget-container\">\n\t\t\t\t\t<div class=\"elementor-spacer\">\n\t\t\t<div class=\"elementor-spacer-inner\"><\/div>\n\t\t<\/div>\n\t\t\t\t<\/div>\n\t\t\t\t<\/div>\n\t\t\t\t<div class=\"elementor-element elementor-element-5e52ac2 elementor-widget elementor-widget-heading\" data-id=\"5e52ac2\" data-element_type=\"widget\" data-widget_type=\"heading.default\">\n\t\t\t\t<div class=\"elementor-widget-container\">\n\t\t\t<h2 class=\"elementor-heading-title elementor-size-default\">Aviso de la Pol\u00edtica de Privacidad<\/h2>\t\t<\/div>\n\t\t\t\t<\/div>\n\t\t\t\t\t<\/div>\n\t\t<\/div>\n\t\t\t\t\t\t\t<\/div>\n\t\t<\/section>\n\t\t\t\t<section class=\"elementor-section elementor-top-section elementor-element elementor-element-56a0d50 elementor-section-boxed elementor-section-height-default elementor-section-height-default\" data-id=\"56a0d50\" data-element_type=\"section\">\n\t\t\t\t\t\t<div class=\"elementor-container elementor-column-gap-default\">\n\t\t\t\t\t<div class=\"elementor-column elementor-col-100 elementor-top-column elementor-element elementor-element-243cb65\" data-id=\"243cb65\" data-element_type=\"column\">\n\t\t\t<div class=\"elementor-widget-wrap elementor-element-populated\">\n\t\t\t\t\t\t\t\t<div class=\"elementor-element elementor-element-520dbe9 elementor-widget elementor-widget-text-editor\" data-id=\"520dbe9\" data-element_type=\"widget\" data-widget_type=\"text-editor.default\">\n\t\t\t\t<div class=\"elementor-widget-container\">\n\t\t\t\t\t<div class=\"elementor-text-editor elementor-clearfix\"><p>La presente Pol\u00edtica de Privacidad y Protecci\u00f3n de Datos Personales (en adelante \u201cPol\u00edtica de Privacidad\u201d) tiene como objetivo principal garantizar tu derecho a estar informado sobre el tratamiento que<strong> La Unidad Educativa PCEI James Smithson<\/strong> realiza de tus datos personales en las bases de datos que administramos. T\u00fa, como usuario, cliente, colaborador, proveedor, entre otras personas naturales vivas que mantienen relaci\u00f3n con La Unidad Educativa PCEI James Smithson, a trav\u00e9s de cualquiera de los canales o medios que utilices para interactuar con nosotros, tienes derecho a que te informemos sobre qu\u00e9 datos personales recogemos, por qu\u00e9 y para qu\u00e9 los recopilamos, su almacenamiento, conservaci\u00f3n, uso, transferencia y finalizaci\u00f3n, as\u00ed como la forma en la que puedes ejercer tus derechos. Por eso te pedimos que leas esta Pol\u00edtica con detenimiento y en su totalidad. Adem\u00e1s, recuerda que siempre puedes comunicarte con nosotros cuando tengas dudas o consultas a trav\u00e9s de nuestros canales oficiales de atenci\u00f3n.<\/p><p>\u00a0<\/p><p>Comprometidos con la transparencia en el tratamiento de sus datos personales damos a conocer el aviso de pol\u00edtica de privacidad o pol\u00edtica de protecci\u00f3n de datos personales que tiene la finalidad de informar a los titulares de los datos de La Unidad Educativa PCEI James Smithson que administramos bases de datos en las que constan sus datos personales, por lo cual ponemos a su disposici\u00f3n informaci\u00f3n respecto del tratamiento o uso al que se someter\u00e1n sus datos personales, as\u00ed como las medidas de protecci\u00f3n y respeto a sus derechos.<\/p><p>\u00a0<\/p><p><strong>IDENTIDAD Y DATOS DE CONTACTO DE LA UNIDAD EDUCATIVA PCEI JAMES SMITHSON COMO RESPONSABLE DE TRATAMIENTO DE DATOS PERSONALES<\/strong><\/p><p><span style=\"letter-spacing: 0.4px; color: var( --e-global-color-text ); font-family: var( --e-global-typography-primary-font-family ), Sans-serif; font-weight: var( --e-global-typography-primary-font-weight );\">La Unidad Educativa PCEI James Smithson. con RUC 0921195483001 y domicilio social en el Cant\u00f3n La Libertad, Barrio Mariscal Sucre, Calle Salom\u00f3n Pinargote y Av 4ta Esquina, ser\u00e1 el responsable del tratamiento de datos personales. La Unidad Educativa PCEI James Smithson ser\u00e1 quien recolectar\u00e1, almacenar\u00e1 y tratar\u00e1 los datos personales de acuerdo con lo establecido en la Ley Org\u00e1nica de Protecci\u00f3n de Datos Personales del Ecuador (en adelante LOPDP).<\/span><\/p><p><strong>Tel\u00e9fono:<\/strong>\u00a0+593 967360599<br \/><strong>Correo electr\u00f3nico: colecturia@gmail.com<\/strong><\/p><p><strong>IDENTIDAD Y DATOS DE CONTACTO DEL DELEGADO DE PROTECCI\u00d3N DE DATOS PERSONALES<\/strong><\/p><p>A fin de garantizar la protecci\u00f3n de los datos personales que el titular o interesado facilita a La Unidad Educativa PCEI James Smithson y ser el punto de contacto con la autoridad de control.<\/p><p>\u00a0<\/p><p><strong>Nombre:<\/strong>\u00a0JEREMY ISAIAS FREIRE SARAGURO<br \/><strong>Domicilio:<\/strong>\u00a0La Libertad, Barrio Mariscal Sucre, Calle Salom\u00f3n Pinargote y Av 4ta Esquina <br \/><strong>Tel\u00e9fono:<\/strong>\u00a0+593 967360599<br \/><strong>Correo electr\u00f3nico: colecturia@gmail.com<\/strong><\/p><p><strong>FINALIDADES DEL TRATAMIENTO DE DATOS PERSONALES<\/strong><\/p><p>La Unidad Educativa PCEI James Smithson, tratar\u00e1 los datos personales de los clientes y no clientes de acuerdo con las siguientes finalidades:<\/p><p><strong>Potenciales: clientes, colaboradores, proveedores y otros.<\/strong><\/p><\/div>\n\t\t\t\t<\/div>\n\t\t\t\t<\/div>\n\t\t\t\t\t<\/div>\n\t\t<\/div>\n\t\t\t\t\t\t\t<\/div>\n\t\t<\/section>\n\t\t\t\t\t\t<\/div>\n\t\t\t\t\t<\/div>\n\t\t","protected":false},"excerpt":{"rendered":"<p>Aviso de la Pol\u00edtica de Privacidad La presente Pol\u00edtica de Privacidad y Protecci\u00f3n de Datos Personales (en adelante \u201cPol\u00edtica de Privacidad\u201d) tiene como objetivo principal garantizar tu derecho a estar informado sobre el tratamiento que La Unidad Educativa PCEI James Smithson realiza de tus datos personales en las bases de datos que administramos. T\u00fa, como [&hellip;]<\/p>\n","protected":false},"author":1,"featured_media":0,"parent":0,"menu_order":0,"comment_status":"closed","ping_status":"closed","template":"elementor_header_footer","meta":[],"yoast_head":"<!-- This site is optimized with the Yoast SEO plugin v18.1 - https:\/\/yoast.com\/wordpress\/plugins\/seo\/ -->\n<title>Politicas de privacidad - Boos<\/title>\n<meta name=\"robots\" content=\"index, follow, max-snippet:-1, max-image-preview:large, max-video-preview:-1\" \/>\n<link rel=\"canonical\" href=\"https:\/\/james.com.ec\/?page_id=1735\" \/>\n<meta property=\"og:locale\" content=\"en_US\" \/>\n<meta property=\"og:type\" content=\"article\" \/>\n<meta property=\"og:title\" content=\"Politicas de privacidad - Boos\" \/>\n<meta property=\"og:description\" content=\"Aviso de la Pol\u00edtica de Privacidad La presente Pol\u00edtica de Privacidad y Protecci\u00f3n de Datos Personales (en adelante \u201cPol\u00edtica de Privacidad\u201d) tiene como objetivo principal garantizar tu derecho a estar informado sobre el tratamiento que La Unidad Educativa PCEI James Smithson realiza de tus datos personales en las bases de datos que administramos. T\u00fa, como [&hellip;]\" \/>\n<meta property=\"og:url\" content=\"https:\/\/james.com.ec\/?page_id=1735\" \/>\n<meta property=\"og:site_name\" content=\"Boos\" \/>\n<meta property=\"article:modified_time\" content=\"2024-10-08T23:07:54+00:00\" \/>\n<meta name=\"twitter:card\" content=\"summary_large_image\" \/>\n<meta name=\"twitter:label1\" content=\"Est. reading time\" \/>\n\t<meta name=\"twitter:data1\" content=\"2 minutes\" \/>\n<script type=\"application\/ld+json\" class=\"yoast-schema-graph\">{\"@context\":\"https:\/\/schema.org\",\"@graph\":[{\"@type\":\"WebSite\",\"@id\":\"https:\/\/james.com.ec\/#website\",\"url\":\"https:\/\/james.com.ec\/\",\"name\":\"Boos\",\"description\":\"Just another Template Kit 2 Sites site\",\"potentialAction\":[{\"@type\":\"SearchAction\",\"target\":{\"@type\":\"EntryPoint\",\"urlTemplate\":\"https:\/\/james.com.ec\/?s={search_term_string}\"},\"query-input\":\"required name=search_term_string\"}],\"inLanguage\":\"en-US\"},{\"@type\":\"WebPage\",\"@id\":\"https:\/\/james.com.ec\/?page_id=1735#webpage\",\"url\":\"https:\/\/james.com.ec\/?page_id=1735\",\"name\":\"Politicas de privacidad - Boos\",\"isPartOf\":{\"@id\":\"https:\/\/james.com.ec\/#website\"},\"datePublished\":\"2024-10-08T22:59:14+00:00\",\"dateModified\":\"2024-10-08T23:07:54+00:00\",\"breadcrumb\":{\"@id\":\"https:\/\/james.com.ec\/?page_id=1735#breadcrumb\"},\"inLanguage\":\"en-US\",\"potentialAction\":[{\"@type\":\"ReadAction\",\"target\":[\"https:\/\/james.com.ec\/?page_id=1735\"]}]},{\"@type\":\"BreadcrumbList\",\"@id\":\"https:\/\/james.com.ec\/?page_id=1735#breadcrumb\",\"itemListElement\":[{\"@type\":\"ListItem\",\"position\":1,\"name\":\"Home\",\"item\":\"https:\/\/james.com.ec\/\"},{\"@type\":\"ListItem\",\"position\":2,\"name\":\"Politicas de privacidad\"}]}]}<\/script>\n<!-- \/ Yoast SEO plugin. -->","yoast_head_json":{"title":"Politicas de privacidad - Boos","robots":{"index":"index","follow":"follow","max-snippet":"max-snippet:-1","max-image-preview":"max-image-preview:large","max-video-preview":"max-video-preview:-1"},"canonical":"https:\/\/james.com.ec\/?page_id=1735","og_locale":"en_US","og_type":"article","og_title":"Politicas de privacidad - Boos","og_description":"Aviso de la Pol\u00edtica de Privacidad La presente Pol\u00edtica de Privacidad y Protecci\u00f3n de Datos Personales (en adelante \u201cPol\u00edtica de Privacidad\u201d) tiene como objetivo principal garantizar tu derecho a estar informado sobre el tratamiento que La Unidad Educativa PCEI James Smithson realiza de tus datos personales en las bases de datos que administramos. T\u00fa, como [&hellip;]","og_url":"https:\/\/james.com.ec\/?page_id=1735","og_site_name":"Boos","article_modified_time":"2024-10-08T23:07:54+00:00","twitter_card":"summary_large_image","twitter_misc":{"Est. reading time":"2 minutes"},"schema":{"@context":"https:\/\/schema.org","@graph":[{"@type":"WebSite","@id":"https:\/\/james.com.ec\/#website","url":"https:\/\/james.com.ec\/","name":"Boos","description":"Just another Template Kit 2 Sites site","potentialAction":[{"@type":"SearchAction","target":{"@type":"EntryPoint","urlTemplate":"https:\/\/james.com.ec\/?s={search_term_string}"},"query-input":"required name=search_term_string"}],"inLanguage":"en-US"},{"@type":"WebPage","@id":"https:\/\/james.com.ec\/?page_id=1735#webpage","url":"https:\/\/james.com.ec\/?page_id=1735","name":"Politicas de privacidad - Boos","isPartOf":{"@id":"https:\/\/james.com.ec\/#website"},"datePublished":"2024-10-08T22:59:14+00:00","dateModified":"2024-10-08T23:07:54+00:00","breadcrumb":{"@id":"https:\/\/james.com.ec\/?page_id=1735#breadcrumb"},"inLanguage":"en-US","potentialAction":[{"@type":"ReadAction","target":["https:\/\/james.com.ec\/?page_id=1735"]}]},{"@type":"BreadcrumbList","@id":"https:\/\/james.com.ec\/?page_id=1735#breadcrumb","itemListElement":[{"@type":"ListItem","position":1,"name":"Home","item":"https:\/\/james.com.ec\/"},{"@type":"ListItem","position":2,"name":"Politicas de privacidad"}]}]}},"_links":{"self":[{"href":"https:\/\/james.com.ec\/index.php?rest_route=\/wp\/v2\/pages\/1735"}],"collection":[{"href":"https:\/\/james.com.ec\/index.php?rest_route=\/wp\/v2\/pages"}],"about":[{"href":"https:\/\/james.com.ec\/index.php?rest_route=\/wp\/v2\/types\/page"}],"author":[{"embeddable":true,"href":"https:\/\/james.com.ec\/index.php?rest_route=\/wp\/v2\/users\/1"}],"replies":[{"embeddable":true,"href":"https:\/\/james.com.ec\/index.php?rest_route=%2Fwp%2Fv2%2Fcomments&post=1735"}],"version-history":[{"count":37,"href":"https:\/\/james.com.ec\/index.php?rest_route=\/wp\/v2\/pages\/1735\/revisions"}],"predecessor-version":[{"id":1776,"href":"https:\/\/james.com.ec\/index.php?rest_route=\/wp\/v2\/pages\/1735\/revisions\/1776"}],"wp:attachment":[{"href":"https:\/\/james.com.ec\/index.php?rest_route=%2Fwp%2Fv2%2Fmedia&parent=1735"}],"curies":[{"name":"wp","href":"https:\/\/api.w.org\/{rel}","templated":true}]}}