{"id":1123,"date":"2022-03-23T12:30:05","date_gmt":"2022-03-23T12:30:05","guid":{"rendered":"https:\/\/james.com.ec\/?page_id=1123"},"modified":"2022-03-23T13:04:36","modified_gmt":"2022-03-23T13:04:36","slug":"ver-titulo","status":"publish","type":"page","link":"https:\/\/james.com.ec\/?page_id=1123","title":{"rendered":"Ver t\u00edtulo"},"content":{"rendered":"\t\t<div data-elementor-type=\"wp-page\" data-elementor-id=\"1123\" class=\"elementor elementor-1123\" data-elementor-settings=\"[]\">\n\t\t\t\t\t\t\t<div class=\"elementor-section-wrap\">\n\t\t\t\t\t\t\t<section class=\"elementor-section elementor-top-section elementor-element elementor-element-7c9d6e7e elementor-section-boxed elementor-section-height-default elementor-section-height-default\" data-id=\"7c9d6e7e\" data-element_type=\"section\" data-settings=\"{&quot;background_background&quot;:&quot;classic&quot;}\">\n\t\t\t\t\t\t\t<div class=\"elementor-background-overlay\"><\/div>\n\t\t\t\t\t\t\t<div class=\"elementor-container elementor-column-gap-default\">\n\t\t\t\t\t<div class=\"elementor-column elementor-col-50 elementor-top-column elementor-element elementor-element-21f9031c\" data-id=\"21f9031c\" data-element_type=\"column\">\n\t\t\t<div class=\"elementor-widget-wrap elementor-element-populated\">\n\t\t\t\t\t\t\t\t<div class=\"elementor-element elementor-element-25c020a2 elementor-widget elementor-widget-spacer\" data-id=\"25c020a2\" data-element_type=\"widget\" data-widget_type=\"spacer.default\">\n\t\t\t\t<div class=\"elementor-widget-container\">\n\t\t\t\t\t<div class=\"elementor-spacer\">\n\t\t\t<div class=\"elementor-spacer-inner\"><\/div>\n\t\t<\/div>\n\t\t\t\t<\/div>\n\t\t\t\t<\/div>\n\t\t\t\t<div class=\"elementor-element elementor-element-7c8963d9 elementor-widget elementor-widget-spacer\" data-id=\"7c8963d9\" data-element_type=\"widget\" data-widget_type=\"spacer.default\">\n\t\t\t\t<div class=\"elementor-widget-container\">\n\t\t\t\t\t<div class=\"elementor-spacer\">\n\t\t\t<div class=\"elementor-spacer-inner\"><\/div>\n\t\t<\/div>\n\t\t\t\t<\/div>\n\t\t\t\t<\/div>\n\t\t\t\t<div class=\"elementor-element elementor-element-25b28c10 elementor-widget elementor-widget-heading\" data-id=\"25b28c10\" data-element_type=\"widget\" data-widget_type=\"heading.default\">\n\t\t\t\t<div class=\"elementor-widget-container\">\n\t\t\t<h1 class=\"elementor-heading-title elementor-size-default\">Ver t\u00edtulo<\/h1>\t\t<\/div>\n\t\t\t\t<\/div>\n\t\t\t\t<div class=\"elementor-element elementor-element-2887a69a elementor-widget elementor-widget-text-editor\" data-id=\"2887a69a\" data-element_type=\"widget\" data-widget_type=\"text-editor.default\">\n\t\t\t\t<div class=\"elementor-widget-container\">\n\t\t\t\t\t<div class=\"elementor-text-editor elementor-clearfix\"><\/div>\n\t\t\t\t<\/div>\n\t\t\t\t<\/div>\n\t\t\t\t<div class=\"elementor-element elementor-element-22cedbde elementor-widget elementor-widget-spacer\" data-id=\"22cedbde\" data-element_type=\"widget\" data-widget_type=\"spacer.default\">\n\t\t\t\t<div class=\"elementor-widget-container\">\n\t\t\t\t\t<div class=\"elementor-spacer\">\n\t\t\t<div class=\"elementor-spacer-inner\"><\/div>\n\t\t<\/div>\n\t\t\t\t<\/div>\n\t\t\t\t<\/div>\n\t\t\t\t\t<\/div>\n\t\t<\/div>\n\t\t\t\t<div class=\"elementor-column elementor-col-50 elementor-top-column elementor-element elementor-element-3df21f56\" data-id=\"3df21f56\" data-element_type=\"column\">\n\t\t\t<div class=\"elementor-widget-wrap\">\n\t\t\t\t\t\t\t\t\t<\/div>\n\t\t<\/div>\n\t\t\t\t\t\t\t<\/div>\n\t\t<\/section>\n\t\t\t\t<section class=\"elementor-section elementor-top-section elementor-element elementor-element-4b80ca2f elementor-section-boxed elementor-section-height-default elementor-section-height-default\" data-id=\"4b80ca2f\" data-element_type=\"section\">\n\t\t\t\t\t\t<div class=\"elementor-container elementor-column-gap-default\">\n\t\t\t\t\t<div class=\"elementor-column elementor-col-100 elementor-top-column elementor-element elementor-element-5b22415c\" data-id=\"5b22415c\" data-element_type=\"column\">\n\t\t\t<div class=\"elementor-widget-wrap\">\n\t\t\t\t\t\t\t\t\t<\/div>\n\t\t<\/div>\n\t\t\t\t\t\t\t<\/div>\n\t\t<\/section>\n\t\t\t\t<section class=\"elementor-section elementor-top-section elementor-element elementor-element-369809b3 elementor-section-boxed elementor-section-height-default elementor-section-height-default\" data-id=\"369809b3\" data-element_type=\"section\" data-settings=\"{&quot;background_background&quot;:&quot;classic&quot;}\">\n\t\t\t\t\t\t<div class=\"elementor-container elementor-column-gap-default\">\n\t\t\t\t\t<div class=\"elementor-column elementor-col-50 elementor-top-column elementor-element elementor-element-4cf9040e\" data-id=\"4cf9040e\" data-element_type=\"column\">\n\t\t\t<div class=\"elementor-widget-wrap elementor-element-populated\">\n\t\t\t\t\t\t\t\t<div class=\"elementor-element elementor-element-7d81ad16 elementor-absolute elementor-widget elementor-widget-image\" data-id=\"7d81ad16\" data-element_type=\"widget\" data-settings=\"{&quot;_position&quot;:&quot;absolute&quot;}\" data-widget_type=\"image.default\">\n\t\t\t\t<div class=\"elementor-widget-container\">\n\t\t\t\t\t<div class=\"elementor-image\">\n\t\t\t\t\t\t\t\t\t\t<img width=\"318\" height=\"398\" src=\"https:\/\/james.com.ec\/wp-content\/uploads\/2021\/02\/dot-aksen.png\" class=\"attachment-full size-full\" alt=\"\" srcset=\"https:\/\/james.com.ec\/wp-content\/uploads\/2021\/02\/dot-aksen.png 318w, https:\/\/james.com.ec\/wp-content\/uploads\/2021\/02\/dot-aksen-240x300.png 240w\" sizes=\"(max-width: 318px) 100vw, 318px\" \/>\t\t\t\t\t\t\t\t\t\t\t<\/div>\n\t\t\t\t<\/div>\n\t\t\t\t<\/div>\n\t\t\t\t<div class=\"elementor-element elementor-element-61b2b31a elementor-widget elementor-widget-image\" data-id=\"61b2b31a\" data-element_type=\"widget\" data-widget_type=\"image.default\">\n\t\t\t\t<div class=\"elementor-widget-container\">\n\t\t\t\t\t<div class=\"elementor-image\">\n\t\t\t\t\t\t\t\t\t\t<img src=\"https:\/\/james.com.ec\/wp-content\/uploads\/elementor\/thumbs\/bachillerato-en-guayaqul-pmag0g5rcaehggfyhw4vz6ilv8rtflschu2jdmq62s.jpg\" title=\"bachillerato-en-guayaqul\" alt=\"bachillerato-en-guayaqul\" \/>\t\t\t\t\t\t\t\t\t\t\t<\/div>\n\t\t\t\t<\/div>\n\t\t\t\t<\/div>\n\t\t\t\t<div class=\"elementor-element elementor-element-1c602d63 elementor-widget__width-initial elementor-widget elementor-widget-heading\" data-id=\"1c602d63\" data-element_type=\"widget\" data-widget_type=\"heading.default\">\n\t\t\t\t<div class=\"elementor-widget-container\">\n\t\t\t<h3 class=\"elementor-heading-title elementor-size-default\"><a href=\"https:\/\/james.com.ec\/wp-content\/uploads\/2022\/03\/TITULO-DE-BACHILLER_compressed.pdf\">Ver t\u00edtulo modelo (Haz click aqui)<\/a><\/h3>\t\t<\/div>\n\t\t\t\t<\/div>\n\t\t\t\t<div class=\"elementor-element elementor-element-4c7ab37a elementor-widget__width-initial elementor-hidden-phone elementor-widget elementor-widget-spacer\" data-id=\"4c7ab37a\" data-element_type=\"widget\" data-widget_type=\"spacer.default\">\n\t\t\t\t<div class=\"elementor-widget-container\">\n\t\t\t\t\t<div class=\"elementor-spacer\">\n\t\t\t<div class=\"elementor-spacer-inner\"><\/div>\n\t\t<\/div>\n\t\t\t\t<\/div>\n\t\t\t\t<\/div>\n\t\t\t\t\t<\/div>\n\t\t<\/div>\n\t\t\t\t<div class=\"elementor-column elementor-col-50 elementor-top-column elementor-element elementor-element-26cf008c\" data-id=\"26cf008c\" data-element_type=\"column\">\n\t\t\t<div class=\"elementor-widget-wrap elementor-element-populated\">\n\t\t\t\t\t\t\t\t<div class=\"elementor-element elementor-element-213d2657 elementor-widget elementor-widget-image-carousel\" data-id=\"213d2657\" data-element_type=\"widget\" data-settings=\"{&quot;slides_to_show&quot;:&quot;4&quot;,&quot;navigation&quot;:&quot;none&quot;,&quot;autoplay&quot;:&quot;yes&quot;,&quot;pause_on_hover&quot;:&quot;yes&quot;,&quot;pause_on_interaction&quot;:&quot;yes&quot;,&quot;autoplay_speed&quot;:5000,&quot;infinite&quot;:&quot;yes&quot;,&quot;speed&quot;:500}\" data-widget_type=\"image-carousel.default\">\n\t\t\t\t<div class=\"elementor-widget-container\">\n\t\t\t\t\t<div class=\"elementor-image-carousel-wrapper swiper-container\" dir=\"ltr\">\n\t\t\t<div class=\"elementor-image-carousel swiper-wrapper\">\n\t\t\t\t<div class=\"swiper-slide\"><figure class=\"swiper-slide-inner\"><img class=\"swiper-slide-image\" src=\"https:\/\/james.com.ec\/wp-content\/uploads\/2021\/02\/ministerio-de-educacion-avalado-james-guayaquil.jpg\" alt=\"ministerio-de-educaci&#039;on-avalado-james-guayaquil\" \/><\/figure><\/div>\t\t\t<\/div>\n\t\t\t\t\t<\/div>\n\t\t\t\t<\/div>\n\t\t\t\t<\/div>\n\t\t\t\t<section class=\"elementor-section elementor-inner-section elementor-element elementor-element-33b2b808 elementor-section-boxed elementor-section-height-default elementor-section-height-default\" data-id=\"33b2b808\" data-element_type=\"section\" data-settings=\"{&quot;background_background&quot;:&quot;classic&quot;}\">\n\t\t\t\t\t\t<div class=\"elementor-container elementor-column-gap-default\">\n\t\t\t\t\t<div class=\"elementor-column elementor-col-66 elementor-inner-column elementor-element elementor-element-27d53329\" data-id=\"27d53329\" data-element_type=\"column\">\n\t\t\t<div class=\"elementor-widget-wrap elementor-element-populated\">\n\t\t\t\t\t\t\t\t<div class=\"elementor-element elementor-element-4a148c8b elementor-widget elementor-widget-heading\" data-id=\"4a148c8b\" data-element_type=\"widget\" data-widget_type=\"heading.default\">\n\t\t\t\t<div class=\"elementor-widget-container\">\n\t\t\t<h5 class=\"elementor-heading-title elementor-size-default\">T\u00edtulos avalados por el MINEDUC<\/h5>\t\t<\/div>\n\t\t\t\t<\/div>\n\t\t\t\t\t<\/div>\n\t\t<\/div>\n\t\t\t\t<div class=\"elementor-column elementor-col-33 elementor-inner-column elementor-element elementor-element-1f9525c7\" data-id=\"1f9525c7\" data-element_type=\"column\">\n\t\t\t<div class=\"elementor-widget-wrap elementor-element-populated\">\n\t\t\t\t\t\t\t\t<div class=\"elementor-element elementor-element-644a1819 elementor-align-right elementor-mobile-align-center elementor-widget elementor-widget-button\" data-id=\"644a1819\" data-element_type=\"widget\" data-widget_type=\"button.default\">\n\t\t\t\t<div class=\"elementor-widget-container\">\n\t\t\t\t\t<div class=\"elementor-button-wrapper\">\n\t\t\t<a href=\"https:\/\/servicios.educacion.gob.ec\/titulacion25-web\/faces\/paginas\/consulta-titulos-refrendados.xhtml\" class=\"elementor-button-link elementor-button elementor-size-md\" role=\"button\">\n\t\t\t\t\t\t<span class=\"elementor-button-content-wrapper\">\n\t\t\t\t\t\t<span class=\"elementor-button-text\">Revisar t\u00edtulos validados<\/span>\n\t\t<\/span>\n\t\t\t\t\t<\/a>\n\t\t<\/div>\n\t\t\t\t<\/div>\n\t\t\t\t<\/div>\n\t\t\t\t\t<\/div>\n\t\t<\/div>\n\t\t\t\t\t\t\t<\/div>\n\t\t<\/section>\n\t\t\t\t\t<\/div>\n\t\t<\/div>\n\t\t\t\t\t\t\t<\/div>\n\t\t<\/section>\n\t\t\t\t<section class=\"elementor-section elementor-top-section elementor-element elementor-element-8ea0f45 elementor-section-boxed elementor-section-height-default elementor-section-height-default\" data-id=\"8ea0f45\" data-element_type=\"section\">\n\t\t\t\t\t\t<div class=\"elementor-container elementor-column-gap-default\">\n\t\t\t\t\t\t\t\t<\/div>\n\t\t<\/section>\n\t\t\t\t<section class=\"elementor-section elementor-top-section elementor-element elementor-element-3443e308 elementor-section-boxed elementor-section-height-default elementor-section-height-default\" data-id=\"3443e308\" data-element_type=\"section\" data-settings=\"{&quot;background_background&quot;:&quot;classic&quot;}\">\n\t\t\t\t\t\t<div class=\"elementor-container elementor-column-gap-default\">\n\t\t\t\t\t<div class=\"elementor-column elementor-col-100 elementor-top-column elementor-element elementor-element-56d50ed0\" data-id=\"56d50ed0\" data-element_type=\"column\">\n\t\t\t<div class=\"elementor-widget-wrap elementor-element-populated\">\n\t\t\t\t\t\t\t\t<div class=\"elementor-element elementor-element-775e72fe elementor-widget elementor-widget-heading\" data-id=\"775e72fe\" data-element_type=\"widget\" data-widget_type=\"heading.default\">\n\t\t\t\t<div class=\"elementor-widget-container\">\n\t\t\t<h2 class=\"elementor-heading-title elementor-size-default\">\"El aprendizaje nunca cansa a la mente\".-Leonardo Da Vinci<\/h2>\t\t<\/div>\n\t\t\t\t<\/div>\n\t\t\t\t<div class=\"elementor-element elementor-element-5615c803 elementor-widget elementor-widget-text-editor\" data-id=\"5615c803\" data-element_type=\"widget\" data-widget_type=\"text-editor.default\">\n\t\t\t\t<div class=\"elementor-widget-container\">\n\t\t\t\t\t<div class=\"elementor-text-editor elementor-clearfix\"><p><span style=\"color: #ffffff;\">&#8220;La\u00a0educaci\u00f3n ayuda a la\u00a0<a style=\"color: #ffffff;\" title=\"\u201cMi hija va a crecer al lado de una persona que come sano\u201d\" href=\"https:\/\/www.serpadres.es\/embarazo\/parto-posparto\/articulo\/mi-hija-va-a-crecer-al-lado-de-una-persona-que-come-sano\">persona<\/a>\u00a0a aprender a ser lo que es capaz de ser&#8221;<\/span><\/p><\/div>\n\t\t\t\t<\/div>\n\t\t\t\t<\/div>\n\t\t\t\t\t<\/div>\n\t\t<\/div>\n\t\t\t\t\t\t\t<\/div>\n\t\t<\/section>\n\t\t\t\t\t\t<\/div>\n\t\t\t\t\t<\/div>\n\t\t","protected":false},"excerpt":{"rendered":"<p>Ver t\u00edtulo Ver t\u00edtulo modelo (Haz click aqui) T\u00edtulos avalados por el MINEDUC Revisar t\u00edtulos validados &#8220;El aprendizaje nunca cansa a la mente&#8221;.-Leonardo Da Vinci &#8220;La\u00a0educaci\u00f3n ayuda a la\u00a0persona\u00a0a aprender a ser lo que es capaz de ser&#8221;<\/p>\n","protected":false},"author":1,"featured_media":0,"parent":0,"menu_order":0,"comment_status":"closed","ping_status":"closed","template":"elementor_header_footer","meta":[],"yoast_head":"<!-- This site is optimized with the Yoast SEO plugin v18.1 - https:\/\/yoast.com\/wordpress\/plugins\/seo\/ -->\n<title>Ver t\u00edtulo - Boos<\/title>\n<meta name=\"robots\" content=\"index, follow, max-snippet:-1, max-image-preview:large, max-video-preview:-1\" \/>\n<link rel=\"canonical\" href=\"https:\/\/james.com.ec\/?page_id=1123\" \/>\n<meta property=\"og:locale\" content=\"en_US\" \/>\n<meta property=\"og:type\" content=\"article\" \/>\n<meta property=\"og:title\" content=\"Ver t\u00edtulo - Boos\" \/>\n<meta property=\"og:description\" content=\"Ver t\u00edtulo Ver t\u00edtulo modelo (Haz click aqui) T\u00edtulos avalados por el MINEDUC Revisar t\u00edtulos validados &#8220;El aprendizaje nunca cansa a la mente&#8221;.-Leonardo Da Vinci &#8220;La\u00a0educaci\u00f3n ayuda a la\u00a0persona\u00a0a aprender a ser lo que es capaz de ser&#8221;\" \/>\n<meta property=\"og:url\" content=\"https:\/\/james.com.ec\/?page_id=1123\" \/>\n<meta property=\"og:site_name\" content=\"Boos\" \/>\n<meta property=\"article:modified_time\" content=\"2022-03-23T13:04:36+00:00\" \/>\n<meta property=\"og:image\" content=\"https:\/\/james.com.ec\/wp-content\/uploads\/2021\/02\/dot-aksen.png\" \/>\n<meta name=\"twitter:card\" content=\"summary_large_image\" \/>\n<meta name=\"twitter:label1\" content=\"Est. reading time\" \/>\n\t<meta name=\"twitter:data1\" content=\"1 minute\" \/>\n<script type=\"application\/ld+json\" class=\"yoast-schema-graph\">{\"@context\":\"https:\/\/schema.org\",\"@graph\":[{\"@type\":\"WebSite\",\"@id\":\"https:\/\/james.com.ec\/#website\",\"url\":\"https:\/\/james.com.ec\/\",\"name\":\"Boos\",\"description\":\"Just another Template Kit 2 Sites site\",\"potentialAction\":[{\"@type\":\"SearchAction\",\"target\":{\"@type\":\"EntryPoint\",\"urlTemplate\":\"https:\/\/james.com.ec\/?s={search_term_string}\"},\"query-input\":\"required name=search_term_string\"}],\"inLanguage\":\"en-US\"},{\"@type\":\"ImageObject\",\"@id\":\"https:\/\/james.com.ec\/?page_id=1123#primaryimage\",\"inLanguage\":\"en-US\",\"url\":\"https:\/\/james.com.ec\/wp-content\/uploads\/2021\/02\/dot-aksen.png\",\"contentUrl\":\"https:\/\/james.com.ec\/wp-content\/uploads\/2021\/02\/dot-aksen.png\",\"width\":318,\"height\":398},{\"@type\":\"WebPage\",\"@id\":\"https:\/\/james.com.ec\/?page_id=1123#webpage\",\"url\":\"https:\/\/james.com.ec\/?page_id=1123\",\"name\":\"Ver t\u00edtulo - Boos\",\"isPartOf\":{\"@id\":\"https:\/\/james.com.ec\/#website\"},\"primaryImageOfPage\":{\"@id\":\"https:\/\/james.com.ec\/?page_id=1123#primaryimage\"},\"datePublished\":\"2022-03-23T12:30:05+00:00\",\"dateModified\":\"2022-03-23T13:04:36+00:00\",\"breadcrumb\":{\"@id\":\"https:\/\/james.com.ec\/?page_id=1123#breadcrumb\"},\"inLanguage\":\"en-US\",\"potentialAction\":[{\"@type\":\"ReadAction\",\"target\":[\"https:\/\/james.com.ec\/?page_id=1123\"]}]},{\"@type\":\"BreadcrumbList\",\"@id\":\"https:\/\/james.com.ec\/?page_id=1123#breadcrumb\",\"itemListElement\":[{\"@type\":\"ListItem\",\"position\":1,\"name\":\"Home\",\"item\":\"https:\/\/james.com.ec\/\"},{\"@type\":\"ListItem\",\"position\":2,\"name\":\"Ver t\u00edtulo\"}]}]}<\/script>\n<!-- \/ Yoast SEO plugin. -->","yoast_head_json":{"title":"Ver t\u00edtulo - Boos","robots":{"index":"index","follow":"follow","max-snippet":"max-snippet:-1","max-image-preview":"max-image-preview:large","max-video-preview":"max-video-preview:-1"},"canonical":"https:\/\/james.com.ec\/?page_id=1123","og_locale":"en_US","og_type":"article","og_title":"Ver t\u00edtulo - Boos","og_description":"Ver t\u00edtulo Ver t\u00edtulo modelo (Haz click aqui) T\u00edtulos avalados por el MINEDUC Revisar t\u00edtulos validados &#8220;El aprendizaje nunca cansa a la mente&#8221;.-Leonardo Da Vinci &#8220;La\u00a0educaci\u00f3n ayuda a la\u00a0persona\u00a0a aprender a ser lo que es capaz de ser&#8221;","og_url":"https:\/\/james.com.ec\/?page_id=1123","og_site_name":"Boos","article_modified_time":"2022-03-23T13:04:36+00:00","og_image":[{"url":"https:\/\/james.com.ec\/wp-content\/uploads\/2021\/02\/dot-aksen.png"}],"twitter_card":"summary_large_image","twitter_misc":{"Est. reading time":"1 minute"},"schema":{"@context":"https:\/\/schema.org","@graph":[{"@type":"WebSite","@id":"https:\/\/james.com.ec\/#website","url":"https:\/\/james.com.ec\/","name":"Boos","description":"Just another Template Kit 2 Sites site","potentialAction":[{"@type":"SearchAction","target":{"@type":"EntryPoint","urlTemplate":"https:\/\/james.com.ec\/?s={search_term_string}"},"query-input":"required name=search_term_string"}],"inLanguage":"en-US"},{"@type":"ImageObject","@id":"https:\/\/james.com.ec\/?page_id=1123#primaryimage","inLanguage":"en-US","url":"https:\/\/james.com.ec\/wp-content\/uploads\/2021\/02\/dot-aksen.png","contentUrl":"https:\/\/james.com.ec\/wp-content\/uploads\/2021\/02\/dot-aksen.png","width":318,"height":398},{"@type":"WebPage","@id":"https:\/\/james.com.ec\/?page_id=1123#webpage","url":"https:\/\/james.com.ec\/?page_id=1123","name":"Ver t\u00edtulo - Boos","isPartOf":{"@id":"https:\/\/james.com.ec\/#website"},"primaryImageOfPage":{"@id":"https:\/\/james.com.ec\/?page_id=1123#primaryimage"},"datePublished":"2022-03-23T12:30:05+00:00","dateModified":"2022-03-23T13:04:36+00:00","breadcrumb":{"@id":"https:\/\/james.com.ec\/?page_id=1123#breadcrumb"},"inLanguage":"en-US","potentialAction":[{"@type":"ReadAction","target":["https:\/\/james.com.ec\/?page_id=1123"]}]},{"@type":"BreadcrumbList","@id":"https:\/\/james.com.ec\/?page_id=1123#breadcrumb","itemListElement":[{"@type":"ListItem","position":1,"name":"Home","item":"https:\/\/james.com.ec\/"},{"@type":"ListItem","position":2,"name":"Ver t\u00edtulo"}]}]}},"_links":{"self":[{"href":"https:\/\/james.com.ec\/index.php?rest_route=\/wp\/v2\/pages\/1123"}],"collection":[{"href":"https:\/\/james.com.ec\/index.php?rest_route=\/wp\/v2\/pages"}],"about":[{"href":"https:\/\/james.com.ec\/index.php?rest_route=\/wp\/v2\/types\/page"}],"author":[{"embeddable":true,"href":"https:\/\/james.com.ec\/index.php?rest_route=\/wp\/v2\/users\/1"}],"replies":[{"embeddable":true,"href":"https:\/\/james.com.ec\/index.php?rest_route=%2Fwp%2Fv2%2Fcomments&post=1123"}],"version-history":[{"count":22,"href":"https:\/\/james.com.ec\/index.php?rest_route=\/wp\/v2\/pages\/1123\/revisions"}],"predecessor-version":[{"id":1153,"href":"https:\/\/james.com.ec\/index.php?rest_route=\/wp\/v2\/pages\/1123\/revisions\/1153"}],"wp:attachment":[{"href":"https:\/\/james.com.ec\/index.php?rest_route=%2Fwp%2Fv2%2Fmedia&parent=1123"}],"curies":[{"name":"wp","href":"https:\/\/api.w.org\/{rel}","templated":true}]}}