{"id":1113,"date":"2022-03-22T12:22:56","date_gmt":"2022-03-22T12:22:56","guid":{"rendered":"https:\/\/james.com.ec\/?page_id=1113"},"modified":"2023-03-15T18:11:22","modified_gmt":"2023-03-15T18:11:22","slug":"locaciones","status":"publish","type":"page","link":"https:\/\/james.com.ec\/?page_id=1113","title":{"rendered":"Locaciones"},"content":{"rendered":"\t\t<div data-elementor-type=\"wp-page\" data-elementor-id=\"1113\" class=\"elementor elementor-1113\" data-elementor-settings=\"[]\">\n\t\t\t\t\t\t\t<div class=\"elementor-section-wrap\">\n\t\t\t\t\t\t\t<section class=\"elementor-section elementor-top-section elementor-element elementor-element-5aa2b32e elementor-section-boxed elementor-section-height-default elementor-section-height-default\" data-id=\"5aa2b32e\" data-element_type=\"section\" data-settings=\"{&quot;background_background&quot;:&quot;classic&quot;}\">\n\t\t\t\t\t\t\t<div class=\"elementor-background-overlay\"><\/div>\n\t\t\t\t\t\t\t<div class=\"elementor-container elementor-column-gap-default\">\n\t\t\t\t\t<div class=\"elementor-column elementor-col-50 elementor-top-column elementor-element elementor-element-72260bed\" data-id=\"72260bed\" data-element_type=\"column\">\n\t\t\t<div class=\"elementor-widget-wrap elementor-element-populated\">\n\t\t\t\t\t\t\t\t<div class=\"elementor-element elementor-element-1d3dcb1b elementor-widget elementor-widget-heading\" data-id=\"1d3dcb1b\" data-element_type=\"widget\" data-widget_type=\"heading.default\">\n\t\t\t\t<div class=\"elementor-widget-container\">\n\t\t\t<h1 class=\"elementor-heading-title elementor-size-default\">Conoce nuestras <\/h1>\t\t<\/div>\n\t\t\t\t<\/div>\n\t\t\t\t<div class=\"elementor-element elementor-element-6ae8e453 elementor-widget elementor-widget-text-editor\" data-id=\"6ae8e453\" data-element_type=\"widget\" data-widget_type=\"text-editor.default\">\n\t\t\t\t<div class=\"elementor-widget-container\">\n\t\t\t\t\t<div class=\"elementor-text-editor elementor-clearfix\"><p>Locaciones \/ oficinas<\/p><\/div>\n\t\t\t\t<\/div>\n\t\t\t\t<\/div>\n\t\t\t\t\t<\/div>\n\t\t<\/div>\n\t\t\t\t<div class=\"elementor-column elementor-col-50 elementor-top-column elementor-element elementor-element-7b5f57f3\" data-id=\"7b5f57f3\" data-element_type=\"column\">\n\t\t\t<div class=\"elementor-widget-wrap\">\n\t\t\t\t\t\t\t\t\t<\/div>\n\t\t<\/div>\n\t\t\t\t\t\t\t<\/div>\n\t\t<\/section>\n\t\t\t\t<section class=\"elementor-section elementor-top-section elementor-element elementor-element-3c2fb318 elementor-section-boxed elementor-section-height-default elementor-section-height-default\" data-id=\"3c2fb318\" data-element_type=\"section\" data-settings=\"{&quot;background_background&quot;:&quot;classic&quot;}\">\n\t\t\t\t\t\t<div class=\"elementor-container elementor-column-gap-default\">\n\t\t\t\t\t<div class=\"elementor-column elementor-col-100 elementor-top-column elementor-element elementor-element-44b5e9a3\" data-id=\"44b5e9a3\" data-element_type=\"column\">\n\t\t\t<div class=\"elementor-widget-wrap elementor-element-populated\">\n\t\t\t\t\t\t\t\t<section class=\"elementor-section elementor-inner-section elementor-element elementor-element-2369aba9 elementor-section-boxed elementor-section-height-default elementor-section-height-default\" data-id=\"2369aba9\" data-element_type=\"section\">\n\t\t\t\t\t\t<div class=\"elementor-container elementor-column-gap-default\">\n\t\t\t\t\t<div class=\"elementor-column elementor-col-33 elementor-inner-column elementor-element elementor-element-2b742de8\" data-id=\"2b742de8\" data-element_type=\"column\">\n\t\t\t<div class=\"elementor-widget-wrap elementor-element-populated\">\n\t\t\t\t\t\t\t\t<div class=\"elementor-element elementor-element-4dbce898 pp-info-box-right elementor-widget elementor-widget-pp-info-box\" data-id=\"4dbce898\" data-element_type=\"widget\" data-settings=\"{&quot;icon_position&quot;:&quot;right&quot;}\" data-widget_type=\"pp-info-box.default\">\n\t\t\t\t<div class=\"elementor-widget-container\">\n\t\t\t\t\t<div class=\"pp-info-box-container\">\n\t\t<div class=\"pp-info-box\">\n\t\t\t\t\t\t\t<div class=\"pp-info-box-icon-wrap\">\n\t\t\t\t\t\t\t\t\t\t\t\t<span class=\"pp-info-box-icon pp-icon\">\n\t\t\t\t\t<\/span>\n\t\t\t\t\t\t\t\t\t\t\t<\/div>\n\t\t\t\t\t\t<div class=\"pp-info-box-content\">\n\t\t\t\t<div class=\"pp-info-box-title-wrap\">\n\t\t\t\t\t\t\t\t\t\t\t<div class=\"pp-info-box-title-container\" >\n\t\t\t\t\t\t\t<h4 class=\"pp-info-box-title\">\n\t\t\t\t\t\t\t\tLa Libertad\t\t\t\t\t\t\t<\/h4>\n\t\t\t\t\t\t<\/div>\n\t\t\t\t\t\t\t\t\t\t<\/div>\n\n\t\t\t\t\n\t\t\t\t\t\t\t\t\t<div class=\"pp-info-box-description\">\n\t\t\t\t\t\t<p>Edificio Principal<br \/>La Libertad<br \/>Direcci\u00f3n: Barrio Mariscal Sucre, Calle Salom\u00f3n Pinargote y Av. 4ta Esquina<br \/><br \/><\/p>\t\t\t\t\t<\/div>\n\t\t\t\t\t\t\t\t\t\t\t<\/div>\n\t\t<\/div>\n\t\t<\/div>\n\t\t\t\t<\/div>\n\t\t\t\t<\/div>\n\t\t\t\t\t<\/div>\n\t\t<\/div>\n\t\t\t\t<div class=\"elementor-column elementor-col-33 elementor-inner-column elementor-element elementor-element-1d40d26\" data-id=\"1d40d26\" data-element_type=\"column\">\n\t\t\t<div class=\"elementor-widget-wrap elementor-element-populated\">\n\t\t\t\t\t\t\t\t<div class=\"elementor-element elementor-element-446510a0 pp-info-box-right elementor-widget elementor-widget-pp-info-box\" data-id=\"446510a0\" data-element_type=\"widget\" data-settings=\"{&quot;icon_position&quot;:&quot;right&quot;}\" data-widget_type=\"pp-info-box.default\">\n\t\t\t\t<div class=\"elementor-widget-container\">\n\t\t\t\t\t<div class=\"pp-info-box-container\">\n\t\t<div class=\"pp-info-box\">\n\t\t\t\t\t\t\t<div class=\"pp-info-box-icon-wrap\">\n\t\t\t\t\t\t\t\t\t\t\t\t<span class=\"pp-info-box-icon pp-icon\">\n\t\t\t\t\t<\/span>\n\t\t\t\t\t\t\t\t\t\t\t<\/div>\n\t\t\t\t\t\t<div class=\"pp-info-box-content\">\n\t\t\t\t<div class=\"pp-info-box-title-wrap\">\n\t\t\t\t\t\t\t\t\t\t\t<div class=\"pp-info-box-title-container\" >\n\t\t\t\t\t\t\t<h4 class=\"pp-info-box-title\">\n\t\t\t\t\t\t\t\tGuayaquil\t\t\t\t\t\t\t<\/h4>\n\t\t\t\t\t\t<\/div>\n\t\t\t\t\t\t\t\t\t\t<\/div>\n\n\t\t\t\t\n\t\t\t\t\t\t\t\t\t<div class=\"pp-info-box-description\">\n\t\t\t\t\t\t<p>Guayaquil<\/p><p>Direcci\u00f3n: Av. 9 de Octubre 411 y Chile Planta Baja Local: # 6<br \/><br \/><\/p>\t\t\t\t\t<\/div>\n\t\t\t\t\t\t\t\t\t\t\t<\/div>\n\t\t<\/div>\n\t\t<\/div>\n\t\t\t\t<\/div>\n\t\t\t\t<\/div>\n\t\t\t\t\t<\/div>\n\t\t<\/div>\n\t\t\t\t<div class=\"elementor-column elementor-col-33 elementor-inner-column elementor-element elementor-element-6baba1a\" data-id=\"6baba1a\" data-element_type=\"column\">\n\t\t\t<div class=\"elementor-widget-wrap\">\n\t\t\t\t\t\t\t\t\t<\/div>\n\t\t<\/div>\n\t\t\t\t\t\t\t<\/div>\n\t\t<\/section>\n\t\t\t\t<section class=\"elementor-section elementor-inner-section elementor-element elementor-element-27da1fd0 elementor-section-boxed elementor-section-height-default elementor-section-height-default\" data-id=\"27da1fd0\" data-element_type=\"section\">\n\t\t\t\t\t\t<div class=\"elementor-container elementor-column-gap-default\">\n\t\t\t\t\t<div class=\"elementor-column elementor-col-33 elementor-inner-column elementor-element elementor-element-5e01aa0a\" data-id=\"5e01aa0a\" data-element_type=\"column\">\n\t\t\t<div class=\"elementor-widget-wrap elementor-element-populated\">\n\t\t\t\t\t\t\t\t<div class=\"elementor-element elementor-element-28916683 pp-info-box-right elementor-widget elementor-widget-pp-info-box\" data-id=\"28916683\" data-element_type=\"widget\" data-settings=\"{&quot;icon_position&quot;:&quot;right&quot;}\" data-widget_type=\"pp-info-box.default\">\n\t\t\t\t<div class=\"elementor-widget-container\">\n\t\t\t\t\t<div class=\"pp-info-box-container\">\n\t\t<div class=\"pp-info-box\">\n\t\t\t\t\t\t\t<div class=\"pp-info-box-icon-wrap\">\n\t\t\t\t\t\t\t\t\t\t\t\t<span class=\"pp-info-box-icon pp-icon\">\n\t\t\t\t\t<\/span>\n\t\t\t\t\t\t\t\t\t\t\t<\/div>\n\t\t\t\t\t\t<div class=\"pp-info-box-content\">\n\t\t\t\t<div class=\"pp-info-box-title-wrap\">\n\t\t\t\t\t\t\t\t\t\t\t<div class=\"pp-info-box-title-container\" >\n\t\t\t\t\t\t\t<h4 class=\"pp-info-box-title\">\n\t\t\t\t\t\t\t\tDur\u00e1n\t\t\t\t\t\t\t<\/h4>\n\t\t\t\t\t\t<\/div>\n\t\t\t\t\t\t\t\t\t\t<\/div>\n\n\t\t\t\t\n\t\t\t\t\t\t\t\t\t<div class=\"pp-info-box-description\">\n\t\t\t\t\t\t<p>Direcci\u00f3n: Km 3.5 V\u00eda Dur\u00e1n &#8211; Tambo, Edificio &#8220;Dur\u00e1n Business Center&#8221; Piso 5, Of 514.<\/p><p>(Dur\u00e1n &#8211; Ecuador)<\/p><p>\u00a0<\/p>\t\t\t\t\t<\/div>\n\t\t\t\t\t\t\t\t\t\t\t<\/div>\n\t\t<\/div>\n\t\t<\/div>\n\t\t\t\t<\/div>\n\t\t\t\t<\/div>\n\t\t\t\t\t<\/div>\n\t\t<\/div>\n\t\t\t\t<div class=\"elementor-column elementor-col-33 elementor-inner-column elementor-element elementor-element-2fa5f696\" data-id=\"2fa5f696\" data-element_type=\"column\">\n\t\t\t<div class=\"elementor-widget-wrap elementor-element-populated\">\n\t\t\t\t\t\t\t\t<div class=\"elementor-element elementor-element-1efb3a04 pp-info-box-right elementor-widget elementor-widget-pp-info-box\" data-id=\"1efb3a04\" data-element_type=\"widget\" data-settings=\"{&quot;icon_position&quot;:&quot;right&quot;}\" data-widget_type=\"pp-info-box.default\">\n\t\t\t\t<div class=\"elementor-widget-container\">\n\t\t\t\t\t<div class=\"pp-info-box-container\">\n\t\t<div class=\"pp-info-box\">\n\t\t\t\t\t\t\t<div class=\"pp-info-box-icon-wrap\">\n\t\t\t\t\t\t\t\t\t\t\t\t<span class=\"pp-info-box-icon pp-icon\">\n\t\t\t\t\t<\/span>\n\t\t\t\t\t\t\t\t\t\t\t<\/div>\n\t\t\t\t\t\t<div class=\"pp-info-box-content\">\n\t\t\t\t<div class=\"pp-info-box-title-wrap\">\n\t\t\t\t\t\t\t\t\t\t\t<div class=\"pp-info-box-title-container\" >\n\t\t\t\t\t\t\t<h4 class=\"pp-info-box-title\">\n\t\t\t\t\t\t\t\tMilagro\t\t\t\t\t\t\t<\/h4>\n\t\t\t\t\t\t<\/div>\n\t\t\t\t\t\t\t\t\t\t<\/div>\n\n\t\t\t\t\n\t\t\t\t\t\t\t\t\t<div class=\"pp-info-box-description\">\n\t\t\t\t\t\t<p>Direcci\u00f3n: Av. Garc\u00eda Moreno y 12 de Febrero, 2do Piso local # 28-29<br \/>Edificio Mercado Central del Municipio de Milagro.<br \/><br \/><\/p>\t\t\t\t\t<\/div>\n\t\t\t\t\t\t\t\t\t\t\t<\/div>\n\t\t<\/div>\n\t\t<\/div>\n\t\t\t\t<\/div>\n\t\t\t\t<\/div>\n\t\t\t\t\t<\/div>\n\t\t<\/div>\n\t\t\t\t<div class=\"elementor-column elementor-col-33 elementor-inner-column elementor-element elementor-element-4e08105\" data-id=\"4e08105\" data-element_type=\"column\">\n\t\t\t<div class=\"elementor-widget-wrap elementor-element-populated\">\n\t\t\t\t\t\t\t\t<div class=\"elementor-element elementor-element-7374238 pp-info-box-right elementor-widget elementor-widget-pp-info-box\" data-id=\"7374238\" data-element_type=\"widget\" data-settings=\"{&quot;icon_position&quot;:&quot;right&quot;}\" data-widget_type=\"pp-info-box.default\">\n\t\t\t\t<div class=\"elementor-widget-container\">\n\t\t\t\t\t<div class=\"pp-info-box-container\">\n\t\t<div class=\"pp-info-box\">\n\t\t\t\t\t\t\t<div class=\"pp-info-box-icon-wrap\">\n\t\t\t\t\t\t\t\t\t\t\t\t<span class=\"pp-info-box-icon pp-icon\">\n\t\t\t\t\t<\/span>\n\t\t\t\t\t\t\t\t\t\t\t<\/div>\n\t\t\t\t\t\t<div class=\"pp-info-box-content\">\n\t\t\t\t<div class=\"pp-info-box-title-wrap\">\n\t\t\t\t\t\t\t\t\t\t\t<div class=\"pp-info-box-title-container\" >\n\t\t\t\t\t\t\t<h4 class=\"pp-info-box-title\">\n\t\t\t\t\t\t\t\tMachala\t\t\t\t\t\t\t<\/h4>\n\t\t\t\t\t\t<\/div>\n\t\t\t\t\t\t\t\t\t\t<\/div>\n\n\t\t\t\t\n\t\t\t\t\t\t\t\t\t<div class=\"pp-info-box-description\">\n\t\t\t\t\t\t<p>Av. 9 de Mayo entre Bol\u00edvar y Rocafuerte, Edificio LARA, Primer piso alto, oficina 2.<\/p><p>(Diagonal al Banco de Machala, frente al parqueo).<\/p>\t\t\t\t\t<\/div>\n\t\t\t\t\t\t\t\t\t\t\t<\/div>\n\t\t<\/div>\n\t\t<\/div>\n\t\t\t\t<\/div>\n\t\t\t\t<\/div>\n\t\t\t\t\t<\/div>\n\t\t<\/div>\n\t\t\t\t\t\t\t<\/div>\n\t\t<\/section>\n\t\t\t\t<section class=\"elementor-section elementor-inner-section elementor-element elementor-element-57f0908 elementor-section-boxed elementor-section-height-default elementor-section-height-default\" data-id=\"57f0908\" data-element_type=\"section\">\n\t\t\t\t\t\t<div class=\"elementor-container elementor-column-gap-default\">\n\t\t\t\t\t<div class=\"elementor-column elementor-col-33 elementor-inner-column elementor-element elementor-element-c4b1da7\" data-id=\"c4b1da7\" data-element_type=\"column\">\n\t\t\t<div class=\"elementor-widget-wrap elementor-element-populated\">\n\t\t\t\t\t\t\t\t<div class=\"elementor-element elementor-element-24b6eb6 pp-info-box-right elementor-widget elementor-widget-pp-info-box\" data-id=\"24b6eb6\" data-element_type=\"widget\" data-settings=\"{&quot;icon_position&quot;:&quot;right&quot;}\" data-widget_type=\"pp-info-box.default\">\n\t\t\t\t<div class=\"elementor-widget-container\">\n\t\t\t\t\t<div class=\"pp-info-box-container\">\n\t\t<div class=\"pp-info-box\">\n\t\t\t\t\t\t\t<div class=\"pp-info-box-icon-wrap\">\n\t\t\t\t\t\t\t\t\t\t\t\t<span class=\"pp-info-box-icon pp-icon\">\n\t\t\t\t\t<\/span>\n\t\t\t\t\t\t\t\t\t\t\t<\/div>\n\t\t\t\t\t\t<div class=\"pp-info-box-content\">\n\t\t\t\t<div class=\"pp-info-box-title-wrap\">\n\t\t\t\t\t\t\t\t\t\t\t<div class=\"pp-info-box-title-container\" >\n\t\t\t\t\t\t\t<h4 class=\"pp-info-box-title\">\n\t\t\t\t\t\t\t\tDaule\t\t\t\t\t\t\t<\/h4>\n\t\t\t\t\t\t<\/div>\n\t\t\t\t\t\t\t\t\t\t<\/div>\n\n\t\t\t\t\n\t\t\t\t\t\t\t\t\t<div class=\"pp-info-box-description\">\n\t\t\t\t\t\t<p>Padre Juan Bautista Aguirre, Frente al Malec\u00f3n de Daule, en el Centro Comercial YANCO, Local # 10<\/p>\t\t\t\t\t<\/div>\n\t\t\t\t\t\t\t\t\t\t\t<\/div>\n\t\t<\/div>\n\t\t<\/div>\n\t\t\t\t<\/div>\n\t\t\t\t<\/div>\n\t\t\t\t\t<\/div>\n\t\t<\/div>\n\t\t\t\t<div class=\"elementor-column elementor-col-33 elementor-inner-column elementor-element elementor-element-86801ac\" data-id=\"86801ac\" data-element_type=\"column\">\n\t\t\t<div class=\"elementor-widget-wrap elementor-element-populated\">\n\t\t\t\t\t\t\t\t<div class=\"elementor-element elementor-element-c29320f pp-info-box-right elementor-widget elementor-widget-pp-info-box\" data-id=\"c29320f\" data-element_type=\"widget\" data-settings=\"{&quot;icon_position&quot;:&quot;right&quot;}\" data-widget_type=\"pp-info-box.default\">\n\t\t\t\t<div class=\"elementor-widget-container\">\n\t\t\t\t\t<div class=\"pp-info-box-container\">\n\t\t<div class=\"pp-info-box\">\n\t\t\t\t\t\t\t<div class=\"pp-info-box-icon-wrap\">\n\t\t\t\t\t\t\t\t\t\t\t\t<span class=\"pp-info-box-icon pp-icon\">\n\t\t\t\t\t<\/span>\n\t\t\t\t\t\t\t\t\t\t\t<\/div>\n\t\t\t\t\t\t<div class=\"pp-info-box-content\">\n\t\t\t\t<div class=\"pp-info-box-title-wrap\">\n\t\t\t\t\t\t\t\t\t\t\t<div class=\"pp-info-box-title-container\" >\n\t\t\t\t\t\t\t<h4 class=\"pp-info-box-title\">\n\t\t\t\t\t\t\t\tQuito (R\u00e9gimen Sierra)\t\t\t\t\t\t\t<\/h4>\n\t\t\t\t\t\t<\/div>\n\t\t\t\t\t\t\t\t\t\t<\/div>\n\n\t\t\t\t\n\t\t\t\t\t\t\t\t\t<div class=\"pp-info-box-description\">\n\t\t\t\t\t\t<p>Av:10 de Agosto N 21-235 y San Gregorio, Edificio San Miguel, Planta Baja Local Interno # 2<\/p>\t\t\t\t\t<\/div>\n\t\t\t\t\t\t\t\t\t\t\t<\/div>\n\t\t<\/div>\n\t\t<\/div>\n\t\t\t\t<\/div>\n\t\t\t\t<\/div>\n\t\t\t\t\t<\/div>\n\t\t<\/div>\n\t\t\t\t<div class=\"elementor-column elementor-col-33 elementor-inner-column elementor-element elementor-element-792f8aa\" data-id=\"792f8aa\" data-element_type=\"column\">\n\t\t\t<div class=\"elementor-widget-wrap elementor-element-populated\">\n\t\t\t\t\t\t\t\t<div class=\"elementor-element elementor-element-250a9ba pp-info-box-right elementor-widget elementor-widget-pp-info-box\" data-id=\"250a9ba\" data-element_type=\"widget\" data-settings=\"{&quot;icon_position&quot;:&quot;right&quot;}\" data-widget_type=\"pp-info-box.default\">\n\t\t\t\t<div class=\"elementor-widget-container\">\n\t\t\t\t\t<div class=\"pp-info-box-container\">\n\t\t<div class=\"pp-info-box\">\n\t\t\t\t\t\t\t<div class=\"pp-info-box-icon-wrap\">\n\t\t\t\t\t\t\t\t\t\t\t\t<span class=\"pp-info-box-icon pp-icon\">\n\t\t\t\t\t<\/span>\n\t\t\t\t\t\t\t\t\t\t\t<\/div>\n\t\t\t\t\t\t<div class=\"pp-info-box-content\">\n\t\t\t\t<div class=\"pp-info-box-title-wrap\">\n\t\t\t\t\t\t\t\t\t\t\t<div class=\"pp-info-box-title-container\" >\n\t\t\t\t\t\t\t<h4 class=\"pp-info-box-title\">\n\t\t\t\t\t\t\t\tGuaranda (R\u00e9gimen Sierra)\t\t\t\t\t\t\t<\/h4>\n\t\t\t\t\t\t<\/div>\n\t\t\t\t\t\t\t\t\t\t<\/div>\n\n\t\t\t\t\n\t\t\t\t\t\t\t\t\t<div class=\"pp-info-box-description\">\n\t\t\t\t\t\t<p>Av: Manuela Ca\u00f1izares entre Pichincha y Sucre, Frente a la Escuela Gustavo Lemos, 2do Piso, Oficina # 1<\/p>\t\t\t\t\t<\/div>\n\t\t\t\t\t\t\t\t\t\t\t<\/div>\n\t\t<\/div>\n\t\t<\/div>\n\t\t\t\t<\/div>\n\t\t\t\t<\/div>\n\t\t\t\t\t<\/div>\n\t\t<\/div>\n\t\t\t\t\t\t\t<\/div>\n\t\t<\/section>\n\t\t\t\t\t<\/div>\n\t\t<\/div>\n\t\t\t\t\t\t\t<\/div>\n\t\t<\/section>\n\t\t\t\t\t\t<\/div>\n\t\t\t\t\t<\/div>\n\t\t","protected":false},"excerpt":{"rendered":"<p>Conoce nuestras Locaciones \/ oficinas La Libertad Edificio PrincipalLa LibertadDirecci\u00f3n: Barrio Mariscal Sucre, Calle Salom\u00f3n Pinargote y Av. 4ta Esquina Guayaquil Guayaquil Direcci\u00f3n: Av. 9 de Octubre 411 y Chile Planta Baja Local: # 6 Dur\u00e1n Direcci\u00f3n: Km 3.5 V\u00eda Dur\u00e1n &#8211; Tambo, Edificio &#8220;Dur\u00e1n Business Center&#8221; Piso 5, Of 514. (Dur\u00e1n &#8211; Ecuador) \u00a0 [&hellip;]<\/p>\n","protected":false},"author":1,"featured_media":0,"parent":0,"menu_order":0,"comment_status":"closed","ping_status":"closed","template":"elementor_header_footer","meta":[],"yoast_head":"<!-- This site is optimized with the Yoast SEO plugin v18.1 - https:\/\/yoast.com\/wordpress\/plugins\/seo\/ -->\n<title>Locaciones - Boos<\/title>\n<meta name=\"robots\" content=\"index, follow, max-snippet:-1, max-image-preview:large, max-video-preview:-1\" \/>\n<link rel=\"canonical\" href=\"https:\/\/james.com.ec\/?page_id=1113\" \/>\n<meta property=\"og:locale\" content=\"en_US\" \/>\n<meta property=\"og:type\" content=\"article\" \/>\n<meta property=\"og:title\" content=\"Locaciones - Boos\" \/>\n<meta property=\"og:description\" content=\"Conoce nuestras Locaciones \/ oficinas La Libertad Edificio PrincipalLa LibertadDirecci\u00f3n: Barrio Mariscal Sucre, Calle Salom\u00f3n Pinargote y Av. 4ta Esquina Guayaquil Guayaquil Direcci\u00f3n: Av. 9 de Octubre 411 y Chile Planta Baja Local: # 6 Dur\u00e1n Direcci\u00f3n: Km 3.5 V\u00eda Dur\u00e1n &#8211; Tambo, Edificio &#8220;Dur\u00e1n Business Center&#8221; Piso 5, Of 514. (Dur\u00e1n &#8211; Ecuador) \u00a0 [&hellip;]\" \/>\n<meta property=\"og:url\" content=\"https:\/\/james.com.ec\/?page_id=1113\" \/>\n<meta property=\"og:site_name\" content=\"Boos\" \/>\n<meta property=\"article:modified_time\" content=\"2023-03-15T18:11:22+00:00\" \/>\n<meta name=\"twitter:card\" content=\"summary_large_image\" \/>\n<meta name=\"twitter:label1\" content=\"Est. reading time\" \/>\n\t<meta name=\"twitter:data1\" content=\"1 minute\" \/>\n<script type=\"application\/ld+json\" class=\"yoast-schema-graph\">{\"@context\":\"https:\/\/schema.org\",\"@graph\":[{\"@type\":\"WebSite\",\"@id\":\"https:\/\/james.com.ec\/#website\",\"url\":\"https:\/\/james.com.ec\/\",\"name\":\"Boos\",\"description\":\"Just another Template Kit 2 Sites site\",\"potentialAction\":[{\"@type\":\"SearchAction\",\"target\":{\"@type\":\"EntryPoint\",\"urlTemplate\":\"https:\/\/james.com.ec\/?s={search_term_string}\"},\"query-input\":\"required name=search_term_string\"}],\"inLanguage\":\"en-US\"},{\"@type\":\"WebPage\",\"@id\":\"https:\/\/james.com.ec\/?page_id=1113#webpage\",\"url\":\"https:\/\/james.com.ec\/?page_id=1113\",\"name\":\"Locaciones - Boos\",\"isPartOf\":{\"@id\":\"https:\/\/james.com.ec\/#website\"},\"datePublished\":\"2022-03-22T12:22:56+00:00\",\"dateModified\":\"2023-03-15T18:11:22+00:00\",\"breadcrumb\":{\"@id\":\"https:\/\/james.com.ec\/?page_id=1113#breadcrumb\"},\"inLanguage\":\"en-US\",\"potentialAction\":[{\"@type\":\"ReadAction\",\"target\":[\"https:\/\/james.com.ec\/?page_id=1113\"]}]},{\"@type\":\"BreadcrumbList\",\"@id\":\"https:\/\/james.com.ec\/?page_id=1113#breadcrumb\",\"itemListElement\":[{\"@type\":\"ListItem\",\"position\":1,\"name\":\"Home\",\"item\":\"https:\/\/james.com.ec\/\"},{\"@type\":\"ListItem\",\"position\":2,\"name\":\"Locaciones\"}]}]}<\/script>\n<!-- \/ Yoast SEO plugin. -->","yoast_head_json":{"title":"Locaciones - Boos","robots":{"index":"index","follow":"follow","max-snippet":"max-snippet:-1","max-image-preview":"max-image-preview:large","max-video-preview":"max-video-preview:-1"},"canonical":"https:\/\/james.com.ec\/?page_id=1113","og_locale":"en_US","og_type":"article","og_title":"Locaciones - Boos","og_description":"Conoce nuestras Locaciones \/ oficinas La Libertad Edificio PrincipalLa LibertadDirecci\u00f3n: Barrio Mariscal Sucre, Calle Salom\u00f3n Pinargote y Av. 4ta Esquina Guayaquil Guayaquil Direcci\u00f3n: Av. 9 de Octubre 411 y Chile Planta Baja Local: # 6 Dur\u00e1n Direcci\u00f3n: Km 3.5 V\u00eda Dur\u00e1n &#8211; Tambo, Edificio &#8220;Dur\u00e1n Business Center&#8221; Piso 5, Of 514. (Dur\u00e1n &#8211; Ecuador) \u00a0 [&hellip;]","og_url":"https:\/\/james.com.ec\/?page_id=1113","og_site_name":"Boos","article_modified_time":"2023-03-15T18:11:22+00:00","twitter_card":"summary_large_image","twitter_misc":{"Est. reading time":"1 minute"},"schema":{"@context":"https:\/\/schema.org","@graph":[{"@type":"WebSite","@id":"https:\/\/james.com.ec\/#website","url":"https:\/\/james.com.ec\/","name":"Boos","description":"Just another Template Kit 2 Sites site","potentialAction":[{"@type":"SearchAction","target":{"@type":"EntryPoint","urlTemplate":"https:\/\/james.com.ec\/?s={search_term_string}"},"query-input":"required name=search_term_string"}],"inLanguage":"en-US"},{"@type":"WebPage","@id":"https:\/\/james.com.ec\/?page_id=1113#webpage","url":"https:\/\/james.com.ec\/?page_id=1113","name":"Locaciones - Boos","isPartOf":{"@id":"https:\/\/james.com.ec\/#website"},"datePublished":"2022-03-22T12:22:56+00:00","dateModified":"2023-03-15T18:11:22+00:00","breadcrumb":{"@id":"https:\/\/james.com.ec\/?page_id=1113#breadcrumb"},"inLanguage":"en-US","potentialAction":[{"@type":"ReadAction","target":["https:\/\/james.com.ec\/?page_id=1113"]}]},{"@type":"BreadcrumbList","@id":"https:\/\/james.com.ec\/?page_id=1113#breadcrumb","itemListElement":[{"@type":"ListItem","position":1,"name":"Home","item":"https:\/\/james.com.ec\/"},{"@type":"ListItem","position":2,"name":"Locaciones"}]}]}},"_links":{"self":[{"href":"https:\/\/james.com.ec\/index.php?rest_route=\/wp\/v2\/pages\/1113"}],"collection":[{"href":"https:\/\/james.com.ec\/index.php?rest_route=\/wp\/v2\/pages"}],"about":[{"href":"https:\/\/james.com.ec\/index.php?rest_route=\/wp\/v2\/types\/page"}],"author":[{"embeddable":true,"href":"https:\/\/james.com.ec\/index.php?rest_route=\/wp\/v2\/users\/1"}],"replies":[{"embeddable":true,"href":"https:\/\/james.com.ec\/index.php?rest_route=%2Fwp%2Fv2%2Fcomments&post=1113"}],"version-history":[{"count":46,"href":"https:\/\/james.com.ec\/index.php?rest_route=\/wp\/v2\/pages\/1113\/revisions"}],"predecessor-version":[{"id":1627,"href":"https:\/\/james.com.ec\/index.php?rest_route=\/wp\/v2\/pages\/1113\/revisions\/1627"}],"wp:attachment":[{"href":"https:\/\/james.com.ec\/index.php?rest_route=%2Fwp%2Fv2%2Fmedia&parent=1113"}],"curies":[{"name":"wp","href":"https:\/\/api.w.org\/{rel}","templated":true}]}}